{"id":1383,"date":"2024-05-28T12:18:44","date_gmt":"2024-05-28T16:18:44","guid":{"rendered":"https:\/\/internetatlantic.com\/?page_id=1383"},"modified":"2024-05-28T12:30:41","modified_gmt":"2024-05-28T16:30:41","slug":"accessibility","status":"publish","type":"page","link":"https:\/\/internetatlantic.com\/fr\/accessibility\/","title":{"rendered":"Accessibilit\u00e9"},"content":{"rendered":"<div id=\"fws_69d99bdf84f1f\"  data-column-margin=\"default\" data-midnight=\"dark\"  class=\"wpb_row vc_row-fluid vc_row\"  style=\"padding-top: 0px; padding-bottom: 0px; \"><div class=\"row-bg-wrap\" data-bg-animation=\"none\" data-bg-animation-delay=\"\" data-bg-overlay=\"false\"><div class=\"inner-wrap row-bg-layer\" ><div class=\"row-bg viewport-desktop\"  style=\"\"><\/div><\/div><\/div><div class=\"row_col_wrap_12 col span_12 dark left\">\n\t<div  class=\"vc_col-sm-12 wpb_column column_container vc_column_container col no-extra-padding inherit_tablet inherit_phone\"  data-padding-pos=\"all\" data-has-bg-color=\"false\" data-bg-color=\"\" data-bg-opacity=\"1\" data-animation=\"\" data-delay=\"0\" >\n\t\t<div class=\"vc_column-inner\" >\n\t\t\t<div class=\"wpb_wrapper\">\n\t\t\t\t\n<div class=\"wpb_text_column wpb_content_element\" >\n\t<div class=\"wpb_wrapper\">\n\t\t<h1 class=\"wp-block-heading\">Accessibilit\u00e9<\/h1>\n\t<\/div>\n<\/div>\n\n\n\n\n\t\t\t<\/div> \n\t\t<\/div>\n\t<\/div> \n<\/div><\/div>\n\t\t<div id=\"fws_69d99bdf85dd2\"  data-column-margin=\"default\" data-midnight=\"dark\"  class=\"wpb_row vc_row-fluid vc_row\"  style=\"padding-top: 0px; padding-bottom: 0px; \"><div class=\"row-bg-wrap\" data-bg-animation=\"none\" data-bg-animation-delay=\"\" data-bg-overlay=\"false\"><div class=\"inner-wrap row-bg-layer\" ><div class=\"row-bg viewport-desktop\"  style=\"\"><\/div><\/div><\/div><div class=\"row_col_wrap_12 col span_12 dark left\">\n\t<div  class=\"vc_col-sm-12 wpb_column column_container vc_column_container col no-extra-padding inherit_tablet inherit_phone\"  data-padding-pos=\"all\" data-has-bg-color=\"false\" data-bg-color=\"\" data-bg-opacity=\"1\" data-animation=\"\" data-delay=\"0\" >\n\t\t<div class=\"vc_column-inner\" >\n\t\t\t<div class=\"wpb_wrapper\">\n\t\t\t\t\n<div class=\"wpb_text_column wpb_content_element\" >\n\t<div class=\"wpb_wrapper\">\n\t\t<p><strong>G\u00e9n\u00e9ral<\/strong><\/p>\n<p><strong>Internet Atlantic Inc.<\/strong> s'engage \u00e0 fournir des services accessibles et \u00e0 favoriser un environnement inclusif pour tous les individus. Pour toute question ou commentaire concernant notre plan ou nos pratiques en mati\u00e8re d'accessibilit\u00e9, veuillez nous contacter :<\/p>\n<ul>\n<li>INTERNET ATLANTIC INC.<br \/>1701 Hollis St.<br \/>Suite 800<br \/>Halifax, NS B3J 3M8<\/li>\n<li>Num\u00e9ro de t\u00e9l\u00e9phone : <a href=\"https:\/\/internetatlantic.com\/fr\/privacy-policy\/\"><span class=\"menu-title-text\">1-866-211-9222<\/span><\/a><\/li>\n<li><strong>Adresse \u00e9lectronique :<\/strong> accessibility@internetatlantic.com<\/li>\n<\/ul>\n<p>Vous pouvez demander des plans d'accessibilit\u00e9 et des processus de retour d'information dans des formats alternatifs ou fournir un retour d'information en utilisant les coordonn\u00e9es ci-dessus.<\/p>\n<p><strong>Zones d'accessibilit\u00e9<\/strong><\/p>\n<p><strong>Internet Atlantic Inc.<\/strong> traite de l'accessibilit\u00e9 conform\u00e9ment aux domaines suivants de la loi sur l'accessibilit\u00e9 du Canada :<\/p>\n<ul>\n<li><strong>L'emploi :<\/strong> Nous nous effor\u00e7ons de mettre en place des pratiques de recrutement, de r\u00e9tention et d'emploi accessibles et inclusives.<\/li>\n<li><strong>L'environnement b\u00e2ti :<\/strong> Nous garantissons l'accessibilit\u00e9 des espaces physiques dans nos installations.<\/li>\n<li><strong>Technologies de l'information et de la communication (TIC) :<\/strong> Nos technologies, y compris les sites web et le contenu num\u00e9rique, sont con\u00e7ues pour \u00eatre accessibles.<\/li>\n<li><strong>Communication, autre que les TIC :<\/strong> Nous fournissons des moyens de communication accessibles autres que num\u00e9riques, tels que des documents en braille ou en gros caract\u00e8res.<\/li>\n<li><strong>L'acquisition de biens, de services et d'installations :<\/strong> Nous tenons compte des normes d'accessibilit\u00e9 lors de l'acquisition de biens et de services.<\/li>\n<li><strong>La conception et la fourniture de programmes et de services :<\/strong> Les programmes et les services sont con\u00e7us pour \u00eatre accessibles \u00e0 tous les clients.<\/li>\n<li><strong>Transport :<\/strong> Bien que cela ne soit pas directement applicable, nous veillons \u00e0 ce que les services de transport fournis soient accessibles.<\/li>\n<\/ul>\n<p><strong>Consultations<\/strong><\/p>\n<p>Notre plan d'accessibilit\u00e9 a \u00e9t\u00e9 \u00e9labor\u00e9 en consultation avec des personnes handicap\u00e9es afin de s'assurer qu'il r\u00e9pond \u00e0 leurs besoins et qu'il s'attaque aux obstacles potentiels. Le processus de consultation comprenait des enqu\u00eates et des groupes de discussion avec des personnes et des organisations de d\u00e9fense des personnes handicap\u00e9es.<\/p>\n<p><strong>Retour d'information<\/strong><\/p>\n<p><strong>Internet Atlantic Inc.<\/strong> a mis en place un processus complet de retour d'information pour recevoir et traiter les commentaires sur ses pratiques en mati\u00e8re d'accessibilit\u00e9 :<\/p>\n<ul>\n<li><strong>Canaux de retour d'information :<\/strong> Le retour d'information peut se faire par courrier, par t\u00e9l\u00e9phone, par courrier \u00e9lectronique et par d'autres m\u00e9thodes de communication.<\/li>\n<li><strong>Responsable :<\/strong> Les commentaires sont re\u00e7us et trait\u00e9s par Luigi Calabrese, pr\u00e9sident.<\/li>\n<li><strong>Remerciements :<\/strong> Tous les commentaires re\u00e7us feront l'objet d'un accus\u00e9 de r\u00e9ception dans le m\u00eame format, \u00e0 l'exception des commentaires anonymes.<\/li>\n<\/ul>\n<p><strong>Rapports d'avancement<\/strong><\/p>\n<p><strong>Internet Atlantic Inc.<\/strong> publiera des rapports d'avancement pour le premier et le deuxi\u00e8me anniversaire de l'\u00e9ch\u00e9ance de chaque plan d'accessibilit\u00e9. Ces rapports porteront sur<\/p>\n<ul>\n<li><strong>Mises \u00e0 jour g\u00e9n\u00e9rales :<\/strong> Mise \u00e0 jour des informations de contact et de la personne d\u00e9sign\u00e9e pour le retour d'information.<\/li>\n<li><strong>Progr\u00e8s dans les domaines d'accessibilit\u00e9 :<\/strong> Des mises \u00e0 jour d\u00e9taill\u00e9es sur les initiatives et les am\u00e9liorations dans tous les domaines de l'accessibilit\u00e9.<\/li>\n<li><strong>Consultations :<\/strong> Un r\u00e9sum\u00e9 de la mani\u00e8re dont nous avons consult\u00e9 les personnes handicap\u00e9es lors de la pr\u00e9paration des rapports d'avancement.<\/li>\n<li><strong>Prise en compte du retour d'information :<\/strong> Une analyse des commentaires re\u00e7us et de la mani\u00e8re dont ils ont influenc\u00e9 nos pratiques en mati\u00e8re d'accessibilit\u00e9.<\/li>\n<\/ul>\n<p>En abordant ces domaines, <strong>Internet Atlantic Inc.<\/strong> continue de s'efforcer de cr\u00e9er un environnement sans barri\u00e8res et d'am\u00e9liorer l'accessibilit\u00e9 pour tous les individus.<\/p>\n<p><strong><span data-preserver-spaces=\"true\">Contactez nous :<\/span><\/strong><span data-preserver-spaces=\"true\"> Si vous avez des questions ou des inqui\u00e9tudes concernant notre politique de confidentialit\u00e9, n'h\u00e9sitez pas \u00e0 nous contacter :<\/span><\/p>\n<p>INTERNET ATLANTIC INC.<br \/>1701 Hollis St.<br \/>Suite 800<br \/>Halifax, NS B3J 3M8<\/p>\n\t<\/div>\n<\/div>\n\n\n\n\n\t\t\t<\/div> \n\t\t<\/div>\n\t<\/div> \n<\/div><\/div>\n\t\t<div id=\"fws_69d99bdf86714\"  data-column-margin=\"default\" data-midnight=\"dark\"  class=\"wpb_row vc_row-fluid vc_row full-width-section\"  style=\"padding-top: 0px; padding-bottom: 0px; \"><div class=\"row-bg-wrap\" data-bg-animation=\"none\" data-bg-animation-delay=\"\" data-bg-overlay=\"false\"><div class=\"inner-wrap row-bg-layer\" ><div class=\"row-bg viewport-desktop\"  style=\"\"><\/div><\/div><\/div><div class=\"row_col_wrap_12 col span_12 dark left\">\n\t<div  class=\"vc_col-sm-6 wpb_column column_container vc_column_container col padding-3-percent inherit_tablet inherit_phone\"  data-padding-pos=\"all\" data-has-bg-color=\"false\" data-bg-color=\"\" data-bg-opacity=\"1\" data-animation=\"\" data-delay=\"0\" >\n\t\t<div class=\"vc_column-inner\" >\n\t\t\t<div class=\"wpb_wrapper\">\n\t\t\t\t\n<div class=\"wpb_text_column wpb_content_element\" >\n\t<div class=\"wpb_wrapper\">\n\t\t<h2>Cliquez ici pour consulter notre plan d'accessibilit\u00e9 :<\/h2>\n\t<\/div>\n<\/div>\n\n\n\n\n\t\t\t<\/div> \n\t\t<\/div>\n\t<\/div> \n\n\t<div  class=\"vc_col-sm-6 wpb_column column_container vc_column_container col padding-3-percent inherit_tablet inherit_phone\"  data-padding-pos=\"all\" data-has-bg-color=\"false\" data-bg-color=\"\" data-bg-opacity=\"1\" data-animation=\"\" data-delay=\"0\" >\n\t\t<div class=\"vc_column-inner\" >\n\t\t\t<div class=\"wpb_wrapper\">\n\t\t\t\t<a class=\"nectar-button large see-through extra-color-3\"  role=\"button\" style=\"\"  href=\"https:\/\/internetatlantic.com\/fr\/Accessibility-Plan\/\" data-color-override=\"false\" data-hover-color-override=\"false\" data-hover-text-color-override=\"#fff\"><span>Plan d'accessibilit\u00e9<\/span><\/a>\n\t\t\t<\/div> \n\t\t<\/div>\n\t<\/div> \n<\/div><\/div>\n\t\t<div id=\"fws_69d99bdf87335\"  data-column-margin=\"default\" data-midnight=\"dark\"  class=\"wpb_row vc_row-fluid vc_row full-width-section\"  style=\"padding-top: 0px; padding-bottom: 0px; \"><div class=\"row-bg-wrap\" data-bg-animation=\"none\" data-bg-animation-delay=\"\" data-bg-overlay=\"false\"><div class=\"inner-wrap row-bg-layer\" ><div class=\"row-bg viewport-desktop\"  style=\"\"><\/div><\/div><\/div><div class=\"row_col_wrap_12 col span_12 dark left\">\n\t<div  class=\"vc_col-sm-6 wpb_column column_container vc_column_container col padding-3-percent inherit_tablet inherit_phone\"  data-padding-pos=\"all\" data-has-bg-color=\"false\" data-bg-color=\"\" data-bg-opacity=\"1\" data-animation=\"\" data-delay=\"0\" >\n\t\t<div class=\"vc_column-inner\" >\n\t\t\t<div class=\"wpb_wrapper\">\n\t\t\t\t\n<div class=\"wpb_text_column wpb_content_element\" >\n\t<div class=\"wpb_wrapper\">\n\t\t<h2>Cliquez ici pour consulter notre rapport d'avancement sur l'accessibilit\u00e9 :<\/h2>\n\t<\/div>\n<\/div>\n\n\n\n\n\t\t\t<\/div> \n\t\t<\/div>\n\t<\/div> \n\n\t<div  class=\"vc_col-sm-6 wpb_column column_container vc_column_container col padding-3-percent inherit_tablet inherit_phone\"  data-padding-pos=\"all\" data-has-bg-color=\"false\" data-bg-color=\"\" data-bg-opacity=\"1\" data-animation=\"\" data-delay=\"0\" >\n\t\t<div class=\"vc_column-inner\" >\n\t\t\t<div class=\"wpb_wrapper\">\n\t\t\t\t<a class=\"nectar-button large see-through extra-color-3\"  role=\"button\" style=\"\"  href=\"https:\/\/internetatlantic.com\/fr\/Accessibility-Progress-Report\/\" data-color-override=\"false\" data-hover-color-override=\"false\" data-hover-text-color-override=\"#fff\"><span>Rapport d'avancement sur l'accessibilit\u00e9<\/span><\/a>\n\t\t\t<\/div> \n\t\t<\/div>\n\t<\/div> \n<\/div><\/div>","protected":false},"excerpt":{"rendered":"Accessibility General Internet Atlantic Inc. is committed to providing accessible services and fostering an inclusive environment for all individuals. For any inquiries or feedback regarding our accessibility plan or practices,...","protected":false},"author":2,"featured_media":0,"parent":0,"menu_order":0,"comment_status":"closed","ping_status":"open","template":"","meta":{"footnotes":""},"class_list":["post-1383","page","type-page","status-publish"],"yoast_head":"<!-- This site is optimized with the Yoast SEO plugin v25.8 - https:\/\/yoast.com\/wordpress\/plugins\/seo\/ -->\n<title>Accessibility - Internet Atlantic - Home Internet, Phone &amp; TV<\/title>\n<meta name=\"description\" content=\"Accessibility Plan\" \/>\n<meta name=\"robots\" content=\"noindex, nofollow\" \/>\n<meta property=\"og:locale\" content=\"fr_CA\" \/>\n<meta property=\"og:type\" content=\"article\" \/>\n<meta property=\"og:title\" content=\"Accessibility - Internet Atlantic - Home Internet, Phone &amp; TV\" \/>\n<meta property=\"og:description\" content=\"Accessibility Plan\" \/>\n<meta property=\"og:url\" content=\"https:\/\/internetatlantic.com\/fr\/accessibility\/\" \/>\n<meta property=\"og:site_name\" content=\"Internet Atlantic - Home Internet, Phone &amp; TV\" \/>\n<meta property=\"article:publisher\" content=\"https:\/\/www.facebook.com\/blueflagnetworks\/\" \/>\n<meta property=\"article:modified_time\" content=\"2024-05-28T16:30:41+00:00\" \/>\n<meta property=\"og:image\" content=\"https:\/\/internetatlantic.com\/wp-content\/uploads\/2022\/04\/cropped-internet-atlantic-favicon.png\" \/>\n\t<meta property=\"og:image:width\" content=\"512\" \/>\n\t<meta property=\"og:image:height\" content=\"512\" \/>\n\t<meta property=\"og:image:type\" content=\"image\/png\" \/>\n<meta name=\"twitter:card\" content=\"summary_large_image\" \/>\n<meta name=\"twitter:label1\" content=\"Estimation du temps de lecture\" \/>\n\t<meta name=\"twitter:data1\" content=\"4 minutes\" \/>\n<script type=\"application\/ld+json\" class=\"yoast-schema-graph\">{\"@context\":\"https:\/\/schema.org\",\"@graph\":[{\"@type\":\"WebPage\",\"@id\":\"https:\/\/internetatlantic.com\/accessibility\/\",\"url\":\"https:\/\/internetatlantic.com\/accessibility\/\",\"name\":\"Accessibility - Internet Atlantic - Home Internet, Phone &amp; TV\",\"isPartOf\":{\"@id\":\"https:\/\/internetatlantic.com\/#website\"},\"datePublished\":\"2024-05-28T16:18:44+00:00\",\"dateModified\":\"2024-05-28T16:30:41+00:00\",\"description\":\"Accessibility Plan\",\"inLanguage\":\"fr-CA\",\"potentialAction\":[{\"@type\":\"ReadAction\",\"target\":[\"https:\/\/internetatlantic.com\/accessibility\/\"]}]},{\"@type\":\"WebSite\",\"@id\":\"https:\/\/internetatlantic.com\/#website\",\"url\":\"https:\/\/internetatlantic.com\/\",\"name\":\"Internet Atlantic - Home Internet, Phone and TV\",\"description\":\"We offer Internet, Phone and TV services to simplify your life and save you money.\",\"publisher\":{\"@id\":\"https:\/\/internetatlantic.com\/#organization\"},\"potentialAction\":[{\"@type\":\"SearchAction\",\"target\":{\"@type\":\"EntryPoint\",\"urlTemplate\":\"https:\/\/internetatlantic.com\/?s={search_term_string}\"},\"query-input\":{\"@type\":\"PropertyValueSpecification\",\"valueRequired\":true,\"valueName\":\"search_term_string\"}}],\"inLanguage\":\"fr-CA\"},{\"@type\":\"Organization\",\"@id\":\"https:\/\/internetatlantic.com\/#organization\",\"name\":\"Internet Atlantic - Home Internet, Phone and TV\",\"url\":\"https:\/\/internetatlantic.com\/\",\"logo\":{\"@type\":\"ImageObject\",\"inLanguage\":\"fr-CA\",\"@id\":\"https:\/\/internetatlantic.com\/#\/schema\/logo\/image\/\",\"url\":\"https:\/\/internetatlantic.com\/wp-content\/uploads\/2022\/04\/cropped-internet-atlantic-favicon.png\",\"contentUrl\":\"https:\/\/internetatlantic.com\/wp-content\/uploads\/2022\/04\/cropped-internet-atlantic-favicon.png\",\"width\":512,\"height\":512,\"caption\":\"Internet Atlantic - Home Internet, Phone and TV\"},\"image\":{\"@id\":\"https:\/\/internetatlantic.com\/#\/schema\/logo\/image\/\"},\"sameAs\":[\"https:\/\/www.facebook.com\/blueflagnetworks\/\",\"https:\/\/www.instagram.com\/internetatlantic\/\"]}]}<\/script>\n<!-- \/ Yoast SEO plugin. -->","yoast_head_json":{"title":"Accessibility - Internet Atlantic - Home Internet, Phone &amp; TV","description":"Plan d'accessibilit\u00e9","robots":{"index":"noindex","follow":"nofollow"},"og_locale":"fr_CA","og_type":"article","og_title":"Accessibility - Internet Atlantic - Home Internet, Phone &amp; TV","og_description":"Accessibility Plan","og_url":"https:\/\/internetatlantic.com\/fr\/accessibility\/","og_site_name":"Internet Atlantic - Home Internet, Phone &amp; TV","article_publisher":"https:\/\/www.facebook.com\/blueflagnetworks\/","article_modified_time":"2024-05-28T16:30:41+00:00","og_image":[{"width":512,"height":512,"url":"https:\/\/internetatlantic.com\/wp-content\/uploads\/2022\/04\/cropped-internet-atlantic-favicon.png","type":"image\/png"}],"twitter_card":"summary_large_image","twitter_misc":{"Estimation du temps de lecture":"4 minutes"},"schema":{"@context":"https:\/\/schema.org","@graph":[{"@type":"WebPage","@id":"https:\/\/internetatlantic.com\/accessibility\/","url":"https:\/\/internetatlantic.com\/accessibility\/","name":"Accessibility - Internet Atlantic - Home Internet, Phone &amp; TV","isPartOf":{"@id":"https:\/\/internetatlantic.com\/#website"},"datePublished":"2024-05-28T16:18:44+00:00","dateModified":"2024-05-28T16:30:41+00:00","description":"Plan d'accessibilit\u00e9","inLanguage":"fr-CA","potentialAction":[{"@type":"ReadAction","target":["https:\/\/internetatlantic.com\/accessibility\/"]}]},{"@type":"WebSite","@id":"https:\/\/internetatlantic.com\/#website","url":"https:\/\/internetatlantic.com\/","name":"Internet Atlantic - Internet, t\u00e9l\u00e9phone et t\u00e9l\u00e9vision \u00e0 domicile","description":"Nous proposons des services Internet, de t\u00e9l\u00e9phonie et de t\u00e9l\u00e9vision pour vous simplifier la vie et vous faire \u00e9conomiser de l'argent.","publisher":{"@id":"https:\/\/internetatlantic.com\/#organization"},"potentialAction":[{"@type":"SearchAction","target":{"@type":"EntryPoint","urlTemplate":"https:\/\/internetatlantic.com\/?s={search_term_string}"},"query-input":{"@type":"PropertyValueSpecification","valueRequired":true,"valueName":"search_term_string"}}],"inLanguage":"fr-CA"},{"@type":"Organization","@id":"https:\/\/internetatlantic.com\/#organization","name":"Internet Atlantic - Internet, t\u00e9l\u00e9phone et t\u00e9l\u00e9vision \u00e0 domicile","url":"https:\/\/internetatlantic.com\/","logo":{"@type":"ImageObject","inLanguage":"fr-CA","@id":"https:\/\/internetatlantic.com\/#\/schema\/logo\/image\/","url":"https:\/\/internetatlantic.com\/wp-content\/uploads\/2022\/04\/cropped-internet-atlantic-favicon.png","contentUrl":"https:\/\/internetatlantic.com\/wp-content\/uploads\/2022\/04\/cropped-internet-atlantic-favicon.png","width":512,"height":512,"caption":"Internet Atlantic - Home Internet, Phone and TV"},"image":{"@id":"https:\/\/internetatlantic.com\/#\/schema\/logo\/image\/"},"sameAs":["https:\/\/www.facebook.com\/blueflagnetworks\/","https:\/\/www.instagram.com\/internetatlantic\/"]}]}},"_links":{"self":[{"href":"https:\/\/internetatlantic.com\/fr\/wp-json\/wp\/v2\/pages\/1383","targetHints":{"allow":["GET"]}}],"collection":[{"href":"https:\/\/internetatlantic.com\/fr\/wp-json\/wp\/v2\/pages"}],"about":[{"href":"https:\/\/internetatlantic.com\/fr\/wp-json\/wp\/v2\/types\/page"}],"author":[{"embeddable":true,"href":"https:\/\/internetatlantic.com\/fr\/wp-json\/wp\/v2\/users\/2"}],"replies":[{"embeddable":true,"href":"https:\/\/internetatlantic.com\/fr\/wp-json\/wp\/v2\/comments?post=1383"}],"version-history":[{"count":4,"href":"https:\/\/internetatlantic.com\/fr\/wp-json\/wp\/v2\/pages\/1383\/revisions"}],"predecessor-version":[{"id":1387,"href":"https:\/\/internetatlantic.com\/fr\/wp-json\/wp\/v2\/pages\/1383\/revisions\/1387"}],"wp:attachment":[{"href":"https:\/\/internetatlantic.com\/fr\/wp-json\/wp\/v2\/media?parent=1383"}],"curies":[{"name":"wp","href":"https:\/\/api.w.org\/{rel}","templated":true}]}}