{"id":1719,"date":"2024-12-20T10:27:20","date_gmt":"2024-12-20T15:27:20","guid":{"rendered":"https:\/\/internetatlantic.com\/?page_id=1719"},"modified":"2024-12-23T10:54:28","modified_gmt":"2024-12-23T15:54:28","slug":"welcome-vif-internet-customers","status":"publish","type":"page","link":"https:\/\/internetatlantic.com\/fr\/welcome-vif-internet-customers\/","title":{"rendered":"Bienvenue aux clients de l'Internet VIF - L'Internet VIF est d\u00e9sormais l'Internet Atlantic."},"content":{"rendered":"<div id=\"fws_69d99bbc7493f\"  data-column-margin=\"default\" data-midnight=\"dark\"  class=\"wpb_row vc_row-fluid vc_row\"  style=\"padding-top: 0px; padding-bottom: 0px; \"><div class=\"row-bg-wrap\" data-bg-animation=\"none\" data-bg-animation-delay=\"\" data-bg-overlay=\"false\"><div class=\"inner-wrap row-bg-layer\" ><div class=\"row-bg viewport-desktop\"  style=\"\"><\/div><\/div><\/div><div class=\"row_col_wrap_12 col span_12 dark left\">\n\t<div  class=\"vc_col-sm-12 wpb_column column_container vc_column_container col no-extra-padding inherit_tablet inherit_phone\"  data-padding-pos=\"all\" data-has-bg-color=\"false\" data-bg-color=\"\" data-bg-opacity=\"1\" data-animation=\"\" data-delay=\"0\" >\n\t\t<div class=\"vc_column-inner\" >\n\t\t\t<div class=\"wpb_wrapper\">\n\t\t\t\t\n<div class=\"wpb_text_column wpb_content_element\" >\n\t<div class=\"wpb_wrapper\">\n\t\t<h1>Nouvelles passionnantes concernant votre service Internet - VIF Internet est d\u00e9sormais Internet Atlantic.<\/h1>\n\t<\/div>\n<\/div>\n\n\n\n\n<div class=\"wpb_text_column wpb_content_element\" >\n\t<div class=\"wpb_wrapper\">\n\t\t<p>Nous sommes ravis de vous faire part d'une nouvelle passionnante concernant votre service internet !<\/p>\n<p><strong>VIF Internet est d\u00e9sormais Internet Atlantic Inc.<\/strong> Internet Atlantic est une soci\u00e9t\u00e9 bien \u00e9tablie avec une couverture nationale, mais nous sommes fiers de conserver l'esprit d'une petite entreprise. Avec nous, vous n'aurez jamais l'impression de n'\u00eatre qu'un num\u00e9ro - des tarifs \u00e9quitables et une assistance exceptionnelle sont toujours \u00e0 port\u00e9e de t\u00e9l\u00e9phone, d'e-mail ou de chat.<\/p>\n<p><strong>Qu'est-ce qui ne change pas ?<\/strong><\/p>\n<ul>\n<li><strong>Votre \u00e9quipe de soutien<\/strong>: Vous pourrez toujours vous adresser au m\u00eame personnel amical et comp\u00e9tent avec lequel vous avez travaill\u00e9 au fil des ans. Notre \u00e9quipe \u00e9largie d'Internet Atlantic est l\u00e0 pour assurer un service sans faille.<\/li>\n<li><strong>Votre exp\u00e9rience en mati\u00e8re de soutien<\/strong>: Composez le m\u00eame num\u00e9ro, et nous d\u00e9crocherons le t\u00e9l\u00e9phone pour vous aider comme d'habitude.<\/li>\n<\/ul>\n<p><strong>Qu'est-ce qui s'am\u00e9liore encore ?<\/strong><\/p>\n<ul>\n<li><strong>Nouveaux produits et services<\/strong>: En collaboration avec VIF Internet, Internet Atlantic propose une gamme compl\u00e8te de services vocaux, t\u00e9l\u00e9visuels et Internet \u00e0 des vitesses et \u00e0 des prix vari\u00e9s, afin de garantir que nous disposons du produit exact que vous souhaitez et \u00e0 un tarif qui vous convient.<\/li>\n<\/ul>\n<p><strong>Parrainez un ami !<\/strong><\/p>\n<p>De nombreux clients recommandent aujourd'hui des clients, nous voulons vous r\u00e9compenser avec un bonus de $ 100, r\u00e9parti entre vous et votre ami. Vous pouvez consulter les d\u00e9tails ici : internetatlantic.com\/referrals ou internetatlantic.com\/fr\/referrals\/<\/p>\n<p><strong>Votre facturation<\/strong>: \u00c0 partir du 1er janvier 2025, l'aspect de votre facture changera.  Vous recevrez un relev\u00e9 de facturation sur Internet Atlantic.<\/p>\n<p>Nos informations de paiement figureront sur la facture du 1er janvier 2025.  Nous travaillerons avec vous pour v\u00e9rifier en toute s\u00e9curit\u00e9 les informations relatives \u00e0 votre carte de cr\u00e9dit - il s'agit d'une pr\u00e9caution pour votre protection.<\/p>\n<p><strong>Devez-vous faire quelque chose ?<\/strong><\/p>\n<p>Non ! Tout changement se fera de mani\u00e8re transparente en arri\u00e8re-plan. Votre service se poursuivra sans interruption et vous n'aurez rien \u00e0 faire.<\/p>\n<p><strong>Nous sommes l\u00e0 pour vous aider et nous vous remercions !<\/strong><\/p>\n<p>Nous sommes \u00e0 votre disposition pour r\u00e9pondre \u00e0 toutes vos questions ; il vous suffit d'appeler le m\u00eame num\u00e9ro d'assistance que celui auquel vous \u00eates habitu\u00e9, \u00e0 savoir <strong>514-353-9988<\/strong> ou <strong>1-888-321-3737<\/strong>.  N'h\u00e9sitez pas \u00e0 consulter notre site web \u00e0 l'adresse suivante <strong>internetatlantic.com<\/strong>.<\/p>\n<p>Chez Internet Atlantic, nous croyons en :<\/p>\n<ul>\n<li><strong>Taux \u00e9quitables<\/strong>: Pas d'offres de lancement sournoises qui sautent plus tard.<\/li>\n<li><strong>Des vitesses honn\u00eates<\/strong>: Nous ne vous proposerons pas de plans inutiles qui ne correspondent pas \u00e0 vos besoins.<\/li>\n<li><strong>Vous faire \u00e9conomiser de l'argent<\/strong>: Parce que vous avez travaill\u00e9 dur pour l'obtenir, et nous respectons cela.<\/li>\n<li><strong>Plus d'options<\/strong>:  Nous proposons \u00e9galement des options de fibre optique \u00e0 haut d\u00e9bit, qui offrent des vitesses allant jusqu'\u00e0 1,5 gigabit.<\/li>\n<\/ul>\n<p>Nous nous r\u00e9jouissons de ce nouveau chapitre et sommes impatients de continuer \u00e0 vous servir. Si vous avez des questions, n'h\u00e9sitez pas \u00e0 nous appeler ou \u00e0 nous envoyer un courriel - nous sommes toujours l\u00e0 pour vous.<\/p>\n<p>Connecter les sourires,<\/p>\n<p>L'\u00e9quipe Internet Atlantic<\/p>\n\t<\/div>\n<\/div>\n\n\n\n<div class=\"img-with-aniamtion-wrap  custom-size custom-width-25pct\" data-max-width=\"custom\" data-max-width-mobile=\"default\" data-shadow=\"none\" data-animation=\"fade-in\" >\n      <div class=\"inner\">\n        <div class=\"hover-wrap\"> \n          <div class=\"hover-wrap-inner\">\n            <img decoding=\"async\" class=\"img-with-animation skip-lazy\" data-delay=\"0\" height=\"66\" width=\"281\" data-animation=\"fade-in\" src=\"https:\/\/internetatlantic.com\/wp-content\/uploads\/2024\/12\/VIF-Logo.png\" alt=\"\" srcset=\"https:\/\/internetatlantic.com\/wp-content\/uploads\/2024\/12\/VIF-Logo.png 281w, https:\/\/internetatlantic.com\/wp-content\/uploads\/2024\/12\/VIF-Logo-18x4.png 18w\" sizes=\"(max-width: 281px) 100vw, 281px\" \/>\n          <\/div>\n        <\/div>\n      <\/div>\n    <\/div>\n\t\t\t<\/div> \n\t\t<\/div>\n\t<\/div> \n<\/div><\/div>\n\t\t<div id=\"fws_69d99bbc75ceb\"  data-column-margin=\"default\" data-midnight=\"dark\"  class=\"wpb_row vc_row-fluid vc_row\"  style=\"padding-top: 0px; padding-bottom: 0px; \"><div class=\"row-bg-wrap\" data-bg-animation=\"none\" data-bg-animation-delay=\"\" data-bg-overlay=\"false\"><div class=\"inner-wrap row-bg-layer\" ><div class=\"row-bg viewport-desktop\"  style=\"\"><\/div><\/div><\/div><div class=\"row_col_wrap_12 col span_12 dark left\">\n\t<div  class=\"vc_col-sm-12 wpb_column column_container vc_column_container col no-extra-padding inherit_tablet inherit_phone\"  data-padding-pos=\"all\" data-has-bg-color=\"false\" data-bg-color=\"\" data-bg-opacity=\"1\" data-animation=\"\" data-delay=\"0\" >\n\t\t<div class=\"vc_column-inner\" >\n\t\t\t<div class=\"wpb_wrapper\">\n\t\t\t\t\n<div class=\"wpb_text_column wpb_content_element\" >\n\t<div class=\"wpb_wrapper\">\n\t\t<h1><strong>Grande nouvelle concernant votre service Internet - VIF Internet devient Internet Atlantic.<\/strong><\/h1>\n\t<\/div>\n<\/div>\n\n\n\n\n<div class=\"wpb_text_column wpb_content_element\" >\n\t<div class=\"wpb_wrapper\">\n\t\t<p>Nous sommes ravis de partager une grande nouvelle concernant votre service Internet !<\/p>\n<p><strong>VIF Internet devient Internet Atlantic Inc.<\/strong><br \/>\nInternet Atlantic est une entreprise bien \u00e9tablie avec une couverture nationale, mais nous sommes fiers de conserver une approche chaleureuse et personnalis\u00e9e. Avec nous, vous ne serez jamais trait\u00e9 comme un simple num\u00e9ro - des tarifs \u00e9quitables et un support exceptionnel sont toujours \u00e0 un appel, un courriel ou un chat pr\u00e8s de vous.<\/p>\n<h3><strong>Qu'est-ce qui reste pareil ?<\/strong><\/h3>\n<p><strong>Votre \u00e9quipe de support :<\/strong> Vous pourrez toujours contacter les m\u00eames membres sympathiques et comp\u00e9tents de notre \u00e9quipe avec qui vous avez travaill\u00e9 ces derni\u00e8res ann\u00e9es. Notre \u00e9quipe \u00e9largie d'Internet Atlantic est l\u00e0 pour assurer un service fluide.<br \/>\n<strong>Votre exp\u00e9rience de support :<\/strong> Composez le m\u00eame num\u00e9ro, et nous serons l\u00e0 pour r\u00e9pondre \u00e0 vos besoins, comme d'habitude.<\/p>\n<h3><strong>Qu'est-ce qui s'am\u00e9liore ?<\/strong><\/h3>\n<p><strong>Nouveaux produits et services :<\/strong> Avec VIF Internet, Internet Atlantic propose maintenant une gamme compl\u00e8te de services de Voix, T\u00e9l\u00e9vision et Internet avec plusieurs vitesses et options tarifaires - nous avons exactement ce qu'il vous faut, au prix qui vous convient.<\/p>\n<p><strong>R\u00e9f\u00e9rez un ami !<\/strong><br \/>\nDe nombreux clients recommandent nos services. Nous souhaitons vous r\u00e9compenser avec un bonus de 100 $, partag\u00e9 entre vous et votre ami. Pour plus de d\u00e9tails, visitez : <a href=\"https:\/\/internetatlantic.com\/fr\/referrals\/\" target=\"_new\" rel=\"noopener\">internetatlantic.com\/referrals<\/a> ou <a href=\"https:\/\/internetatlantic.com\/fr\/referrals\" target=\"_new\" rel=\"noopener\">internetatlantic.com\/fr\/referrals<\/a>.<\/p>\n<p><strong>Votre facturation :<\/strong> \u00c0 partir du 1er janvier 2025, l'apparence de vos factures changera. Vous recevrez d\u00e9sormais un relev\u00e9 de facturation Internet Atlantic.<br \/>\nNos coordonn\u00e9es de paiement figureront sur la facture du 1er janvier 2025. Nous travaillerons avec vous pour v\u00e9rifier en toute s\u00e9curit\u00e9 vos informations de carte de cr\u00e9dit - une pr\u00e9caution pour assurer votre protection.<\/p>\n<h3><strong>Avez-vous quelque chose \u00e0 faire ?<\/strong><\/h3>\n<p>Non ! Tous les changements se feront de mani\u00e8re transparente en arri\u00e8re-plan. Votre service continuera sans interruption, et vous n'aurez rien \u00e0 faire.<\/p>\n<p>Nous sommes l\u00e0 pour vous aider et nous vous remercions de votre fid\u00e9lit\u00e9 !<\/p>\n<p>Nous restons disponibles pour r\u00e9pondre \u00e0 toutes vos questions ; appelez-nous simplement au m\u00eame num\u00e9ro de support que d'habitude au <strong>514-353-9988<\/strong> ou <strong>1-888-321-3737<\/strong>. Consultez \u00e9galement notre site Web \u00e0 <a href=\"https:\/\/internetatlantic.com\/fr\/\" target=\"_new\" rel=\"noopener\">internetatlantic.com<\/a>.<\/p>\n<h3><strong>Chez Internet Atlantic, nous croyons en :<\/strong><\/h3>\n<ul>\n<li><strong>Des tarifs \u00e9quitables :<\/strong> Pas d'offres d'introduction trompeuses qui augmentent plus tard.<\/li>\n<li><strong>Des vitesses honn\u00eates :<\/strong> Nous ne vous proposerons jamais des forfaits inutiles qui ne correspondent pas \u00e0 vos besoins.<\/li>\n<li><strong>Des \u00e9conomies pour vous :<\/strong> Parce que vous avez travaill\u00e9 dur pour votre argent, et nous respectons cela.<\/li>\n<li><strong>Plus d'options :<\/strong> Nous offrons \u00e9galement des options de fibre optique haute vitesse, jusqu'\u00e0 1,5 Gigabit.<\/li>\n<\/ul>\n<p>Nous sommes enthousiastes \u00e0 l'id\u00e9e de cette nouvelle \u00e9tape et avons h\u00e2te de continuer \u00e0 vous servir. Si vous avez des questions, n'h\u00e9sitez pas \u00e0 nous appeler ou \u00e0 nous envoyer un courriel - nous sommes toujours l\u00e0 pour vous.<\/p>\n<p><strong>Connect\u00e9s avec le sourire,<\/strong><br \/>\nL'\u00e9quipe d'Internet Atlantic<\/p>\n\t<\/div>\n<\/div>\n\n\n\n<div class=\"img-with-aniamtion-wrap  custom-size custom-width-25pct\" data-max-width=\"custom\" data-max-width-mobile=\"default\" data-shadow=\"none\" data-animation=\"fade-in\" >\n      <div class=\"inner\">\n        <div class=\"hover-wrap\"> \n          <div class=\"hover-wrap-inner\">\n            <img decoding=\"async\" class=\"img-with-animation skip-lazy\" data-delay=\"0\" height=\"66\" width=\"281\" data-animation=\"fade-in\" src=\"https:\/\/internetatlantic.com\/wp-content\/uploads\/2024\/12\/VIF-Logo.png\" alt=\"\" srcset=\"https:\/\/internetatlantic.com\/wp-content\/uploads\/2024\/12\/VIF-Logo.png 281w, https:\/\/internetatlantic.com\/wp-content\/uploads\/2024\/12\/VIF-Logo-18x4.png 18w\" sizes=\"(max-width: 281px) 100vw, 281px\" \/>\n          <\/div>\n        <\/div>\n      <\/div>\n    <\/div>\n\t\t\t<\/div> \n\t\t<\/div>\n\t<\/div> \n<\/div><\/div>","protected":false},"excerpt":{"rendered":"Nouvelles passionnantes concernant votre service Internet - VIF Internet est maintenant Internet Atlantic. Nous sommes ravis de vous faire part de nouvelles passionnantes concernant votre service Internet ! VIF Internet est maintenant Internet Atlantic...","protected":false},"author":2,"featured_media":107,"parent":0,"menu_order":0,"comment_status":"closed","ping_status":"closed","template":"","meta":{"footnotes":""},"class_list":["post-1719","page","type-page","status-publish","has-post-thumbnail"],"yoast_head":"<!-- This site is optimized with the Yoast SEO plugin v25.8 - https:\/\/yoast.com\/wordpress\/plugins\/seo\/ -->\n<title>Welcome VIF Internet Customers - VIF Internet is now Internet Atlantic. - Internet Atlantic - Home Internet, Phone &amp; TV<\/title>\n<meta name=\"description\" content=\"VIF Internet is now Internet Atlantic \u2014fair rates and outstanding support are just a phone call, email, or chat away.\" \/>\n<meta name=\"robots\" content=\"noindex, nofollow\" \/>\n<meta property=\"og:locale\" content=\"fr_CA\" \/>\n<meta property=\"og:type\" content=\"article\" \/>\n<meta property=\"og:title\" content=\"Welcome VIF Internet Customers - VIF Internet is now Internet Atlantic. - Internet Atlantic - Home Internet, Phone &amp; TV\" \/>\n<meta property=\"og:description\" content=\"VIF Internet is now Internet Atlantic \u2014fair rates and outstanding support are just a phone call, email, or chat away.\" \/>\n<meta property=\"og:url\" content=\"https:\/\/internetatlantic.com\/fr\/welcome-vif-internet-customers\/\" \/>\n<meta property=\"og:site_name\" content=\"Internet Atlantic - Home Internet, Phone &amp; TV\" \/>\n<meta property=\"article:publisher\" content=\"https:\/\/www.facebook.com\/blueflagnetworks\/\" \/>\n<meta property=\"article:modified_time\" content=\"2024-12-23T15:54:28+00:00\" \/>\n<meta property=\"og:image\" content=\"https:\/\/internetatlantic.com\/wp-content\/uploads\/2022\/04\/internet-atlantic-favicon.png\" \/>\n\t<meta property=\"og:image:width\" content=\"1413\" \/>\n\t<meta property=\"og:image:height\" content=\"1413\" \/>\n\t<meta property=\"og:image:type\" content=\"image\/png\" \/>\n<meta name=\"twitter:card\" content=\"summary_large_image\" \/>\n<meta name=\"twitter:label1\" content=\"Estimation du temps de lecture\" \/>\n\t<meta name=\"twitter:data1\" content=\"5 minutes\" \/>\n<script type=\"application\/ld+json\" class=\"yoast-schema-graph\">{\"@context\":\"https:\/\/schema.org\",\"@graph\":[{\"@type\":\"WebPage\",\"@id\":\"https:\/\/internetatlantic.com\/welcome-vif-internet-customers\/\",\"url\":\"https:\/\/internetatlantic.com\/welcome-vif-internet-customers\/\",\"name\":\"Welcome VIF Internet Customers - VIF Internet is now Internet Atlantic. - Internet Atlantic - Home Internet, Phone &amp; TV\",\"isPartOf\":{\"@id\":\"https:\/\/internetatlantic.com\/#website\"},\"primaryImageOfPage\":{\"@id\":\"https:\/\/internetatlantic.com\/welcome-vif-internet-customers\/#primaryimage\"},\"image\":{\"@id\":\"https:\/\/internetatlantic.com\/welcome-vif-internet-customers\/#primaryimage\"},\"thumbnailUrl\":\"https:\/\/internetatlantic.com\/wp-content\/uploads\/2022\/04\/internet-atlantic-favicon.png\",\"datePublished\":\"2024-12-20T15:27:20+00:00\",\"dateModified\":\"2024-12-23T15:54:28+00:00\",\"description\":\"VIF Internet is now Internet Atlantic \u2014fair rates and outstanding support are just a phone call, email, or chat away.\",\"inLanguage\":\"fr-CA\",\"potentialAction\":[{\"@type\":\"ReadAction\",\"target\":[\"https:\/\/internetatlantic.com\/welcome-vif-internet-customers\/\"]}]},{\"@type\":\"ImageObject\",\"inLanguage\":\"fr-CA\",\"@id\":\"https:\/\/internetatlantic.com\/welcome-vif-internet-customers\/#primaryimage\",\"url\":\"https:\/\/internetatlantic.com\/wp-content\/uploads\/2022\/04\/internet-atlantic-favicon.png\",\"contentUrl\":\"https:\/\/internetatlantic.com\/wp-content\/uploads\/2022\/04\/internet-atlantic-favicon.png\",\"width\":1413,\"height\":1413},{\"@type\":\"WebSite\",\"@id\":\"https:\/\/internetatlantic.com\/#website\",\"url\":\"https:\/\/internetatlantic.com\/\",\"name\":\"Internet Atlantic - Home Internet, Phone and TV\",\"description\":\"We offer Internet, Phone and TV services to simplify your life and save you money.\",\"publisher\":{\"@id\":\"https:\/\/internetatlantic.com\/#organization\"},\"potentialAction\":[{\"@type\":\"SearchAction\",\"target\":{\"@type\":\"EntryPoint\",\"urlTemplate\":\"https:\/\/internetatlantic.com\/?s={search_term_string}\"},\"query-input\":{\"@type\":\"PropertyValueSpecification\",\"valueRequired\":true,\"valueName\":\"search_term_string\"}}],\"inLanguage\":\"fr-CA\"},{\"@type\":\"Organization\",\"@id\":\"https:\/\/internetatlantic.com\/#organization\",\"name\":\"Internet Atlantic - Home Internet, Phone and TV\",\"url\":\"https:\/\/internetatlantic.com\/\",\"logo\":{\"@type\":\"ImageObject\",\"inLanguage\":\"fr-CA\",\"@id\":\"https:\/\/internetatlantic.com\/#\/schema\/logo\/image\/\",\"url\":\"https:\/\/internetatlantic.com\/wp-content\/uploads\/2022\/04\/cropped-internet-atlantic-favicon.png\",\"contentUrl\":\"https:\/\/internetatlantic.com\/wp-content\/uploads\/2022\/04\/cropped-internet-atlantic-favicon.png\",\"width\":512,\"height\":512,\"caption\":\"Internet Atlantic - Home Internet, Phone and TV\"},\"image\":{\"@id\":\"https:\/\/internetatlantic.com\/#\/schema\/logo\/image\/\"},\"sameAs\":[\"https:\/\/www.facebook.com\/blueflagnetworks\/\",\"https:\/\/www.instagram.com\/internetatlantic\/\"]}]}<\/script>\n<!-- \/ Yoast SEO plugin. -->","yoast_head_json":{"title":"Welcome VIF Internet Customers - VIF Internet is now Internet Atlantic. - Internet Atlantic - Home Internet, Phone &amp; TV","description":"VIF Internet is now Internet Atlantic \u2014fair rates and outstanding support are just a phone call, email, or chat away.","robots":{"index":"noindex","follow":"nofollow"},"og_locale":"fr_CA","og_type":"article","og_title":"Welcome VIF Internet Customers - VIF Internet is now Internet Atlantic. - Internet Atlantic - Home Internet, Phone &amp; TV","og_description":"VIF Internet is now Internet Atlantic \u2014fair rates and outstanding support are just a phone call, email, or chat away.","og_url":"https:\/\/internetatlantic.com\/fr\/welcome-vif-internet-customers\/","og_site_name":"Internet Atlantic - Home Internet, Phone &amp; TV","article_publisher":"https:\/\/www.facebook.com\/blueflagnetworks\/","article_modified_time":"2024-12-23T15:54:28+00:00","og_image":[{"width":1413,"height":1413,"url":"https:\/\/internetatlantic.com\/wp-content\/uploads\/2022\/04\/internet-atlantic-favicon.png","type":"image\/png"}],"twitter_card":"summary_large_image","twitter_misc":{"Estimation du temps de lecture":"5 minutes"},"schema":{"@context":"https:\/\/schema.org","@graph":[{"@type":"WebPage","@id":"https:\/\/internetatlantic.com\/welcome-vif-internet-customers\/","url":"https:\/\/internetatlantic.com\/welcome-vif-internet-customers\/","name":"Welcome VIF Internet Customers - VIF Internet is now Internet Atlantic. - Internet Atlantic - Home Internet, Phone &amp; TV","isPartOf":{"@id":"https:\/\/internetatlantic.com\/#website"},"primaryImageOfPage":{"@id":"https:\/\/internetatlantic.com\/welcome-vif-internet-customers\/#primaryimage"},"image":{"@id":"https:\/\/internetatlantic.com\/welcome-vif-internet-customers\/#primaryimage"},"thumbnailUrl":"https:\/\/internetatlantic.com\/wp-content\/uploads\/2022\/04\/internet-atlantic-favicon.png","datePublished":"2024-12-20T15:27:20+00:00","dateModified":"2024-12-23T15:54:28+00:00","description":"VIF Internet is now Internet Atlantic \u2014fair rates and outstanding support are just a phone call, email, or chat away.","inLanguage":"fr-CA","potentialAction":[{"@type":"ReadAction","target":["https:\/\/internetatlantic.com\/welcome-vif-internet-customers\/"]}]},{"@type":"ImageObject","inLanguage":"fr-CA","@id":"https:\/\/internetatlantic.com\/welcome-vif-internet-customers\/#primaryimage","url":"https:\/\/internetatlantic.com\/wp-content\/uploads\/2022\/04\/internet-atlantic-favicon.png","contentUrl":"https:\/\/internetatlantic.com\/wp-content\/uploads\/2022\/04\/internet-atlantic-favicon.png","width":1413,"height":1413},{"@type":"WebSite","@id":"https:\/\/internetatlantic.com\/#website","url":"https:\/\/internetatlantic.com\/","name":"Internet Atlantic - Internet, t\u00e9l\u00e9phone et t\u00e9l\u00e9vision \u00e0 domicile","description":"Nous proposons des services Internet, de t\u00e9l\u00e9phonie et de t\u00e9l\u00e9vision pour vous simplifier la vie et vous faire \u00e9conomiser de l'argent.","publisher":{"@id":"https:\/\/internetatlantic.com\/#organization"},"potentialAction":[{"@type":"SearchAction","target":{"@type":"EntryPoint","urlTemplate":"https:\/\/internetatlantic.com\/?s={search_term_string}"},"query-input":{"@type":"PropertyValueSpecification","valueRequired":true,"valueName":"search_term_string"}}],"inLanguage":"fr-CA"},{"@type":"Organization","@id":"https:\/\/internetatlantic.com\/#organization","name":"Internet Atlantic - Internet, t\u00e9l\u00e9phone et t\u00e9l\u00e9vision \u00e0 domicile","url":"https:\/\/internetatlantic.com\/","logo":{"@type":"ImageObject","inLanguage":"fr-CA","@id":"https:\/\/internetatlantic.com\/#\/schema\/logo\/image\/","url":"https:\/\/internetatlantic.com\/wp-content\/uploads\/2022\/04\/cropped-internet-atlantic-favicon.png","contentUrl":"https:\/\/internetatlantic.com\/wp-content\/uploads\/2022\/04\/cropped-internet-atlantic-favicon.png","width":512,"height":512,"caption":"Internet Atlantic - Home Internet, Phone and TV"},"image":{"@id":"https:\/\/internetatlantic.com\/#\/schema\/logo\/image\/"},"sameAs":["https:\/\/www.facebook.com\/blueflagnetworks\/","https:\/\/www.instagram.com\/internetatlantic\/"]}]}},"_links":{"self":[{"href":"https:\/\/internetatlantic.com\/fr\/wp-json\/wp\/v2\/pages\/1719","targetHints":{"allow":["GET"]}}],"collection":[{"href":"https:\/\/internetatlantic.com\/fr\/wp-json\/wp\/v2\/pages"}],"about":[{"href":"https:\/\/internetatlantic.com\/fr\/wp-json\/wp\/v2\/types\/page"}],"author":[{"embeddable":true,"href":"https:\/\/internetatlantic.com\/fr\/wp-json\/wp\/v2\/users\/2"}],"replies":[{"embeddable":true,"href":"https:\/\/internetatlantic.com\/fr\/wp-json\/wp\/v2\/comments?post=1719"}],"version-history":[{"count":5,"href":"https:\/\/internetatlantic.com\/fr\/wp-json\/wp\/v2\/pages\/1719\/revisions"}],"predecessor-version":[{"id":1734,"href":"https:\/\/internetatlantic.com\/fr\/wp-json\/wp\/v2\/pages\/1719\/revisions\/1734"}],"wp:featuredmedia":[{"embeddable":true,"href":"https:\/\/internetatlantic.com\/fr\/wp-json\/wp\/v2\/media\/107"}],"wp:attachment":[{"href":"https:\/\/internetatlantic.com\/fr\/wp-json\/wp\/v2\/media?parent=1719"}],"curies":[{"name":"wp","href":"https:\/\/api.w.org\/{rel}","templated":true}]}}