{"id":3,"date":"2022-03-18T10:57:16","date_gmt":"2022-03-18T14:57:16","guid":{"rendered":"https:\/\/internetatlantic.com\/?page_id=3"},"modified":"2024-05-28T12:11:39","modified_gmt":"2024-05-28T16:11:39","slug":"privacy-policy","status":"publish","type":"page","link":"https:\/\/internetatlantic.com\/fr\/privacy-policy\/","title":{"rendered":"Politique de confidentialit\u00e9"},"content":{"rendered":"<div id=\"fws_69d64fb462a0a\"  data-column-margin=\"default\" data-midnight=\"dark\"  class=\"wpb_row vc_row-fluid vc_row\"  style=\"padding-top: 0px; padding-bottom: 0px; \"><div class=\"row-bg-wrap\" data-bg-animation=\"none\" data-bg-animation-delay=\"\" data-bg-overlay=\"false\"><div class=\"inner-wrap row-bg-layer\" ><div class=\"row-bg viewport-desktop\"  style=\"\"><\/div><\/div><\/div><div class=\"row_col_wrap_12 col span_12 dark left\">\n\t<div  class=\"vc_col-sm-12 wpb_column column_container vc_column_container col no-extra-padding inherit_tablet inherit_phone\"  data-padding-pos=\"all\" data-has-bg-color=\"false\" data-bg-color=\"\" data-bg-opacity=\"1\" data-animation=\"\" data-delay=\"0\" >\n\t\t<div class=\"vc_column-inner\" >\n\t\t\t<div class=\"wpb_wrapper\">\n\t\t\t\t\n<div class=\"wpb_text_column wpb_content_element\" >\n\t<div class=\"wpb_wrapper\">\n\t\t<h1 class=\"wp-block-heading\">Politique de confidentialit\u00e9<\/h1>\n\t<\/div>\n<\/div>\n\n\n\n\n\t\t\t<\/div> \n\t\t<\/div>\n\t<\/div> \n<\/div><\/div>\n\t\t<div id=\"fws_69d64fb463aab\"  data-column-margin=\"default\" data-midnight=\"dark\"  class=\"wpb_row vc_row-fluid vc_row\"  style=\"padding-top: 0px; padding-bottom: 0px; \"><div class=\"row-bg-wrap\" data-bg-animation=\"none\" data-bg-animation-delay=\"\" data-bg-overlay=\"false\"><div class=\"inner-wrap row-bg-layer\" ><div class=\"row-bg viewport-desktop\"  style=\"\"><\/div><\/div><\/div><div class=\"row_col_wrap_12 col span_12 dark left\">\n\t<div  class=\"vc_col-sm-12 wpb_column column_container vc_column_container col no-extra-padding inherit_tablet inherit_phone\"  data-padding-pos=\"all\" data-has-bg-color=\"false\" data-bg-color=\"\" data-bg-opacity=\"1\" data-animation=\"\" data-delay=\"0\" >\n\t\t<div class=\"vc_column-inner\" >\n\t\t\t<div class=\"wpb_wrapper\">\n\t\t\t\t\n<div class=\"wpb_text_column wpb_content_element\" >\n\t<div class=\"wpb_wrapper\">\n\t\t<p>Nous prenons votre vie priv\u00e9e tr\u00e8s au s\u00e9rieux, mais nous prenons aussi le rire tr\u00e8s au s\u00e9rieux, alors amusons-nous un peu.<\/p>\n<p>Tout d'abord, nous promettons de garder vos informations en s\u00e9curit\u00e9 et \u00e0 l'abri de tout regard indiscret, \u00e0 l'exception du n\u00f4tre. Ensuite, il se peut que nous fouillions un peu, mais uniquement \u00e0 des fins de recherche. Nous sommes simplement curieux de savoir ce que vous faites, c'est tout.<\/p>\n<p>Deuxi\u00e8mement, nous nous engageons \u00e0 ne vendre vos informations \u00e0 des tiers que s'ils sont vraiment, vraiment int\u00e9ress\u00e9s par vos vid\u00e9os de chiens. Dans ce cas, nous devrons peut-\u00eatre n\u00e9gocier un accord.<\/p>\n<p>Malheureusement, nous utilisons \u00e9galement des cookies sur notre site web, mais pas ceux aux p\u00e9pites de chocolat. Nous utilisons plut\u00f4t des cookies num\u00e9riques pour suivre vos mouvements et vos comportements sur notre site. Mais ne vous inqui\u00e9tez pas, nous ne vous jugerons pas si vous passez des heures \u00e0 regarder des photos de chiots mignons. Nous le faisons aussi.<\/p>\n<p>Enfin, nous nous engageons \u00e0 rendre notre politique de confidentialit\u00e9 aussi divertissante que possible afin que vous ne vous endormiez pas en la lisant. Nous esp\u00e9rons avoir atteint cet objectif et vous avoir fait rire. Merci de nous confier vos informations et de partager notre sens de l'humour !<\/p>\n<p>Veuillez poursuivre votre lecture si vous n'avez pas trouv\u00e9 cela dr\u00f4le et que vous \u00eates tr\u00e8s offens\u00e9.<\/p>\n<p><span data-preserver-spaces=\"true\">Nous respectons votre vie priv\u00e9e et nous nous engageons \u00e0 prot\u00e9ger vos informations personnelles. La pr\u00e9sente politique d\u00e9crit la mani\u00e8re dont nous recueillons, utilisons et divulguons vos informations lorsque vous utilisez notre site web ou nos services.<\/span><\/p>\n<p><strong><span data-preserver-spaces=\"true\">Les informations que nous recueillons :<\/span><\/strong><span data-preserver-spaces=\"true\">\u00a0Nous recueillons des informations personnelles telles que votre nom, votre adresse, votre adresse \u00e9lectronique et votre num\u00e9ro de t\u00e9l\u00e9phone lorsque vous les fournissez. Nous recueillons \u00e9galement des informations sur votre utilisation du site web par le biais de cookies et d'autres technologies. En outre, nous pouvons faire appel \u00e0 des prestataires de services tiers pour collecter des informations en notre nom.<\/span><\/p>\n<p><span data-preserver-spaces=\"true\">Comment nous utilisons vos informations : Nous utilisons vos informations pour vous fournir les services que vous demandez, pour communiquer avec vous au sujet de nos produits et services et pour am\u00e9liorer notre site web et nos services. Nous pouvons \u00e9galement utiliser vos informations pour nous conformer aux exigences l\u00e9gales et r\u00e9glementaires.<\/span><\/p>\n<p><strong><span data-preserver-spaces=\"true\">Divulgation de vos informations :<\/span><\/strong><span data-preserver-spaces=\"true\">\u00a0Nous pouvons partager vos informations avec des prestataires de services tiers qui nous aident \u00e0 vous fournir nos services. Nous pouvons \u00e9galement divulguer vos informations si la loi l'exige ou si cela est n\u00e9cessaire pour prot\u00e9ger nos droits ou les droits d'autrui.<\/span><\/p>\n<p><strong><span data-preserver-spaces=\"true\">Protection de vos informations :<\/span><\/strong><span data-preserver-spaces=\"true\">\u00a0Nous prenons des mesures raisonnables pour prot\u00e9ger vos informations personnelles contre tout acc\u00e8s, utilisation ou divulgation non autoris\u00e9s. Nous utilisons des mesures de protection physiques, techniques et organisationnelles pour prot\u00e9ger vos informations. Cependant, aucune mesure de s\u00e9curit\u00e9 n'est parfaite et nous ne pouvons pas garantir la s\u00e9curit\u00e9 de vos donn\u00e9es.<\/span><\/p>\n<p><strong><span data-preserver-spaces=\"true\">Vos choix :<\/span><\/strong><span data-preserver-spaces=\"true\">\u00a0Vous pouvez acc\u00e9der \u00e0 vos informations personnelles, les corriger ou les supprimer. Vous pouvez \u00e9galement refuser de recevoir des communications marketing \u00e0 tout moment en nous contactant.<\/span><\/p>\n<p><strong><span data-preserver-spaces=\"true\">Mises \u00e0 jour de notre politique de confidentialit\u00e9 :<\/span><\/strong><span data-preserver-spaces=\"true\">\u00a0Nous pouvons mettre \u00e0 jour cette politique de confidentialit\u00e9 de temps \u00e0 autre. Nous vous informerons de toute modification en publiant la nouvelle politique de confidentialit\u00e9 sur notre site web.<\/span><\/p>\n<p><strong><span data-preserver-spaces=\"true\">Contactez nous :<\/span><\/strong><span data-preserver-spaces=\"true\"> Si vous avez des questions ou des inqui\u00e9tudes concernant notre politique de confidentialit\u00e9, n'h\u00e9sitez pas \u00e0 nous contacter :<\/span><\/p>\n<p>INTERNET ATLANTIC INC.<br \/>1701 Hollis St.<br \/>Suite 800 <br \/>Halifax, NS B3J 3M8<\/p>\n\t<\/div>\n<\/div>\n\n\n\n\n\t\t\t<\/div> \n\t\t<\/div>\n\t<\/div> \n<\/div><\/div>","protected":false},"excerpt":{"rendered":"Privacy Policy We take your privacy very seriously, but we also take laughter very seriously, so let's have some fun. First, we promise to keep your information safe and secure...","protected":false},"author":1,"featured_media":0,"parent":0,"menu_order":0,"comment_status":"closed","ping_status":"open","template":"","meta":{"footnotes":""},"class_list":["post-3","page","type-page","status-publish"],"yoast_head":"<!-- This site is optimized with the Yoast SEO plugin v25.8 - https:\/\/yoast.com\/wordpress\/plugins\/seo\/ -->\n<title>Privacy Policy - Internet Atlantic - Home Internet, Phone &amp; TV<\/title>\n<meta name=\"description\" content=\"Hi. We\u2019re Internet Atlantic. We&#039;re a provider of Internet, Phone and TV services.\" \/>\n<meta name=\"robots\" content=\"noindex, nofollow\" \/>\n<meta property=\"og:locale\" content=\"fr_CA\" \/>\n<meta property=\"og:type\" content=\"article\" \/>\n<meta property=\"og:title\" content=\"Privacy Policy - Internet Atlantic - Home Internet, Phone &amp; TV\" \/>\n<meta property=\"og:description\" content=\"Hi. We\u2019re Internet Atlantic. We&#039;re a provider of Internet, Phone and TV services.\" \/>\n<meta property=\"og:url\" content=\"https:\/\/internetatlantic.com\/fr\/privacy-policy\/\" \/>\n<meta property=\"og:site_name\" content=\"Internet Atlantic - Home Internet, Phone &amp; TV\" \/>\n<meta property=\"article:publisher\" content=\"https:\/\/www.facebook.com\/blueflagnetworks\/\" \/>\n<meta property=\"article:modified_time\" content=\"2024-05-28T16:11:39+00:00\" \/>\n<meta property=\"og:image\" content=\"https:\/\/internetatlantic.com\/wp-content\/uploads\/2022\/04\/cropped-internet-atlantic-favicon.png\" \/>\n\t<meta property=\"og:image:width\" content=\"512\" \/>\n\t<meta property=\"og:image:height\" content=\"512\" \/>\n\t<meta property=\"og:image:type\" content=\"image\/png\" \/>\n<meta name=\"twitter:card\" content=\"summary_large_image\" \/>\n<meta name=\"twitter:label1\" content=\"Estimation du temps de lecture\" \/>\n\t<meta name=\"twitter:data1\" content=\"3 minutes\" \/>\n<script type=\"application\/ld+json\" class=\"yoast-schema-graph\">{\"@context\":\"https:\/\/schema.org\",\"@graph\":[{\"@type\":\"WebPage\",\"@id\":\"https:\/\/internetatlantic.com\/privacy-policy\/\",\"url\":\"https:\/\/internetatlantic.com\/privacy-policy\/\",\"name\":\"Privacy Policy - Internet Atlantic - Home Internet, Phone &amp; TV\",\"isPartOf\":{\"@id\":\"https:\/\/internetatlantic.com\/#website\"},\"datePublished\":\"2022-03-18T14:57:16+00:00\",\"dateModified\":\"2024-05-28T16:11:39+00:00\",\"description\":\"Hi. We\u2019re Internet Atlantic. We're a provider of Internet, Phone and TV services.\",\"inLanguage\":\"fr-CA\",\"potentialAction\":[{\"@type\":\"ReadAction\",\"target\":[\"https:\/\/internetatlantic.com\/privacy-policy\/\"]}]},{\"@type\":\"WebSite\",\"@id\":\"https:\/\/internetatlantic.com\/#website\",\"url\":\"https:\/\/internetatlantic.com\/\",\"name\":\"Internet Atlantic - Home Internet, Phone and TV\",\"description\":\"We offer Internet, Phone and TV services to simplify your life and save you money.\",\"publisher\":{\"@id\":\"https:\/\/internetatlantic.com\/#organization\"},\"potentialAction\":[{\"@type\":\"SearchAction\",\"target\":{\"@type\":\"EntryPoint\",\"urlTemplate\":\"https:\/\/internetatlantic.com\/?s={search_term_string}\"},\"query-input\":{\"@type\":\"PropertyValueSpecification\",\"valueRequired\":true,\"valueName\":\"search_term_string\"}}],\"inLanguage\":\"fr-CA\"},{\"@type\":\"Organization\",\"@id\":\"https:\/\/internetatlantic.com\/#organization\",\"name\":\"Internet Atlantic - Home Internet, Phone and TV\",\"url\":\"https:\/\/internetatlantic.com\/\",\"logo\":{\"@type\":\"ImageObject\",\"inLanguage\":\"fr-CA\",\"@id\":\"https:\/\/internetatlantic.com\/#\/schema\/logo\/image\/\",\"url\":\"https:\/\/internetatlantic.com\/wp-content\/uploads\/2022\/04\/cropped-internet-atlantic-favicon.png\",\"contentUrl\":\"https:\/\/internetatlantic.com\/wp-content\/uploads\/2022\/04\/cropped-internet-atlantic-favicon.png\",\"width\":512,\"height\":512,\"caption\":\"Internet Atlantic - Home Internet, Phone and TV\"},\"image\":{\"@id\":\"https:\/\/internetatlantic.com\/#\/schema\/logo\/image\/\"},\"sameAs\":[\"https:\/\/www.facebook.com\/blueflagnetworks\/\",\"https:\/\/www.instagram.com\/internetatlantic\/\"]}]}<\/script>\n<!-- \/ Yoast SEO plugin. -->","yoast_head_json":{"title":"Privacy Policy - Internet Atlantic - Home Internet, Phone &amp; TV","description":"Bonjour, nous sommes Internet Atlantic. Nous sommes un fournisseur de services Internet, de t\u00e9l\u00e9phonie et de t\u00e9l\u00e9vision.","robots":{"index":"noindex","follow":"nofollow"},"og_locale":"fr_CA","og_type":"article","og_title":"Privacy Policy - Internet Atlantic - Home Internet, Phone &amp; TV","og_description":"Hi. We\u2019re Internet Atlantic. We're a provider of Internet, Phone and TV services.","og_url":"https:\/\/internetatlantic.com\/fr\/privacy-policy\/","og_site_name":"Internet Atlantic - Home Internet, Phone &amp; TV","article_publisher":"https:\/\/www.facebook.com\/blueflagnetworks\/","article_modified_time":"2024-05-28T16:11:39+00:00","og_image":[{"width":512,"height":512,"url":"https:\/\/internetatlantic.com\/wp-content\/uploads\/2022\/04\/cropped-internet-atlantic-favicon.png","type":"image\/png"}],"twitter_card":"summary_large_image","twitter_misc":{"Estimation du temps de lecture":"3 minutes"},"schema":{"@context":"https:\/\/schema.org","@graph":[{"@type":"WebPage","@id":"https:\/\/internetatlantic.com\/privacy-policy\/","url":"https:\/\/internetatlantic.com\/privacy-policy\/","name":"Privacy Policy - Internet Atlantic - Home Internet, Phone &amp; TV","isPartOf":{"@id":"https:\/\/internetatlantic.com\/#website"},"datePublished":"2022-03-18T14:57:16+00:00","dateModified":"2024-05-28T16:11:39+00:00","description":"Bonjour, nous sommes Internet Atlantic. Nous sommes un fournisseur de services Internet, de t\u00e9l\u00e9phonie et de t\u00e9l\u00e9vision.","inLanguage":"fr-CA","potentialAction":[{"@type":"ReadAction","target":["https:\/\/internetatlantic.com\/privacy-policy\/"]}]},{"@type":"WebSite","@id":"https:\/\/internetatlantic.com\/#website","url":"https:\/\/internetatlantic.com\/","name":"Internet Atlantic - Internet, t\u00e9l\u00e9phone et t\u00e9l\u00e9vision \u00e0 domicile","description":"Nous proposons des services Internet, de t\u00e9l\u00e9phonie et de t\u00e9l\u00e9vision pour vous simplifier la vie et vous faire \u00e9conomiser de l'argent.","publisher":{"@id":"https:\/\/internetatlantic.com\/#organization"},"potentialAction":[{"@type":"SearchAction","target":{"@type":"EntryPoint","urlTemplate":"https:\/\/internetatlantic.com\/?s={search_term_string}"},"query-input":{"@type":"PropertyValueSpecification","valueRequired":true,"valueName":"search_term_string"}}],"inLanguage":"fr-CA"},{"@type":"Organization","@id":"https:\/\/internetatlantic.com\/#organization","name":"Internet Atlantic - Internet, t\u00e9l\u00e9phone et t\u00e9l\u00e9vision \u00e0 domicile","url":"https:\/\/internetatlantic.com\/","logo":{"@type":"ImageObject","inLanguage":"fr-CA","@id":"https:\/\/internetatlantic.com\/#\/schema\/logo\/image\/","url":"https:\/\/internetatlantic.com\/wp-content\/uploads\/2022\/04\/cropped-internet-atlantic-favicon.png","contentUrl":"https:\/\/internetatlantic.com\/wp-content\/uploads\/2022\/04\/cropped-internet-atlantic-favicon.png","width":512,"height":512,"caption":"Internet Atlantic - Home Internet, Phone and TV"},"image":{"@id":"https:\/\/internetatlantic.com\/#\/schema\/logo\/image\/"},"sameAs":["https:\/\/www.facebook.com\/blueflagnetworks\/","https:\/\/www.instagram.com\/internetatlantic\/"]}]}},"_links":{"self":[{"href":"https:\/\/internetatlantic.com\/fr\/wp-json\/wp\/v2\/pages\/3","targetHints":{"allow":["GET"]}}],"collection":[{"href":"https:\/\/internetatlantic.com\/fr\/wp-json\/wp\/v2\/pages"}],"about":[{"href":"https:\/\/internetatlantic.com\/fr\/wp-json\/wp\/v2\/types\/page"}],"author":[{"embeddable":true,"href":"https:\/\/internetatlantic.com\/fr\/wp-json\/wp\/v2\/users\/1"}],"replies":[{"embeddable":true,"href":"https:\/\/internetatlantic.com\/fr\/wp-json\/wp\/v2\/comments?post=3"}],"version-history":[{"count":6,"href":"https:\/\/internetatlantic.com\/fr\/wp-json\/wp\/v2\/pages\/3\/revisions"}],"predecessor-version":[{"id":477,"href":"https:\/\/internetatlantic.com\/fr\/wp-json\/wp\/v2\/pages\/3\/revisions\/477"}],"wp:attachment":[{"href":"https:\/\/internetatlantic.com\/fr\/wp-json\/wp\/v2\/media?parent=3"}],"curies":[{"name":"wp","href":"https:\/\/api.w.org\/{rel}","templated":true}]}}