{"id":4318,"date":"2026-03-25T22:57:32","date_gmt":"2026-03-26T02:57:32","guid":{"rendered":"https:\/\/internetatlantic.com\/?page_id=4318"},"modified":"2026-03-25T23:03:48","modified_gmt":"2026-03-26T03:03:48","slug":"check-availability","status":"publish","type":"page","link":"https:\/\/internetatlantic.com\/fr\/check-availability\/","title":{"rendered":"V\u00e9rifier la disponibilit\u00e9"},"content":{"rendered":"<div id=\"fws_69d38bc064bba\"  data-column-margin=\"default\" data-midnight=\"dark\"  class=\"wpb_row vc_row-fluid vc_row\"  style=\"padding-top: 0px; padding-bottom: 0px; \"><div class=\"row-bg-wrap\" data-bg-animation=\"none\" data-bg-animation-delay=\"\" data-bg-overlay=\"false\"><div class=\"inner-wrap row-bg-layer\" ><div class=\"row-bg viewport-desktop\"  style=\"\"><\/div><\/div><\/div><div class=\"row_col_wrap_12 col span_12 dark left\">\n\t<div  class=\"vc_col-sm-12 wpb_column column_container vc_column_container col no-extra-padding inherit_tablet inherit_phone\"  data-padding-pos=\"all\" data-has-bg-color=\"false\" data-bg-color=\"\" data-bg-opacity=\"1\" data-animation=\"\" data-delay=\"0\" >\n\t\t<div class=\"vc_column-inner\" >\n\t\t\t<div class=\"wpb_wrapper\">\n\t\t\t\t\n\t<div class=\"wpb_raw_code wpb_raw_html wpb_content_element\" >\n\t\t<div class=\"wpb_wrapper\">\n\t\t\t<style>\n#ia-availability * { box-sizing: border-box; margin: 0; padding: 0; }\n#ia-availability {\n  font-family: -apple-system, BlinkMacSystemFont, 'Segoe UI', sans-serif;\n  text-align: center;\n  padding: 3rem 1rem 4rem;\n  max-width: 700px;\n  margin: 0 auto;\n}\n#ia-availability .ia-eyebrow {\n  display: inline-block;\n  background: #FFE08A;\n  color: #6b5800;\n  font-size: 11px;\n  font-weight: 700;\n  letter-spacing: 0.1em;\n  text-transform: uppercase;\n  padding: 5px 14px;\n  border-radius: 20px;\n  margin-bottom: 1.25rem;\n}\n#ia-availability h1 {\n  font-size: 36px;\n  font-weight: 700;\n  color: #1a1a1a;\n  line-height: 1.2;\n  margin-bottom: 1rem;\n}\n#ia-availability h1 span {\n  color: #5BC1B8;\n}\n#ia-availability .ia-subtext {\n  font-size: 16px;\n  color: #666;\n  line-height: 1.6;\n  max-width: 500px;\n  margin: 0 auto 2.5rem;\n}\n#ia-availability .ia-widget-wrap {\n  background: #f8fffe;\n  border: 2px solid #5BC1B8;\n  border-radius: 16px;\n  padding: 2rem 1.5rem;\n  margin-bottom: 2.5rem;\n}\n#ia-availability .ia-widget-label {\n  font-size: 14px;\n  font-weight: 600;\n  color: #1a1a1a;\n  margin-bottom: 4px;\n}\n#ia-availability .ia-widget-sublabel {\n  font-size: 12px;\n  color: #888;\n  margin-bottom: 1.25rem;\n}\n#ia-availability iframe {\n  width: 100%;\n  max-width: 560px;\n  height: 150px;\n  border: none;\n  display: block;\n  margin: 0 auto;\n}\n#ia-availability .ia-trust {\n  display: flex;\n  justify-content: center;\n  flex-wrap: wrap;\n  gap: 1.5rem;\n  margin-bottom: 2.5rem;\n}\n#ia-availability .ia-trust-item {\n  display: flex;\n  align-items: center;\n  gap: 8px;\n  font-size: 13px;\n  color: #555;\n  font-weight: 500;\n}\n#ia-availability .ia-trust-icon {\n  width: 28px;\n  height: 28px;\n  background: #E1F5EE;\n  border-radius: 50%;\n  display: flex;\n  align-items: center;\n  justify-content: center;\n  flex-shrink: 0;\n}\n#ia-availability .ia-trust-icon svg {\n  width: 14px;\n  height: 14px;\n  stroke: #0F6E56;\n  fill: none;\n  stroke-width: 2.5;\n  stroke-linecap: round;\n  stroke-linejoin: round;\n}\n#ia-availability .ia-divider {\n  border: none;\n  border-top: 1px solid #f0f0f0;\n  margin: 0 auto 2rem;\n  max-width: 400px;\n}\n#ia-availability .ia-footnote {\n  font-size: 13px;\n  color: #aaa;\n  line-height: 1.6;\n}\n#ia-availability .ia-footnote a {\n  color: #5BC1B8;\n  text-decoration: none;\n  font-weight: 600;\n}\n#ia-availability .ia-footnote a:hover {\n  text-decoration: underline;\n}\n@media (max-width: 480px) {\n  #ia-availability h1 { font-size: 26px; }\n  #ia-availability .ia-trust { gap: 1rem; }\n}\n<\/style>\n \n<div id=\"ia-availability\">\n \n  <div class=\"ia-eyebrow\">V\u00e9rifier la disponibilit\u00e9<\/div>\n \n  <h1>Trouver le bon plan<br>pour <span>votre adresse<\/span><\/h1>\n \n  <p class=\"ia-subtext\">\n    La disponibilit\u00e9 d'Internet varie selon l'endroit o\u00f9 vous vous trouvez. Entrez votre adresse ci-dessous pour voir les forfaits et les prix disponibles dans votre r\u00e9gion, sans engagement.\n  <\/p>\n \n  <div class=\"ia-widget-wrap\">\n    <div class=\"ia-widget-label\">Entrez votre adresse pour commencer<\/div>\n    <div class=\"ia-widget-sublabel\">Si vous avez un code promotionnel, vous pouvez le saisir apr\u00e8s avoir s\u00e9lectionn\u00e9 votre forfait<\/div>\n    <iframe\n      title=\"Widget de recherche\"\n      src=\"https:\/\/noc-vendor-tool.frontiernetworks.ca\/lookup\/lookup-widget.php?lang=en\">\n    <\/iframe>\n  <\/div>\n \n  <div class=\"ia-trust\">\n    <div class=\"ia-trust-item\">\n      <div class=\"ia-trust-icon\">\n        <svg viewbox=\"0 0 24 24\"><polyline points=\"20 6 9 17 4 12\"\/><\/svg>\n      <\/div>\n      Pas d'introduction de tarifs\n    <\/div>\n    <div class=\"ia-trust-item\">\n      <div class=\"ia-trust-icon\">\n        <svg viewbox=\"0 0 24 24\"><polyline points=\"20 6 9 17 4 12\"\/><\/svg>\n      <\/div>\n      Pas de contrat\n    <\/div>\n    <div class=\"ia-trust-item\">\n      <div class=\"ia-trust-icon\">\n        <svg viewbox=\"0 0 24 24\"><polyline points=\"20 6 9 17 4 12\"\/><\/svg>\n      <\/div>\n      Donn\u00e9es illimit\u00e9es\n    <\/div>\n    <div class=\"ia-trust-item\">\n      <div class=\"ia-trust-icon\">\n        <svg viewbox=\"0 0 24 24\"><polyline points=\"20 6 9 17 4 12\"\/><\/svg>\n      <\/div>\n      Modem et installation gratuits\n    <\/div>\n  <\/div>\n \n  <hr class=\"ia-divider\">\n \n  <p class=\"ia-footnote\">\n    Vous cherchez des forfaits t\u00e9l\u00e9 ? <a href=\"https:\/\/internetatlantic.com\/fr\/tv-channel-guide\/\">Consulter le guide des cha\u00eenes de t\u00e9l\u00e9vision<\/a> &nbsp;\u00b7\u00a0\n    Des questions ? Appelez-nous au <a href=\"tel:18662119222\">1-866-211-9222<\/a>\n  <\/p>\n \n<\/div>\n \n\t\t<\/div>\n\t<\/div>\n\n\t\t\t<\/div> \n\t\t<\/div>\n\t<\/div> \n<\/div><\/div>","protected":false},"excerpt":{"rendered":"Check Availability Find the right planfor your address Internet availability varies by location. Enter your address below to see the plans and pricing available in your area, no commitment required....","protected":false},"author":2,"featured_media":0,"parent":0,"menu_order":0,"comment_status":"closed","ping_status":"closed","template":"","meta":{"footnotes":""},"class_list":["post-4318","page","type-page","status-publish"],"yoast_head":"<!-- This site is optimized with the Yoast SEO plugin v25.8 - https:\/\/yoast.com\/wordpress\/plugins\/seo\/ -->\n<title>Check Availability - Internet Atlantic - Home Internet, Phone &amp; TV<\/title>\n<meta name=\"robots\" content=\"index, follow, max-snippet:-1, max-image-preview:large, max-video-preview:-1\" \/>\n<link rel=\"canonical\" href=\"https:\/\/internetatlantic.com\/fr\/check-availability\/\" \/>\n<meta property=\"og:locale\" content=\"fr_CA\" \/>\n<meta property=\"og:type\" content=\"article\" \/>\n<meta property=\"og:title\" content=\"Check Availability - Internet Atlantic - Home Internet, Phone &amp; TV\" \/>\n<meta property=\"og:url\" content=\"https:\/\/internetatlantic.com\/fr\/check-availability\/\" \/>\n<meta property=\"og:site_name\" content=\"Internet Atlantic - Home Internet, Phone &amp; TV\" \/>\n<meta property=\"article:publisher\" content=\"https:\/\/www.facebook.com\/blueflagnetworks\/\" \/>\n<meta property=\"article:modified_time\" content=\"2026-03-26T03:03:48+00:00\" \/>\n<meta property=\"og:image\" content=\"https:\/\/internetatlantic.com\/wp-content\/uploads\/2022\/04\/cropped-internet-atlantic-favicon.png\" \/>\n\t<meta property=\"og:image:width\" content=\"512\" \/>\n\t<meta property=\"og:image:height\" content=\"512\" \/>\n\t<meta property=\"og:image:type\" content=\"image\/png\" \/>\n<meta name=\"twitter:card\" content=\"summary_large_image\" \/>\n<script type=\"application\/ld+json\" class=\"yoast-schema-graph\">{\"@context\":\"https:\/\/schema.org\",\"@graph\":[{\"@type\":\"WebPage\",\"@id\":\"https:\/\/internetatlantic.com\/check-availability\/\",\"url\":\"https:\/\/internetatlantic.com\/check-availability\/\",\"name\":\"Check Availability - Internet Atlantic - Home Internet, Phone &amp; TV\",\"isPartOf\":{\"@id\":\"https:\/\/internetatlantic.com\/#website\"},\"datePublished\":\"2026-03-26T02:57:32+00:00\",\"dateModified\":\"2026-03-26T03:03:48+00:00\",\"inLanguage\":\"fr-CA\",\"potentialAction\":[{\"@type\":\"ReadAction\",\"target\":[\"https:\/\/internetatlantic.com\/check-availability\/\"]}]},{\"@type\":\"WebSite\",\"@id\":\"https:\/\/internetatlantic.com\/#website\",\"url\":\"https:\/\/internetatlantic.com\/\",\"name\":\"Internet Atlantic - Home Internet, Phone and TV\",\"description\":\"We offer Internet, Phone and TV services to simplify your life and save you money.\",\"publisher\":{\"@id\":\"https:\/\/internetatlantic.com\/#organization\"},\"potentialAction\":[{\"@type\":\"SearchAction\",\"target\":{\"@type\":\"EntryPoint\",\"urlTemplate\":\"https:\/\/internetatlantic.com\/?s={search_term_string}\"},\"query-input\":{\"@type\":\"PropertyValueSpecification\",\"valueRequired\":true,\"valueName\":\"search_term_string\"}}],\"inLanguage\":\"fr-CA\"},{\"@type\":\"Organization\",\"@id\":\"https:\/\/internetatlantic.com\/#organization\",\"name\":\"Internet Atlantic - Home Internet, Phone and TV\",\"url\":\"https:\/\/internetatlantic.com\/\",\"logo\":{\"@type\":\"ImageObject\",\"inLanguage\":\"fr-CA\",\"@id\":\"https:\/\/internetatlantic.com\/#\/schema\/logo\/image\/\",\"url\":\"https:\/\/internetatlantic.com\/wp-content\/uploads\/2022\/04\/cropped-internet-atlantic-favicon.png\",\"contentUrl\":\"https:\/\/internetatlantic.com\/wp-content\/uploads\/2022\/04\/cropped-internet-atlantic-favicon.png\",\"width\":512,\"height\":512,\"caption\":\"Internet Atlantic - Home Internet, Phone and TV\"},\"image\":{\"@id\":\"https:\/\/internetatlantic.com\/#\/schema\/logo\/image\/\"},\"sameAs\":[\"https:\/\/www.facebook.com\/blueflagnetworks\/\",\"https:\/\/www.instagram.com\/internetatlantic\/\"]}]}<\/script>\n<!-- \/ Yoast SEO plugin. -->","yoast_head_json":{"title":"Check Availability - Internet Atlantic - Home Internet, Phone &amp; TV","robots":{"index":"index","follow":"follow","max-snippet":"max-snippet:-1","max-image-preview":"max-image-preview:large","max-video-preview":"max-video-preview:-1"},"canonical":"https:\/\/internetatlantic.com\/fr\/check-availability\/","og_locale":"fr_CA","og_type":"article","og_title":"Check Availability - Internet Atlantic - Home Internet, Phone &amp; TV","og_url":"https:\/\/internetatlantic.com\/fr\/check-availability\/","og_site_name":"Internet Atlantic - Home Internet, Phone &amp; TV","article_publisher":"https:\/\/www.facebook.com\/blueflagnetworks\/","article_modified_time":"2026-03-26T03:03:48+00:00","og_image":[{"width":512,"height":512,"url":"https:\/\/internetatlantic.com\/wp-content\/uploads\/2022\/04\/cropped-internet-atlantic-favicon.png","type":"image\/png"}],"twitter_card":"summary_large_image","schema":{"@context":"https:\/\/schema.org","@graph":[{"@type":"WebPage","@id":"https:\/\/internetatlantic.com\/check-availability\/","url":"https:\/\/internetatlantic.com\/check-availability\/","name":"Check Availability - Internet Atlantic - Home Internet, Phone &amp; TV","isPartOf":{"@id":"https:\/\/internetatlantic.com\/#website"},"datePublished":"2026-03-26T02:57:32+00:00","dateModified":"2026-03-26T03:03:48+00:00","inLanguage":"fr-CA","potentialAction":[{"@type":"ReadAction","target":["https:\/\/internetatlantic.com\/check-availability\/"]}]},{"@type":"WebSite","@id":"https:\/\/internetatlantic.com\/#website","url":"https:\/\/internetatlantic.com\/","name":"Internet Atlantic - Internet, t\u00e9l\u00e9phone et t\u00e9l\u00e9vision \u00e0 domicile","description":"Nous proposons des services Internet, de t\u00e9l\u00e9phonie et de t\u00e9l\u00e9vision pour vous simplifier la vie et vous faire \u00e9conomiser de l'argent.","publisher":{"@id":"https:\/\/internetatlantic.com\/#organization"},"potentialAction":[{"@type":"SearchAction","target":{"@type":"EntryPoint","urlTemplate":"https:\/\/internetatlantic.com\/?s={search_term_string}"},"query-input":{"@type":"PropertyValueSpecification","valueRequired":true,"valueName":"search_term_string"}}],"inLanguage":"fr-CA"},{"@type":"Organization","@id":"https:\/\/internetatlantic.com\/#organization","name":"Internet Atlantic - Internet, t\u00e9l\u00e9phone et t\u00e9l\u00e9vision \u00e0 domicile","url":"https:\/\/internetatlantic.com\/","logo":{"@type":"ImageObject","inLanguage":"fr-CA","@id":"https:\/\/internetatlantic.com\/#\/schema\/logo\/image\/","url":"https:\/\/internetatlantic.com\/wp-content\/uploads\/2022\/04\/cropped-internet-atlantic-favicon.png","contentUrl":"https:\/\/internetatlantic.com\/wp-content\/uploads\/2022\/04\/cropped-internet-atlantic-favicon.png","width":512,"height":512,"caption":"Internet Atlantic - Home Internet, Phone and TV"},"image":{"@id":"https:\/\/internetatlantic.com\/#\/schema\/logo\/image\/"},"sameAs":["https:\/\/www.facebook.com\/blueflagnetworks\/","https:\/\/www.instagram.com\/internetatlantic\/"]}]}},"_links":{"self":[{"href":"https:\/\/internetatlantic.com\/fr\/wp-json\/wp\/v2\/pages\/4318","targetHints":{"allow":["GET"]}}],"collection":[{"href":"https:\/\/internetatlantic.com\/fr\/wp-json\/wp\/v2\/pages"}],"about":[{"href":"https:\/\/internetatlantic.com\/fr\/wp-json\/wp\/v2\/types\/page"}],"author":[{"embeddable":true,"href":"https:\/\/internetatlantic.com\/fr\/wp-json\/wp\/v2\/users\/2"}],"replies":[{"embeddable":true,"href":"https:\/\/internetatlantic.com\/fr\/wp-json\/wp\/v2\/comments?post=4318"}],"version-history":[{"count":3,"href":"https:\/\/internetatlantic.com\/fr\/wp-json\/wp\/v2\/pages\/4318\/revisions"}],"predecessor-version":[{"id":4321,"href":"https:\/\/internetatlantic.com\/fr\/wp-json\/wp\/v2\/pages\/4318\/revisions\/4321"}],"wp:attachment":[{"href":"https:\/\/internetatlantic.com\/fr\/wp-json\/wp\/v2\/media?parent=4318"}],"curies":[{"name":"wp","href":"https:\/\/api.w.org\/{rel}","templated":true}]}}