{"id":474,"date":"2023-03-05T01:05:34","date_gmt":"2023-03-05T06:05:34","guid":{"rendered":"https:\/\/internetatlantic.com\/?page_id=474"},"modified":"2024-04-23T22:23:30","modified_gmt":"2024-04-24T02:23:30","slug":"regulatory","status":"publish","type":"page","link":"https:\/\/internetatlantic.com\/fr\/regulatory\/","title":{"rendered":"R\u00e9glementation"},"content":{"rendered":"<div id=\"fws_69d9b3fa8972f\"  data-column-margin=\"default\" data-midnight=\"dark\"  class=\"wpb_row vc_row-fluid vc_row\"  style=\"padding-top: 0px; padding-bottom: 0px; \"><div class=\"row-bg-wrap\" data-bg-animation=\"none\" data-bg-animation-delay=\"\" data-bg-overlay=\"false\"><div class=\"inner-wrap row-bg-layer\" ><div class=\"row-bg viewport-desktop\"  style=\"\"><\/div><\/div><\/div><div class=\"row_col_wrap_12 col span_12 dark left\">\n\t<div  class=\"vc_col-sm-12 wpb_column column_container vc_column_container col no-extra-padding inherit_tablet inherit_phone\"  data-padding-pos=\"all\" data-has-bg-color=\"false\" data-bg-color=\"\" data-bg-opacity=\"1\" data-animation=\"\" data-delay=\"0\" >\n\t\t<div class=\"vc_column-inner\" >\n\t\t\t<div class=\"wpb_wrapper\">\n\t\t\t\t\n<div class=\"wpb_text_column wpb_content_element\" >\n\t<div class=\"wpb_wrapper\">\n\t\t<h1>R\u00e9glementation<\/h1>\n\t<\/div>\n<\/div>\n\n\n\n\n<div class=\"wpb_text_column wpb_content_element\" >\n\t<div class=\"wpb_wrapper\">\n\t\t<p>Le CRTC est un tribunal administratif qui r\u00e9glemente et supervise la radiodiffusion et les t\u00e9l\u00e9communications dans l'int\u00e9r\u00eat du public. Le CRTC r\u00e9git les tarifs de gros que les grandes compagnies de t\u00e9l\u00e9phone et de c\u00e2ble facturent \u00e0 Internet Atlantic Inc. pour acc\u00e9der \u00e0 leurs r\u00e9seaux afin d'offrir nos services. Le CRTC ne r\u00e9glemente pas les tarifs de d\u00e9tail factur\u00e9s par Internet Atlantic Inc. \u00e0 ses clients de d\u00e9tail.<\/p>\n<p>Internet Atlantic Inc. respecte les r\u00e8gles et satisfait le CRTC ! Internet Atlantic Inc. est un peu le chouchou des enseignants dans le monde de l'Internet. Le CRTC est comme le directeur d'\u00e9cole, qui veille \u00e0 ce que tout le monde joue \u00e9quitablement et \u00e0 ce que les \"gros\" ne s'accaparent pas tout l'argent. Mais ne vous inqui\u00e9tez pas, Internet Atlantic Inc. ne vous fera pas payer un bras et une jambe pour ses services, contrairement \u00e0 d'autres entreprises dont nous tairons le nom. C'est donc une situation gagnant-gagnant pour toutes les parties concern\u00e9es !<\/p>\n<p>Nous avons notamment d\u00e9pos\u00e9 les documents suivants :<\/p>\n<ul>\n<li>Transporteurs non dominants<\/li>\n<li>Revendeurs de services de t\u00e9l\u00e9communications<\/li>\n<li>Revendeurs de services Internet \u00e0 haut d\u00e9bit au d\u00e9tail<\/li>\n<li>Fournisseurs de lignes d'abonn\u00e9s num\u00e9riques<\/li>\n<li>Services de t\u00e9l\u00e9communications internationales de base<\/li>\n<\/ul>\n\t<\/div>\n<\/div>\n\n\n\n<div class=\"img-with-aniamtion-wrap\" data-max-width=\"50%\" data-max-width-mobile=\"default\" data-shadow=\"none\" data-animation=\"fade-in\" >\n      <div class=\"inner\">\n        <div class=\"hover-wrap\"> \n          <div class=\"hover-wrap-inner\">\n            <img decoding=\"async\" class=\"img-with-animation skip-lazy\" data-delay=\"0\" height=\"200\" width=\"1200\" data-animation=\"fade-in\" src=\"https:\/\/internetatlantic.com\/wp-content\/uploads\/2023\/03\/crtc_logo.png\" alt=\"\" srcset=\"https:\/\/internetatlantic.com\/wp-content\/uploads\/2023\/03\/crtc_logo.png 1200w, https:\/\/internetatlantic.com\/wp-content\/uploads\/2023\/03\/crtc_logo-300x50.png 300w, https:\/\/internetatlantic.com\/wp-content\/uploads\/2023\/03\/crtc_logo-1024x171.png 1024w, https:\/\/internetatlantic.com\/wp-content\/uploads\/2023\/03\/crtc_logo-768x128.png 768w\" sizes=\"(max-width: 1200px) 100vw, 1200px\" \/>\n          <\/div>\n        <\/div>\n      <\/div>\n    <\/div>\n\t\t\t<\/div> \n\t\t<\/div>\n\t<\/div> \n<\/div><\/div>","protected":false},"excerpt":{"rendered":"Regulatory The CRTC is an administrative tribunal that regulates and supervises broadcasting and telecommunications in the public interest. The CRTC governs the wholesale rates that large telephone and cable companies...","protected":false},"author":2,"featured_media":0,"parent":0,"menu_order":0,"comment_status":"closed","ping_status":"closed","template":"","meta":{"footnotes":""},"class_list":["post-474","page","type-page","status-publish"],"yoast_head":"<!-- This site is optimized with the Yoast SEO plugin v25.8 - https:\/\/yoast.com\/wordpress\/plugins\/seo\/ -->\n<title>Regulatory - Internet Atlantic - Home Internet, Phone &amp; TV<\/title>\n<meta name=\"description\" content=\"Hi. We\u2019re Internet Atlantic. We&#039;re a provider of Internet, Phone and TV services. This is our Regulatory page!\" \/>\n<meta name=\"robots\" content=\"noindex, nofollow\" \/>\n<meta property=\"og:locale\" content=\"fr_CA\" \/>\n<meta property=\"og:type\" content=\"article\" \/>\n<meta property=\"og:title\" content=\"Regulatory - Internet Atlantic - Home Internet, Phone &amp; TV\" \/>\n<meta property=\"og:description\" content=\"Hi. We\u2019re Internet Atlantic. We&#039;re a provider of Internet, Phone and TV services. This is our Regulatory page!\" \/>\n<meta property=\"og:url\" content=\"https:\/\/internetatlantic.com\/fr\/regulatory\/\" \/>\n<meta property=\"og:site_name\" content=\"Internet Atlantic - Home Internet, Phone &amp; TV\" \/>\n<meta property=\"article:publisher\" content=\"https:\/\/www.facebook.com\/blueflagnetworks\/\" \/>\n<meta property=\"article:modified_time\" content=\"2024-04-24T02:23:30+00:00\" \/>\n<meta property=\"og:image\" content=\"https:\/\/internetatlantic.com\/wp-content\/uploads\/2022\/04\/cropped-internet-atlantic-favicon.png\" \/>\n\t<meta property=\"og:image:width\" content=\"512\" \/>\n\t<meta property=\"og:image:height\" content=\"512\" \/>\n\t<meta property=\"og:image:type\" content=\"image\/png\" \/>\n<meta name=\"twitter:card\" content=\"summary_large_image\" \/>\n<meta name=\"twitter:label1\" content=\"Estimation du temps de lecture\" \/>\n\t<meta name=\"twitter:data1\" content=\"2 minutes\" \/>\n<script type=\"application\/ld+json\" class=\"yoast-schema-graph\">{\"@context\":\"https:\/\/schema.org\",\"@graph\":[{\"@type\":\"WebPage\",\"@id\":\"https:\/\/internetatlantic.com\/regulatory\/\",\"url\":\"https:\/\/internetatlantic.com\/regulatory\/\",\"name\":\"Regulatory - Internet Atlantic - Home Internet, Phone &amp; TV\",\"isPartOf\":{\"@id\":\"https:\/\/internetatlantic.com\/#website\"},\"datePublished\":\"2023-03-05T06:05:34+00:00\",\"dateModified\":\"2024-04-24T02:23:30+00:00\",\"description\":\"Hi. We\u2019re Internet Atlantic. We're a provider of Internet, Phone and TV services. This is our Regulatory page!\",\"inLanguage\":\"fr-CA\",\"potentialAction\":[{\"@type\":\"ReadAction\",\"target\":[\"https:\/\/internetatlantic.com\/regulatory\/\"]}]},{\"@type\":\"WebSite\",\"@id\":\"https:\/\/internetatlantic.com\/#website\",\"url\":\"https:\/\/internetatlantic.com\/\",\"name\":\"Internet Atlantic - Home Internet, Phone and TV\",\"description\":\"We offer Internet, Phone and TV services to simplify your life and save you money.\",\"publisher\":{\"@id\":\"https:\/\/internetatlantic.com\/#organization\"},\"potentialAction\":[{\"@type\":\"SearchAction\",\"target\":{\"@type\":\"EntryPoint\",\"urlTemplate\":\"https:\/\/internetatlantic.com\/?s={search_term_string}\"},\"query-input\":{\"@type\":\"PropertyValueSpecification\",\"valueRequired\":true,\"valueName\":\"search_term_string\"}}],\"inLanguage\":\"fr-CA\"},{\"@type\":\"Organization\",\"@id\":\"https:\/\/internetatlantic.com\/#organization\",\"name\":\"Internet Atlantic - Home Internet, Phone and TV\",\"url\":\"https:\/\/internetatlantic.com\/\",\"logo\":{\"@type\":\"ImageObject\",\"inLanguage\":\"fr-CA\",\"@id\":\"https:\/\/internetatlantic.com\/#\/schema\/logo\/image\/\",\"url\":\"https:\/\/internetatlantic.com\/wp-content\/uploads\/2022\/04\/cropped-internet-atlantic-favicon.png\",\"contentUrl\":\"https:\/\/internetatlantic.com\/wp-content\/uploads\/2022\/04\/cropped-internet-atlantic-favicon.png\",\"width\":512,\"height\":512,\"caption\":\"Internet Atlantic - Home Internet, Phone and TV\"},\"image\":{\"@id\":\"https:\/\/internetatlantic.com\/#\/schema\/logo\/image\/\"},\"sameAs\":[\"https:\/\/www.facebook.com\/blueflagnetworks\/\",\"https:\/\/www.instagram.com\/internetatlantic\/\"]}]}<\/script>\n<!-- \/ Yoast SEO plugin. -->","yoast_head_json":{"title":"Regulatory - Internet Atlantic - Home Internet, Phone &amp; TV","description":"Hi. We\u2019re Internet Atlantic. We're a provider of Internet, Phone and TV services. This is our Regulatory page!","robots":{"index":"noindex","follow":"nofollow"},"og_locale":"fr_CA","og_type":"article","og_title":"Regulatory - Internet Atlantic - Home Internet, Phone &amp; TV","og_description":"Hi. We\u2019re Internet Atlantic. We're a provider of Internet, Phone and TV services. This is our Regulatory page!","og_url":"https:\/\/internetatlantic.com\/fr\/regulatory\/","og_site_name":"Internet Atlantic - Home Internet, Phone &amp; TV","article_publisher":"https:\/\/www.facebook.com\/blueflagnetworks\/","article_modified_time":"2024-04-24T02:23:30+00:00","og_image":[{"width":512,"height":512,"url":"https:\/\/internetatlantic.com\/wp-content\/uploads\/2022\/04\/cropped-internet-atlantic-favicon.png","type":"image\/png"}],"twitter_card":"summary_large_image","twitter_misc":{"Estimation du temps de lecture":"2 minutes"},"schema":{"@context":"https:\/\/schema.org","@graph":[{"@type":"WebPage","@id":"https:\/\/internetatlantic.com\/regulatory\/","url":"https:\/\/internetatlantic.com\/regulatory\/","name":"Regulatory - Internet Atlantic - Home Internet, Phone &amp; TV","isPartOf":{"@id":"https:\/\/internetatlantic.com\/#website"},"datePublished":"2023-03-05T06:05:34+00:00","dateModified":"2024-04-24T02:23:30+00:00","description":"Hi. We\u2019re Internet Atlantic. We're a provider of Internet, Phone and TV services. This is our Regulatory page!","inLanguage":"fr-CA","potentialAction":[{"@type":"ReadAction","target":["https:\/\/internetatlantic.com\/regulatory\/"]}]},{"@type":"WebSite","@id":"https:\/\/internetatlantic.com\/#website","url":"https:\/\/internetatlantic.com\/","name":"Internet Atlantic - Internet, t\u00e9l\u00e9phone et t\u00e9l\u00e9vision \u00e0 domicile","description":"Nous proposons des services Internet, de t\u00e9l\u00e9phonie et de t\u00e9l\u00e9vision pour vous simplifier la vie et vous faire \u00e9conomiser de l'argent.","publisher":{"@id":"https:\/\/internetatlantic.com\/#organization"},"potentialAction":[{"@type":"SearchAction","target":{"@type":"EntryPoint","urlTemplate":"https:\/\/internetatlantic.com\/?s={search_term_string}"},"query-input":{"@type":"PropertyValueSpecification","valueRequired":true,"valueName":"search_term_string"}}],"inLanguage":"fr-CA"},{"@type":"Organization","@id":"https:\/\/internetatlantic.com\/#organization","name":"Internet Atlantic - Internet, t\u00e9l\u00e9phone et t\u00e9l\u00e9vision \u00e0 domicile","url":"https:\/\/internetatlantic.com\/","logo":{"@type":"ImageObject","inLanguage":"fr-CA","@id":"https:\/\/internetatlantic.com\/#\/schema\/logo\/image\/","url":"https:\/\/internetatlantic.com\/wp-content\/uploads\/2022\/04\/cropped-internet-atlantic-favicon.png","contentUrl":"https:\/\/internetatlantic.com\/wp-content\/uploads\/2022\/04\/cropped-internet-atlantic-favicon.png","width":512,"height":512,"caption":"Internet Atlantic - Home Internet, Phone and TV"},"image":{"@id":"https:\/\/internetatlantic.com\/#\/schema\/logo\/image\/"},"sameAs":["https:\/\/www.facebook.com\/blueflagnetworks\/","https:\/\/www.instagram.com\/internetatlantic\/"]}]}},"_links":{"self":[{"href":"https:\/\/internetatlantic.com\/fr\/wp-json\/wp\/v2\/pages\/474","targetHints":{"allow":["GET"]}}],"collection":[{"href":"https:\/\/internetatlantic.com\/fr\/wp-json\/wp\/v2\/pages"}],"about":[{"href":"https:\/\/internetatlantic.com\/fr\/wp-json\/wp\/v2\/types\/page"}],"author":[{"embeddable":true,"href":"https:\/\/internetatlantic.com\/fr\/wp-json\/wp\/v2\/users\/2"}],"replies":[{"embeddable":true,"href":"https:\/\/internetatlantic.com\/fr\/wp-json\/wp\/v2\/comments?post=474"}],"version-history":[{"count":5,"href":"https:\/\/internetatlantic.com\/fr\/wp-json\/wp\/v2\/pages\/474\/revisions"}],"predecessor-version":[{"id":583,"href":"https:\/\/internetatlantic.com\/fr\/wp-json\/wp\/v2\/pages\/474\/revisions\/583"}],"wp:attachment":[{"href":"https:\/\/internetatlantic.com\/fr\/wp-json\/wp\/v2\/media?parent=474"}],"curies":[{"name":"wp","href":"https:\/\/api.w.org\/{rel}","templated":true}]}}