{"id":571,"date":"2023-03-11T15:57:18","date_gmt":"2023-03-11T20:57:18","guid":{"rendered":"https:\/\/internetatlantic.com\/?page_id=571"},"modified":"2024-04-23T22:09:19","modified_gmt":"2024-04-24T02:09:19","slug":"ccts","status":"publish","type":"page","link":"https:\/\/internetatlantic.com\/fr\/ccts\/","title":{"rendered":"Commission des plaintes pour les services de t\u00e9l\u00e9communication et de t\u00e9l\u00e9vision (CCTS)"},"content":{"rendered":"<div id=\"fws_69d9b3fa24732\"  data-column-margin=\"default\" data-midnight=\"dark\"  class=\"wpb_row vc_row-fluid vc_row\"  style=\"padding-top: 0px; padding-bottom: 0px; \"><div class=\"row-bg-wrap\" data-bg-animation=\"none\" data-bg-animation-delay=\"\" data-bg-overlay=\"false\"><div class=\"inner-wrap row-bg-layer\" ><div class=\"row-bg viewport-desktop\"  style=\"\"><\/div><\/div><\/div><div class=\"row_col_wrap_12 col span_12 dark left\">\n\t<div  class=\"vc_col-sm-12 wpb_column column_container vc_column_container col no-extra-padding inherit_tablet inherit_phone\"  data-padding-pos=\"all\" data-has-bg-color=\"false\" data-bg-color=\"\" data-bg-opacity=\"1\" data-animation=\"\" data-delay=\"0\" >\n\t\t<div class=\"vc_column-inner\" >\n\t\t\t<div class=\"wpb_wrapper\">\n\t\t\t\t\n<div class=\"wpb_text_column wpb_content_element\" >\n\t<div class=\"wpb_wrapper\">\n\t\t<h1><span data-preserver-spaces=\"true\">Commission des plaintes pour les services de t\u00e9l\u00e9communication et de t\u00e9l\u00e9vision<\/span><\/h1>\n\t<\/div>\n<\/div>\n\n\n\n\n<div class=\"wpb_text_column wpb_content_element\" >\n\t<div class=\"wpb_wrapper\">\n\t\t<p><span data-preserver-spaces=\"true\">La Commission pour les plaintes concernant les services de t\u00e9l\u00e9communication et de t\u00e9l\u00e9vision (CCTS) est une agence ind\u00e9pendante dont le mandat est de r\u00e9soudre gratuitement les plaintes des consommateurs concernant leurs services de t\u00e9l\u00e9communication et de t\u00e9l\u00e9vision et les plaintes des petites entreprises concernant leurs services de t\u00e9l\u00e9communication.\u00a0<\/span><\/p>\n<p><span data-preserver-spaces=\"true\">Si vous avez une plainte \u00e0 formuler au sujet de votre service t\u00e9l\u00e9phonique, sans fil, Internet ou t\u00e9l\u00e9visuel, vous devez la r\u00e9gler directement avec votre fournisseur de services. Internet Atlantic a mis en place un processus interne pour r\u00e9soudre les probl\u00e8mes \u00e0 notre satisfaction mutuelle. Toutefois, si vous n'\u00eates pas parvenu \u00e0 une r\u00e9solution satisfaisante, le CPRST peut vous aider.<\/span><\/p>\n<p><span data-preserver-spaces=\"true\">Pour en savoir plus sur le CPRST, visitez son site web \u00e0 l'adresse suivante\u00a0<\/span><a class=\"editor-rtfLink\" href=\"https:\/\/www.ccts-cprst.ca\/\" target=\"_blank\" rel=\"noopener\"><strong><span data-preserver-spaces=\"true\">www.ccts-cprst.ca<\/span><\/strong><\/a><span data-preserver-spaces=\"true\">\u00a0ou appelez le num\u00e9ro vert suivant\u00a0<\/span><strong><span data-preserver-spaces=\"true\">1-888-221-1687.<\/span><\/strong><\/p>\n\t<\/div>\n<\/div>\n\n\n\n<div class=\"img-with-aniamtion-wrap  custom-size\" data-max-width=\"50%\" data-max-width-mobile=\"default\" data-shadow=\"none\" data-animation=\"fade-in\" >\n      <div class=\"inner\">\n        <div class=\"hover-wrap\"> \n          <div class=\"hover-wrap-inner\">\n            <img decoding=\"async\" class=\"img-with-animation skip-lazy\" data-delay=\"0\" height=\"150\" width=\"150\" data-animation=\"fade-in\" src=\"https:\/\/internetatlantic.com\/wp-content\/uploads\/2023\/03\/ccts-150x150.png\" alt=\"\" srcset=\"https:\/\/internetatlantic.com\/wp-content\/uploads\/2023\/03\/ccts-150x150.png 150w, https:\/\/internetatlantic.com\/wp-content\/uploads\/2023\/03\/ccts-100x100.png 100w, https:\/\/internetatlantic.com\/wp-content\/uploads\/2023\/03\/ccts-140x140.png 140w, https:\/\/internetatlantic.com\/wp-content\/uploads\/2023\/03\/ccts-500x500.png 500w, https:\/\/internetatlantic.com\/wp-content\/uploads\/2023\/03\/ccts-350x350.png 350w, https:\/\/internetatlantic.com\/wp-content\/uploads\/2023\/03\/ccts-800x800.png 800w\" sizes=\"(max-width: 150px) 100vw, 150px\" \/>\n          <\/div>\n        <\/div>\n      <\/div>\n    <\/div>\n\t\t\t<\/div> \n\t\t<\/div>\n\t<\/div> \n<\/div><\/div>","protected":false},"excerpt":{"rendered":"Commission for Complaints for Telecom-television Services The Commission for Complaints for Telecom-television Services or CCTS is an independent agency whose mandate is to resolve complaints of consumers about their telecom...","protected":false},"author":4,"featured_media":0,"parent":0,"menu_order":0,"comment_status":"closed","ping_status":"closed","template":"","meta":{"footnotes":""},"class_list":["post-571","page","type-page","status-publish"],"yoast_head":"<!-- This site is optimized with the Yoast SEO plugin v25.8 - https:\/\/yoast.com\/wordpress\/plugins\/seo\/ -->\n<title>Commission for Complaints for Telecom-television Services (CCTS) - Internet Atlantic - Home Internet, Phone &amp; TV<\/title>\n<meta name=\"description\" content=\"We&#039;re a provider of Internet, Phone and TV services. This is our Commission for Complaints for Telecom-television Services (CCTS) page.\" \/>\n<meta name=\"robots\" content=\"index, follow, max-snippet:-1, max-image-preview:large, max-video-preview:-1\" \/>\n<link rel=\"canonical\" href=\"https:\/\/internetatlantic.com\/fr\/ccts\/\" \/>\n<meta property=\"og:locale\" content=\"fr_CA\" \/>\n<meta property=\"og:type\" content=\"article\" \/>\n<meta property=\"og:title\" content=\"Commission for Complaints for Telecom-television Services (CCTS) - Internet Atlantic - Home Internet, Phone &amp; TV\" \/>\n<meta property=\"og:description\" content=\"We&#039;re a provider of Internet, Phone and TV services. This is our Commission for Complaints for Telecom-television Services (CCTS) page.\" \/>\n<meta property=\"og:url\" content=\"https:\/\/internetatlantic.com\/fr\/ccts\/\" \/>\n<meta property=\"og:site_name\" content=\"Internet Atlantic - Home Internet, Phone &amp; TV\" \/>\n<meta property=\"article:publisher\" content=\"https:\/\/www.facebook.com\/blueflagnetworks\/\" \/>\n<meta property=\"article:modified_time\" content=\"2024-04-24T02:09:19+00:00\" \/>\n<meta property=\"og:image\" content=\"https:\/\/internetatlantic.com\/wp-content\/uploads\/2022\/04\/cropped-internet-atlantic-favicon.png\" \/>\n\t<meta property=\"og:image:width\" content=\"512\" \/>\n\t<meta property=\"og:image:height\" content=\"512\" \/>\n\t<meta property=\"og:image:type\" content=\"image\/png\" \/>\n<meta name=\"twitter:card\" content=\"summary_large_image\" \/>\n<meta name=\"twitter:label1\" content=\"Estimation du temps de lecture\" \/>\n\t<meta name=\"twitter:data1\" content=\"1 minute\" \/>\n<script type=\"application\/ld+json\" class=\"yoast-schema-graph\">{\"@context\":\"https:\/\/schema.org\",\"@graph\":[{\"@type\":\"WebPage\",\"@id\":\"https:\/\/internetatlantic.com\/ccts\/\",\"url\":\"https:\/\/internetatlantic.com\/ccts\/\",\"name\":\"Commission for Complaints for Telecom-television Services (CCTS) - Internet Atlantic - Home Internet, Phone &amp; TV\",\"isPartOf\":{\"@id\":\"https:\/\/internetatlantic.com\/#website\"},\"datePublished\":\"2023-03-11T20:57:18+00:00\",\"dateModified\":\"2024-04-24T02:09:19+00:00\",\"description\":\"We're a provider of Internet, Phone and TV services. This is our Commission for Complaints for Telecom-television Services (CCTS) page.\",\"inLanguage\":\"fr-CA\",\"potentialAction\":[{\"@type\":\"ReadAction\",\"target\":[\"https:\/\/internetatlantic.com\/ccts\/\"]}]},{\"@type\":\"WebSite\",\"@id\":\"https:\/\/internetatlantic.com\/#website\",\"url\":\"https:\/\/internetatlantic.com\/\",\"name\":\"Internet Atlantic - Home Internet, Phone and TV\",\"description\":\"We offer Internet, Phone and TV services to simplify your life and save you money.\",\"publisher\":{\"@id\":\"https:\/\/internetatlantic.com\/#organization\"},\"potentialAction\":[{\"@type\":\"SearchAction\",\"target\":{\"@type\":\"EntryPoint\",\"urlTemplate\":\"https:\/\/internetatlantic.com\/?s={search_term_string}\"},\"query-input\":{\"@type\":\"PropertyValueSpecification\",\"valueRequired\":true,\"valueName\":\"search_term_string\"}}],\"inLanguage\":\"fr-CA\"},{\"@type\":\"Organization\",\"@id\":\"https:\/\/internetatlantic.com\/#organization\",\"name\":\"Internet Atlantic - Home Internet, Phone and TV\",\"url\":\"https:\/\/internetatlantic.com\/\",\"logo\":{\"@type\":\"ImageObject\",\"inLanguage\":\"fr-CA\",\"@id\":\"https:\/\/internetatlantic.com\/#\/schema\/logo\/image\/\",\"url\":\"https:\/\/internetatlantic.com\/wp-content\/uploads\/2022\/04\/cropped-internet-atlantic-favicon.png\",\"contentUrl\":\"https:\/\/internetatlantic.com\/wp-content\/uploads\/2022\/04\/cropped-internet-atlantic-favicon.png\",\"width\":512,\"height\":512,\"caption\":\"Internet Atlantic - Home Internet, Phone and TV\"},\"image\":{\"@id\":\"https:\/\/internetatlantic.com\/#\/schema\/logo\/image\/\"},\"sameAs\":[\"https:\/\/www.facebook.com\/blueflagnetworks\/\",\"https:\/\/www.instagram.com\/internetatlantic\/\"]}]}<\/script>\n<!-- \/ Yoast SEO plugin. -->","yoast_head_json":{"title":"Commission for Complaints for Telecom-television Services (CCTS) - Internet Atlantic - Home Internet, Phone &amp; TV","description":"We're a provider of Internet, Phone and TV services. This is our Commission for Complaints for Telecom-television Services (CCTS) page.","robots":{"index":"index","follow":"follow","max-snippet":"max-snippet:-1","max-image-preview":"max-image-preview:large","max-video-preview":"max-video-preview:-1"},"canonical":"https:\/\/internetatlantic.com\/fr\/ccts\/","og_locale":"fr_CA","og_type":"article","og_title":"Commission for Complaints for Telecom-television Services (CCTS) - Internet Atlantic - Home Internet, Phone &amp; TV","og_description":"We're a provider of Internet, Phone and TV services. This is our Commission for Complaints for Telecom-television Services (CCTS) page.","og_url":"https:\/\/internetatlantic.com\/fr\/ccts\/","og_site_name":"Internet Atlantic - Home Internet, Phone &amp; TV","article_publisher":"https:\/\/www.facebook.com\/blueflagnetworks\/","article_modified_time":"2024-04-24T02:09:19+00:00","og_image":[{"width":512,"height":512,"url":"https:\/\/internetatlantic.com\/wp-content\/uploads\/2022\/04\/cropped-internet-atlantic-favicon.png","type":"image\/png"}],"twitter_card":"summary_large_image","twitter_misc":{"Estimation du temps de lecture":"1 minute"},"schema":{"@context":"https:\/\/schema.org","@graph":[{"@type":"WebPage","@id":"https:\/\/internetatlantic.com\/ccts\/","url":"https:\/\/internetatlantic.com\/ccts\/","name":"Commission for Complaints for Telecom-television Services (CCTS) - Internet Atlantic - Home Internet, Phone &amp; TV","isPartOf":{"@id":"https:\/\/internetatlantic.com\/#website"},"datePublished":"2023-03-11T20:57:18+00:00","dateModified":"2024-04-24T02:09:19+00:00","description":"We're a provider of Internet, Phone and TV services. This is our Commission for Complaints for Telecom-television Services (CCTS) page.","inLanguage":"fr-CA","potentialAction":[{"@type":"ReadAction","target":["https:\/\/internetatlantic.com\/ccts\/"]}]},{"@type":"WebSite","@id":"https:\/\/internetatlantic.com\/#website","url":"https:\/\/internetatlantic.com\/","name":"Internet Atlantic - Internet, t\u00e9l\u00e9phone et t\u00e9l\u00e9vision \u00e0 domicile","description":"Nous proposons des services Internet, de t\u00e9l\u00e9phonie et de t\u00e9l\u00e9vision pour vous simplifier la vie et vous faire \u00e9conomiser de l'argent.","publisher":{"@id":"https:\/\/internetatlantic.com\/#organization"},"potentialAction":[{"@type":"SearchAction","target":{"@type":"EntryPoint","urlTemplate":"https:\/\/internetatlantic.com\/?s={search_term_string}"},"query-input":{"@type":"PropertyValueSpecification","valueRequired":true,"valueName":"search_term_string"}}],"inLanguage":"fr-CA"},{"@type":"Organization","@id":"https:\/\/internetatlantic.com\/#organization","name":"Internet Atlantic - Internet, t\u00e9l\u00e9phone et t\u00e9l\u00e9vision \u00e0 domicile","url":"https:\/\/internetatlantic.com\/","logo":{"@type":"ImageObject","inLanguage":"fr-CA","@id":"https:\/\/internetatlantic.com\/#\/schema\/logo\/image\/","url":"https:\/\/internetatlantic.com\/wp-content\/uploads\/2022\/04\/cropped-internet-atlantic-favicon.png","contentUrl":"https:\/\/internetatlantic.com\/wp-content\/uploads\/2022\/04\/cropped-internet-atlantic-favicon.png","width":512,"height":512,"caption":"Internet Atlantic - Home Internet, Phone and TV"},"image":{"@id":"https:\/\/internetatlantic.com\/#\/schema\/logo\/image\/"},"sameAs":["https:\/\/www.facebook.com\/blueflagnetworks\/","https:\/\/www.instagram.com\/internetatlantic\/"]}]}},"_links":{"self":[{"href":"https:\/\/internetatlantic.com\/fr\/wp-json\/wp\/v2\/pages\/571","targetHints":{"allow":["GET"]}}],"collection":[{"href":"https:\/\/internetatlantic.com\/fr\/wp-json\/wp\/v2\/pages"}],"about":[{"href":"https:\/\/internetatlantic.com\/fr\/wp-json\/wp\/v2\/types\/page"}],"author":[{"embeddable":true,"href":"https:\/\/internetatlantic.com\/fr\/wp-json\/wp\/v2\/users\/4"}],"replies":[{"embeddable":true,"href":"https:\/\/internetatlantic.com\/fr\/wp-json\/wp\/v2\/comments?post=571"}],"version-history":[{"count":4,"href":"https:\/\/internetatlantic.com\/fr\/wp-json\/wp\/v2\/pages\/571\/revisions"}],"predecessor-version":[{"id":587,"href":"https:\/\/internetatlantic.com\/fr\/wp-json\/wp\/v2\/pages\/571\/revisions\/587"}],"wp:attachment":[{"href":"https:\/\/internetatlantic.com\/fr\/wp-json\/wp\/v2\/media?parent=571"}],"curies":[{"name":"wp","href":"https:\/\/api.w.org\/{rel}","templated":true}]}}