{"id":589,"date":"2023-03-11T16:49:17","date_gmt":"2023-03-11T21:49:17","guid":{"rendered":"https:\/\/internetatlantic.com\/?page_id=589"},"modified":"2024-04-23T22:06:06","modified_gmt":"2024-04-24T02:06:06","slug":"aup","status":"publish","type":"page","link":"https:\/\/internetatlantic.com\/fr\/aup\/","title":{"rendered":"Politique d'utilisation acceptable"},"content":{"rendered":"<div id=\"fws_69d99f0bc65ab\"  data-column-margin=\"default\" data-midnight=\"dark\"  class=\"wpb_row vc_row-fluid vc_row\"  style=\"padding-top: 0px; padding-bottom: 0px; \"><div class=\"row-bg-wrap\" data-bg-animation=\"none\" data-bg-animation-delay=\"\" data-bg-overlay=\"false\"><div class=\"inner-wrap row-bg-layer\" ><div class=\"row-bg viewport-desktop\"  style=\"\"><\/div><\/div><\/div><div class=\"row_col_wrap_12 col span_12 dark left\">\n\t<div  class=\"vc_col-sm-12 wpb_column column_container vc_column_container col no-extra-padding inherit_tablet inherit_phone\"  data-padding-pos=\"all\" data-has-bg-color=\"false\" data-bg-color=\"\" data-bg-opacity=\"1\" data-animation=\"\" data-delay=\"0\" >\n\t\t<div class=\"vc_column-inner\" >\n\t\t\t<div class=\"wpb_wrapper\">\n\t\t\t\t\n<div class=\"wpb_text_column wpb_content_element\" >\n\t<div class=\"wpb_wrapper\">\n\t\t<h1><strong>Politique d'utilisation acceptable<\/strong><\/h1>\n\t<\/div>\n<\/div>\n\n\n\n\n\t\t\t<\/div> \n\t\t<\/div>\n\t<\/div> \n<\/div><\/div>\n\t\t<div id=\"fws_69d99f0bc7088\"  data-column-margin=\"default\" data-midnight=\"dark\"  class=\"wpb_row vc_row-fluid vc_row\"  style=\"padding-top: 0px; padding-bottom: 0px; \"><div class=\"row-bg-wrap\" data-bg-animation=\"none\" data-bg-animation-delay=\"\" data-bg-overlay=\"false\"><div class=\"inner-wrap row-bg-layer\" ><div class=\"row-bg viewport-desktop\"  style=\"\"><\/div><\/div><\/div><div class=\"row_col_wrap_12 col span_12 dark left\">\n\t<div  class=\"vc_col-sm-12 wpb_column column_container vc_column_container col no-extra-padding inherit_tablet inherit_phone\"  data-padding-pos=\"all\" data-has-bg-color=\"false\" data-bg-color=\"\" data-bg-opacity=\"1\" data-animation=\"\" data-delay=\"0\" >\n\t\t<div class=\"vc_column-inner\" >\n\t\t\t<div class=\"wpb_wrapper\">\n\t\t\t\t\n<div class=\"wpb_text_column wpb_content_element\" >\n\t<div class=\"wpb_wrapper\">\n\t\t<p><span style=\"color: #0000ff;\"><strong>Mise \u00e0 jour le 5 janvier 2023.<\/strong><\/span><\/p>\n\t<\/div>\n<\/div>\n\n\n\n\n\t\t\t<\/div> \n\t\t<\/div>\n\t<\/div> \n<\/div><\/div>\n\t\t<div id=\"fws_69d99f0bc7876\"  data-column-margin=\"default\" data-midnight=\"dark\"  class=\"wpb_row vc_row-fluid vc_row\"  style=\"padding-top: 0px; padding-bottom: 0px; \"><div class=\"row-bg-wrap\" data-bg-animation=\"none\" data-bg-animation-delay=\"\" data-bg-overlay=\"false\"><div class=\"inner-wrap row-bg-layer\" ><div class=\"row-bg viewport-desktop\"  style=\"\"><\/div><\/div><\/div><div class=\"row_col_wrap_12 col span_12 dark left\">\n\t<div  class=\"vc_col-sm-12 wpb_column column_container vc_column_container col no-extra-padding inherit_tablet inherit_phone\"  data-padding-pos=\"all\" data-has-bg-color=\"false\" data-bg-color=\"\" data-bg-opacity=\"1\" data-animation=\"\" data-delay=\"0\" >\n\t\t<div class=\"vc_column-inner\" >\n\t\t\t<div class=\"wpb_wrapper\">\n\t\t\t\t<div class=\"divider-wrap\" data-alignment=\"default\"><div style=\"margin-top: 7.5px; width: 20%; height: 10px; margin-bottom: 7.5px;\" data-width=\"20%\" data-animate=\"\" data-animation-delay=\"\" data-color=\"extra-color-2\" class=\"divider-small-border\"><\/div><\/div>\n\t\t\t<\/div> \n\t\t<\/div>\n\t<\/div> \n<\/div><\/div>\n\t\t<div id=\"fws_69d99f0bc80f9\"  data-column-margin=\"default\" data-midnight=\"dark\"  class=\"wpb_row vc_row-fluid vc_row\"  style=\"padding-top: 0px; padding-bottom: 0px; \"><div class=\"row-bg-wrap\" data-bg-animation=\"none\" data-bg-animation-delay=\"\" data-bg-overlay=\"false\"><div class=\"inner-wrap row-bg-layer\" ><div class=\"row-bg viewport-desktop\"  style=\"\"><\/div><\/div><\/div><div class=\"row_col_wrap_12 col span_12 dark left\">\n\t<div  class=\"vc_col-sm-12 wpb_column column_container vc_column_container col no-extra-padding inherit_tablet inherit_phone\"  data-padding-pos=\"all\" data-has-bg-color=\"false\" data-bg-color=\"\" data-bg-opacity=\"1\" data-animation=\"\" data-delay=\"0\" >\n\t\t<div class=\"vc_column-inner\" >\n\t\t\t<div class=\"wpb_wrapper\">\n\t\t\t\t\n<div class=\"wpb_text_column wpb_content_element\" >\n\t<div class=\"wpb_wrapper\">\n\t\t<p>Nous sommes Internet Atlantic Inc.<strong>INTERNET ATLANTIQUE<\/strong>), et voici notre <strong>Politique d'utilisation acceptable<\/strong>. Nous l'appelons le <strong>Politique d'utilisation acceptable<\/strong> (<strong>AUP<\/strong>) qui d\u00e9finit les responsabilit\u00e9s dans le cadre du service que nous vous fournissons, \"<strong>SERVICES<\/strong>et ce que nous allons vous facturer \"<strong>PAIEMENT<\/strong>.\" Lorsque vous (<strong>CLIENT<\/strong>) faire des affaires avec <strong>INTERNET ATLANTIQUE<\/strong>vous acceptez d'\u00eatre li\u00e9 par les <strong>Conditions g\u00e9n\u00e9rales d'utilisation<\/strong> (<a href=\"https:\/\/internetatlantic.com\/fr\/terms-conditions\/\"><strong>TERMES<\/strong><\/a>) du pr\u00e9sent accord et des annexes correspondantes.<\/p>\n<p>Cette annexe fait partie de la <a href=\"https:\/\/internetatlantic.com\/fr\/terms-conditions\/\"><strong>TERMES<\/strong> <\/a>de service et constitue un accord entre <strong>INTERNET ATLANTIQUE<\/strong> Inc.<strong>INTERNET ATLANTIQUE<\/strong>) et le <strong>CLIENT<\/strong>. La pr\u00e9sente politique d'utilisation acceptable r\u00e9git les <strong>CLIENT<\/strong>L'utilisation par l'Union europ\u00e9enne de la <strong>SERVICES<\/strong> et tout appareil ou \u00e9quipement, y compris, sans s'y limiter, les appareils et logiciels utilis\u00e9s en conjonction avec le syst\u00e8me d'information sur la sant\u00e9. <strong>SERVICES<\/strong> fournie \u00e0 l <strong>CLIENT<\/strong> par <strong>INTERNET ATLANTIQUE<\/strong> comme tout <strong>CLIENT<\/strong> Mat\u00e9riel utilis\u00e9 avec le <strong>SERVICES<\/strong>.<\/p>\n<p>La pr\u00e9sente politique d'utilisation acceptable s'applique ind\u00e9pendamment de l'appartenance \u00e0 un groupe distinct. <strong>CLIENT<\/strong> les accords, les contrats, les abonnements ou les avenants.<\/p>\n<p>Le <strong>CLIENT<\/strong> ne pourra pas, et ne permettra pas \u00e0 d'autres de le faire, alt\u00e9rer, modifier ou r\u00e9organiser le syst\u00e8me. <strong>SERVICES<\/strong>ou les installations n\u00e9cessaires \u00e0 la fourniture de la <strong>SERVICES<\/strong>ou d'abuser ou d'utiliser frauduleusement les <strong>SERVICES<\/strong>y compris, sans s'y limiter, l'utilisation du <strong>SERVICES<\/strong>:<\/p>\n<ol>\n<li>d'une mani\u00e8re qui interf\u00e8re avec <strong>INTERNET ATLANTIQUE<\/strong>ou l'acc\u00e8s par d'autres personnes ;<\/li>\n<li>contrairement aux instructions raisonnables communiqu\u00e9es au <strong>CLIENT<\/strong> par <strong>INTERNET ATLANTIQUE<\/strong>;<\/li>\n<li>\u00e0 quelque fin que ce soit ou de quelque mani\u00e8re que ce soit, directement ou indirectement, en violation des lois applicables ou des droits d'un tiers ou pour \u00e9viter le paiement de frais.<\/li>\n<li>Le <strong>CLIENT<\/strong> ne doit pas ;<\/li>\n<li>commettre, tenter de commettre ou permettre \u00e0 d'autres de commettre ou de tenter de commettre toute fraude \u00e0 l'encontre de <strong>INTERNET ATLANTIQUE<\/strong>y compris l'obtention frauduleuse <strong>SERVICES<\/strong> ou Dispositifs, ou<\/li>\n<li>transformer des communications sortantes en communications entrantes, tenter d'\u00e9viter les frais applicables, ou<\/li>\n<li>abuser d'une mani\u00e8re ou d'une autre de la <strong>SERVICES<\/strong>Vous pouvez \u00e9galement proposer des plans d'utilisation forfaitaire ou illimit\u00e9e, ou permettre \u00e0 d'autres personnes d'utiliser l'une des options pr\u00e9c\u00e9dentes.<\/li>\n<\/ol>\n<p>En plus des politiques g\u00e9n\u00e9rales d'utilisation acceptable d\u00e9j\u00e0 \u00e9nonc\u00e9es, les <strong>SERVICES<\/strong> \u00e9num\u00e9r\u00e9s ci-dessous sont soumis aux r\u00e8gles et lignes directrices suivantes.<\/p>\n<p>Toute utilisation excessive de nos plans illimit\u00e9s peut donner lieu au recouvrement, sans pr\u00e9avis, des frais raisonnables d\u00e9crits ci-dessous.<\/p>\n<table style=\"height: 676px;\" width=\"758\">\n<tbody>\n<tr>\n<td width=\"64\">1<\/td>\n<td width=\"64\">T\u00e9raoctet<\/td>\n<td width=\"117\">Avertissement \u00e9mis<\/td>\n<td width=\"93\">Suppl\u00e9ment mensuel<\/td>\n<\/tr>\n<tr>\n<td width=\"64\">1.25<\/td>\n<td width=\"64\">T\u00e9raoctet<\/td>\n<td width=\"117\">Avertissement \u00e9mis<\/td>\n<td width=\"93\">Suppl\u00e9ment mensuel<\/td>\n<\/tr>\n<tr>\n<td width=\"64\">1.5<\/td>\n<td width=\"64\">T\u00e9raoctet<\/td>\n<td width=\"117\">Avertissement \u00e9mis<\/td>\n<td width=\"93\">Suppl\u00e9ment mensuel<\/td>\n<\/tr>\n<tr>\n<td width=\"64\">1.75<\/td>\n<td width=\"64\">T\u00e9raoctet<\/td>\n<td width=\"117\">Avertissement \u00e9mis<\/td>\n<td width=\"93\">Suppl\u00e9ment mensuel<\/td>\n<\/tr>\n<tr>\n<td width=\"64\">2<\/td>\n<td width=\"64\">T\u00e9raoctet<\/td>\n<td width=\"117\">$15.76<\/td>\n<td width=\"93\">Suppl\u00e9ment mensuel<\/td>\n<\/tr>\n<tr>\n<td width=\"64\">2.25<\/td>\n<td width=\"64\">T\u00e9raoctet<\/td>\n<td width=\"117\">$19.70<\/td>\n<td width=\"93\">Suppl\u00e9ment mensuel<\/td>\n<\/tr>\n<tr>\n<td width=\"64\">2.5<\/td>\n<td width=\"64\">T\u00e9raoctet<\/td>\n<td width=\"117\">$23.64<\/td>\n<td width=\"93\">Suppl\u00e9ment mensuel<\/td>\n<\/tr>\n<tr>\n<td width=\"64\">2.75<\/td>\n<td width=\"64\">T\u00e9raoctet<\/td>\n<td width=\"117\">$27.58<\/td>\n<td width=\"93\">Suppl\u00e9ment mensuel<\/td>\n<\/tr>\n<tr>\n<td width=\"64\">3<\/td>\n<td width=\"64\">T\u00e9raoctet<\/td>\n<td width=\"117\">$31.52<\/td>\n<td width=\"93\">Suppl\u00e9ment mensuel<\/td>\n<\/tr>\n<tr>\n<td width=\"64\">3.25<\/td>\n<td width=\"64\">T\u00e9raoctet<\/td>\n<td width=\"117\">$35.46<\/td>\n<td width=\"93\">Suppl\u00e9ment mensuel<\/td>\n<\/tr>\n<tr>\n<td width=\"64\">3.25+<\/td>\n<td width=\"64\">T\u00e9raoctet<\/td>\n<td width=\"117\">\u00a0TBD<\/td>\n<td width=\"93\">Suppl\u00e9ment mensuel<\/td>\n<\/tr>\n<\/tbody>\n<\/table>\n<p><span style=\"color: #ff0000;\"><strong>*** FIN DU DOCUMENT ***<\/strong><\/span><\/p>\n\t<\/div>\n<\/div>\n\n\n\n\n\t\t\t<\/div> \n\t\t<\/div>\n\t<\/div> \n<\/div><\/div>","protected":false},"excerpt":{"rendered":"Politique d'utilisation acceptable Mise \u00e0 jour le 5 janvier 2023. Nous sommes Internet Atlantic Inc. (INTERNET ATLANTIC) et voici notre politique d'utilisation acceptable. Nous l'appelons la Politique d'Utilisation Acceptable (PUA) qui d\u00e9crit...","protected":false},"author":4,"featured_media":0,"parent":0,"menu_order":0,"comment_status":"closed","ping_status":"closed","template":"","meta":{"footnotes":""},"class_list":["post-589","page","type-page","status-publish"],"yoast_head":"<!-- This site is optimized with the Yoast SEO plugin v25.8 - https:\/\/yoast.com\/wordpress\/plugins\/seo\/ -->\n<title>Acceptable Use Policy - Internet Atlantic - Home Internet, Phone &amp; TV<\/title>\n<meta name=\"description\" content=\"Hi. We\u2019re Internet Atlantic. We&#039;re a provider of Internet, Phone and TV services.\" \/>\n<meta name=\"robots\" content=\"noindex, nofollow\" \/>\n<meta property=\"og:locale\" content=\"fr_CA\" \/>\n<meta property=\"og:type\" content=\"article\" \/>\n<meta property=\"og:title\" content=\"Acceptable Use Policy - Internet Atlantic - Home Internet, Phone &amp; TV\" \/>\n<meta property=\"og:description\" content=\"Hi. We\u2019re Internet Atlantic. We&#039;re a provider of Internet, Phone and TV services.\" \/>\n<meta property=\"og:url\" content=\"https:\/\/internetatlantic.com\/fr\/aup\/\" \/>\n<meta property=\"og:site_name\" content=\"Internet Atlantic - Home Internet, Phone &amp; TV\" \/>\n<meta property=\"article:publisher\" content=\"https:\/\/www.facebook.com\/blueflagnetworks\/\" \/>\n<meta property=\"article:modified_time\" content=\"2024-04-24T02:06:06+00:00\" \/>\n<meta property=\"og:image\" content=\"https:\/\/internetatlantic.com\/wp-content\/uploads\/2022\/04\/cropped-internet-atlantic-favicon.png\" \/>\n\t<meta property=\"og:image:width\" content=\"512\" \/>\n\t<meta property=\"og:image:height\" content=\"512\" \/>\n\t<meta property=\"og:image:type\" content=\"image\/png\" \/>\n<meta name=\"twitter:card\" content=\"summary_large_image\" \/>\n<meta name=\"twitter:label1\" content=\"Estimation du temps de lecture\" \/>\n\t<meta name=\"twitter:data1\" content=\"3 minutes\" \/>\n<script type=\"application\/ld+json\" class=\"yoast-schema-graph\">{\"@context\":\"https:\/\/schema.org\",\"@graph\":[{\"@type\":\"WebPage\",\"@id\":\"https:\/\/internetatlantic.com\/aup\/\",\"url\":\"https:\/\/internetatlantic.com\/aup\/\",\"name\":\"Acceptable Use Policy - Internet Atlantic - Home Internet, Phone &amp; TV\",\"isPartOf\":{\"@id\":\"https:\/\/internetatlantic.com\/#website\"},\"datePublished\":\"2023-03-11T21:49:17+00:00\",\"dateModified\":\"2024-04-24T02:06:06+00:00\",\"description\":\"Hi. We\u2019re Internet Atlantic. We're a provider of Internet, Phone and TV services.\",\"inLanguage\":\"fr-CA\",\"potentialAction\":[{\"@type\":\"ReadAction\",\"target\":[\"https:\/\/internetatlantic.com\/aup\/\"]}]},{\"@type\":\"WebSite\",\"@id\":\"https:\/\/internetatlantic.com\/#website\",\"url\":\"https:\/\/internetatlantic.com\/\",\"name\":\"Internet Atlantic - Home Internet, Phone and TV\",\"description\":\"We offer Internet, Phone and TV services to simplify your life and save you money.\",\"publisher\":{\"@id\":\"https:\/\/internetatlantic.com\/#organization\"},\"potentialAction\":[{\"@type\":\"SearchAction\",\"target\":{\"@type\":\"EntryPoint\",\"urlTemplate\":\"https:\/\/internetatlantic.com\/?s={search_term_string}\"},\"query-input\":{\"@type\":\"PropertyValueSpecification\",\"valueRequired\":true,\"valueName\":\"search_term_string\"}}],\"inLanguage\":\"fr-CA\"},{\"@type\":\"Organization\",\"@id\":\"https:\/\/internetatlantic.com\/#organization\",\"name\":\"Internet Atlantic - Home Internet, Phone and TV\",\"url\":\"https:\/\/internetatlantic.com\/\",\"logo\":{\"@type\":\"ImageObject\",\"inLanguage\":\"fr-CA\",\"@id\":\"https:\/\/internetatlantic.com\/#\/schema\/logo\/image\/\",\"url\":\"https:\/\/internetatlantic.com\/wp-content\/uploads\/2022\/04\/cropped-internet-atlantic-favicon.png\",\"contentUrl\":\"https:\/\/internetatlantic.com\/wp-content\/uploads\/2022\/04\/cropped-internet-atlantic-favicon.png\",\"width\":512,\"height\":512,\"caption\":\"Internet Atlantic - Home Internet, Phone and TV\"},\"image\":{\"@id\":\"https:\/\/internetatlantic.com\/#\/schema\/logo\/image\/\"},\"sameAs\":[\"https:\/\/www.facebook.com\/blueflagnetworks\/\",\"https:\/\/www.instagram.com\/internetatlantic\/\"]}]}<\/script>\n<!-- \/ Yoast SEO plugin. -->","yoast_head_json":{"title":"Acceptable Use Policy - Internet Atlantic - Home Internet, Phone &amp; TV","description":"Bonjour, nous sommes Internet Atlantic. Nous sommes un fournisseur de services Internet, de t\u00e9l\u00e9phonie et de t\u00e9l\u00e9vision.","robots":{"index":"noindex","follow":"nofollow"},"og_locale":"fr_CA","og_type":"article","og_title":"Acceptable Use Policy - Internet Atlantic - Home Internet, Phone &amp; TV","og_description":"Hi. We\u2019re Internet Atlantic. We're a provider of Internet, Phone and TV services.","og_url":"https:\/\/internetatlantic.com\/fr\/aup\/","og_site_name":"Internet Atlantic - Home Internet, Phone &amp; TV","article_publisher":"https:\/\/www.facebook.com\/blueflagnetworks\/","article_modified_time":"2024-04-24T02:06:06+00:00","og_image":[{"width":512,"height":512,"url":"https:\/\/internetatlantic.com\/wp-content\/uploads\/2022\/04\/cropped-internet-atlantic-favicon.png","type":"image\/png"}],"twitter_card":"summary_large_image","twitter_misc":{"Estimation du temps de lecture":"3 minutes"},"schema":{"@context":"https:\/\/schema.org","@graph":[{"@type":"WebPage","@id":"https:\/\/internetatlantic.com\/aup\/","url":"https:\/\/internetatlantic.com\/aup\/","name":"Acceptable Use Policy - Internet Atlantic - Home Internet, Phone &amp; TV","isPartOf":{"@id":"https:\/\/internetatlantic.com\/#website"},"datePublished":"2023-03-11T21:49:17+00:00","dateModified":"2024-04-24T02:06:06+00:00","description":"Bonjour, nous sommes Internet Atlantic. Nous sommes un fournisseur de services Internet, de t\u00e9l\u00e9phonie et de t\u00e9l\u00e9vision.","inLanguage":"fr-CA","potentialAction":[{"@type":"ReadAction","target":["https:\/\/internetatlantic.com\/aup\/"]}]},{"@type":"WebSite","@id":"https:\/\/internetatlantic.com\/#website","url":"https:\/\/internetatlantic.com\/","name":"Internet Atlantic - Internet, t\u00e9l\u00e9phone et t\u00e9l\u00e9vision \u00e0 domicile","description":"Nous proposons des services Internet, de t\u00e9l\u00e9phonie et de t\u00e9l\u00e9vision pour vous simplifier la vie et vous faire \u00e9conomiser de l'argent.","publisher":{"@id":"https:\/\/internetatlantic.com\/#organization"},"potentialAction":[{"@type":"SearchAction","target":{"@type":"EntryPoint","urlTemplate":"https:\/\/internetatlantic.com\/?s={search_term_string}"},"query-input":{"@type":"PropertyValueSpecification","valueRequired":true,"valueName":"search_term_string"}}],"inLanguage":"fr-CA"},{"@type":"Organization","@id":"https:\/\/internetatlantic.com\/#organization","name":"Internet Atlantic - Internet, t\u00e9l\u00e9phone et t\u00e9l\u00e9vision \u00e0 domicile","url":"https:\/\/internetatlantic.com\/","logo":{"@type":"ImageObject","inLanguage":"fr-CA","@id":"https:\/\/internetatlantic.com\/#\/schema\/logo\/image\/","url":"https:\/\/internetatlantic.com\/wp-content\/uploads\/2022\/04\/cropped-internet-atlantic-favicon.png","contentUrl":"https:\/\/internetatlantic.com\/wp-content\/uploads\/2022\/04\/cropped-internet-atlantic-favicon.png","width":512,"height":512,"caption":"Internet Atlantic - Home Internet, Phone and TV"},"image":{"@id":"https:\/\/internetatlantic.com\/#\/schema\/logo\/image\/"},"sameAs":["https:\/\/www.facebook.com\/blueflagnetworks\/","https:\/\/www.instagram.com\/internetatlantic\/"]}]}},"_links":{"self":[{"href":"https:\/\/internetatlantic.com\/fr\/wp-json\/wp\/v2\/pages\/589","targetHints":{"allow":["GET"]}}],"collection":[{"href":"https:\/\/internetatlantic.com\/fr\/wp-json\/wp\/v2\/pages"}],"about":[{"href":"https:\/\/internetatlantic.com\/fr\/wp-json\/wp\/v2\/types\/page"}],"author":[{"embeddable":true,"href":"https:\/\/internetatlantic.com\/fr\/wp-json\/wp\/v2\/users\/4"}],"replies":[{"embeddable":true,"href":"https:\/\/internetatlantic.com\/fr\/wp-json\/wp\/v2\/comments?post=589"}],"version-history":[{"count":2,"href":"https:\/\/internetatlantic.com\/fr\/wp-json\/wp\/v2\/pages\/589\/revisions"}],"predecessor-version":[{"id":591,"href":"https:\/\/internetatlantic.com\/fr\/wp-json\/wp\/v2\/pages\/589\/revisions\/591"}],"wp:attachment":[{"href":"https:\/\/internetatlantic.com\/fr\/wp-json\/wp\/v2\/media?parent=589"}],"curies":[{"name":"wp","href":"https:\/\/api.w.org\/{rel}","templated":true}]}}