{"id":686,"date":"2023-03-15T22:59:43","date_gmt":"2023-03-16T02:59:43","guid":{"rendered":"https:\/\/internetatlantic.com\/?page_id=686"},"modified":"2024-04-23T22:19:08","modified_gmt":"2024-04-24T02:19:08","slug":"law-enforcement","status":"publish","type":"page","link":"https:\/\/internetatlantic.com\/fr\/law-enforcement\/","title":{"rendered":"Application de la loi"},"content":{"rendered":"<div id=\"fws_69d9b3fa824cb\"  data-column-margin=\"default\" data-midnight=\"dark\"  class=\"wpb_row vc_row-fluid vc_row\"  style=\"padding-top: 0px; padding-bottom: 0px; \"><div class=\"row-bg-wrap\" data-bg-animation=\"none\" data-bg-animation-delay=\"\" data-bg-overlay=\"false\"><div class=\"inner-wrap row-bg-layer\" ><div class=\"row-bg viewport-desktop\"  style=\"\"><\/div><\/div><\/div><div class=\"row_col_wrap_12 col span_12 dark left\">\n\t<div  class=\"vc_col-sm-12 wpb_column column_container vc_column_container col no-extra-padding inherit_tablet inherit_phone\"  data-padding-pos=\"all\" data-has-bg-color=\"false\" data-bg-color=\"\" data-bg-opacity=\"1\" data-animation=\"\" data-delay=\"0\" >\n\t\t<div class=\"vc_column-inner\" >\n\t\t\t<div class=\"wpb_wrapper\">\n\t\t\t\t\n<div class=\"wpb_text_column wpb_content_element\" >\n\t<div class=\"wpb_wrapper\">\n\t\t<h1>Application de la loi<\/h1>\n\t<\/div>\n<\/div>\n\n\n\n\n<div class=\"wpb_text_column wpb_content_element\" >\n\t<div class=\"wpb_wrapper\">\n\t\t<p><span data-preserver-spaces=\"true\">Nous prenons tr\u00e8s au s\u00e9rieux notre responsabilit\u00e9 de coop\u00e9rer avec les forces de l'ordre. Afin de garantir la s\u00e9curit\u00e9 de nos clients et de notre r\u00e9seau, nous avons \u00e9tabli les lignes directrices suivantes pour les demandes des forces de l'ordre :<\/span><\/p>\n<ol>\n<li><span data-preserver-spaces=\"true\">Les demandes d'information des clients doivent \u00eatre formul\u00e9es par \u00e9crit et \u00eatre accompagn\u00e9es d'une citation \u00e0 compara\u00eetre ou d'une d\u00e9cision de justice en bonne et due forme.<\/span><\/li>\n<li><span data-preserver-spaces=\"true\">Les demandes doivent \u00eatre sp\u00e9cifiques, limit\u00e9es dans leur port\u00e9e et se rapporter \u00e0 une enqu\u00eate criminelle en cours.<\/span><\/li>\n<li><span data-preserver-spaces=\"true\">Nous r\u00e9pondrons aux demandes de mani\u00e8re rapide et efficace tout en prot\u00e9geant la vie priv\u00e9e de nos clients.<\/span><\/li>\n<li><span data-preserver-spaces=\"true\">Nous nous r\u00e9servons le droit de contester les demandes que nous jugeons trop larges ou qui ne respectent pas les normes juridiques.<\/span><\/li>\n<\/ol>\n<p><span data-preserver-spaces=\"true\">Nous prenons tr\u00e8s au s\u00e9rieux notre responsabilit\u00e9 en mati\u00e8re de protection de la vie priv\u00e9e de nos clients et ne divulguerons des informations que si la loi l'exige. Nous vous remercions de votre compr\u00e9hension et de votre coop\u00e9ration dans ce domaine.<\/span><\/p>\n<p>N'h\u00e9sitez pas \u00e0 nous contacter :<\/p>\n<p><strong>Par t\u00e9l\u00e9phone :<\/strong><\/p>\n<p>Local : (902) 800-7912<\/p>\n<p><strong>Par courrier \u00e9lectronique :<\/strong><\/p>\n<p>abuse@internetatlantic.com<\/p>\n<p><strong>Par courrier :<\/strong><\/p>\n<p>INTERNET ATLANTIC INC.<br \/>\n1701 Hollis St.<br \/>\nSuite 800<br \/>\nHalifax, NS B3J 3M8<\/p>\n\t<\/div>\n<\/div>\n\n\n\n\n\t\t\t<\/div> \n\t\t<\/div>\n\t<\/div> \n<\/div><\/div>","protected":false},"excerpt":{"rendered":"Law Enforcement We take our responsibility to cooperate with law enforcement very seriously. To ensure the safety and security of our customers and our network, we have established the following...","protected":false},"author":4,"featured_media":549,"parent":0,"menu_order":0,"comment_status":"closed","ping_status":"closed","template":"","meta":{"footnotes":""},"class_list":["post-686","page","type-page","status-publish","has-post-thumbnail"],"yoast_head":"<!-- This site is optimized with the Yoast SEO plugin v25.8 - https:\/\/yoast.com\/wordpress\/plugins\/seo\/ -->\n<title>Law Enforcement - Internet Atlantic - Home Internet, Phone &amp; TV<\/title>\n<meta name=\"description\" content=\"Hi. We\u2019re Internet Atlantic. We&#039;re a provider of Internet, Phone and TV services.\" \/>\n<meta name=\"robots\" content=\"noindex, nofollow\" \/>\n<meta property=\"og:locale\" content=\"fr_CA\" \/>\n<meta property=\"og:type\" content=\"article\" \/>\n<meta property=\"og:title\" content=\"Law Enforcement - Internet Atlantic - Home Internet, Phone &amp; TV\" \/>\n<meta property=\"og:description\" content=\"Hi. We\u2019re Internet Atlantic. We&#039;re a provider of Internet, Phone and TV services.\" \/>\n<meta property=\"og:url\" content=\"https:\/\/internetatlantic.com\/fr\/law-enforcement\/\" \/>\n<meta property=\"og:site_name\" content=\"Internet Atlantic - Home Internet, Phone &amp; TV\" \/>\n<meta property=\"article:publisher\" content=\"https:\/\/www.facebook.com\/blueflagnetworks\/\" \/>\n<meta property=\"article:modified_time\" content=\"2024-04-24T02:19:08+00:00\" \/>\n<meta property=\"og:image\" content=\"https:\/\/internetatlantic.com\/wp-content\/uploads\/2023\/03\/Internet_atlantic_gravitar.png\" \/>\n\t<meta property=\"og:image:width\" content=\"1760\" \/>\n\t<meta property=\"og:image:height\" content=\"1760\" \/>\n\t<meta property=\"og:image:type\" content=\"image\/png\" \/>\n<meta name=\"twitter:card\" content=\"summary_large_image\" \/>\n<meta name=\"twitter:label1\" content=\"Estimation du temps de lecture\" \/>\n\t<meta name=\"twitter:data1\" content=\"2 minutes\" \/>\n<script type=\"application\/ld+json\" class=\"yoast-schema-graph\">{\"@context\":\"https:\/\/schema.org\",\"@graph\":[{\"@type\":\"WebPage\",\"@id\":\"https:\/\/internetatlantic.com\/law-enforcement\/\",\"url\":\"https:\/\/internetatlantic.com\/law-enforcement\/\",\"name\":\"Law Enforcement - Internet Atlantic - Home Internet, Phone &amp; TV\",\"isPartOf\":{\"@id\":\"https:\/\/internetatlantic.com\/#website\"},\"primaryImageOfPage\":{\"@id\":\"https:\/\/internetatlantic.com\/law-enforcement\/#primaryimage\"},\"image\":{\"@id\":\"https:\/\/internetatlantic.com\/law-enforcement\/#primaryimage\"},\"thumbnailUrl\":\"https:\/\/internetatlantic.com\/wp-content\/uploads\/2023\/03\/Internet_atlantic_gravitar.png\",\"datePublished\":\"2023-03-16T02:59:43+00:00\",\"dateModified\":\"2024-04-24T02:19:08+00:00\",\"description\":\"Hi. We\u2019re Internet Atlantic. We're a provider of Internet, Phone and TV services.\",\"inLanguage\":\"fr-CA\",\"potentialAction\":[{\"@type\":\"ReadAction\",\"target\":[\"https:\/\/internetatlantic.com\/law-enforcement\/\"]}]},{\"@type\":\"ImageObject\",\"inLanguage\":\"fr-CA\",\"@id\":\"https:\/\/internetatlantic.com\/law-enforcement\/#primaryimage\",\"url\":\"https:\/\/internetatlantic.com\/wp-content\/uploads\/2023\/03\/Internet_atlantic_gravitar.png\",\"contentUrl\":\"https:\/\/internetatlantic.com\/wp-content\/uploads\/2023\/03\/Internet_atlantic_gravitar.png\",\"width\":1760,\"height\":1760},{\"@type\":\"WebSite\",\"@id\":\"https:\/\/internetatlantic.com\/#website\",\"url\":\"https:\/\/internetatlantic.com\/\",\"name\":\"Internet Atlantic - Home Internet, Phone and TV\",\"description\":\"We offer Internet, Phone and TV services to simplify your life and save you money.\",\"publisher\":{\"@id\":\"https:\/\/internetatlantic.com\/#organization\"},\"potentialAction\":[{\"@type\":\"SearchAction\",\"target\":{\"@type\":\"EntryPoint\",\"urlTemplate\":\"https:\/\/internetatlantic.com\/?s={search_term_string}\"},\"query-input\":{\"@type\":\"PropertyValueSpecification\",\"valueRequired\":true,\"valueName\":\"search_term_string\"}}],\"inLanguage\":\"fr-CA\"},{\"@type\":\"Organization\",\"@id\":\"https:\/\/internetatlantic.com\/#organization\",\"name\":\"Internet Atlantic - Home Internet, Phone and TV\",\"url\":\"https:\/\/internetatlantic.com\/\",\"logo\":{\"@type\":\"ImageObject\",\"inLanguage\":\"fr-CA\",\"@id\":\"https:\/\/internetatlantic.com\/#\/schema\/logo\/image\/\",\"url\":\"https:\/\/internetatlantic.com\/wp-content\/uploads\/2022\/04\/cropped-internet-atlantic-favicon.png\",\"contentUrl\":\"https:\/\/internetatlantic.com\/wp-content\/uploads\/2022\/04\/cropped-internet-atlantic-favicon.png\",\"width\":512,\"height\":512,\"caption\":\"Internet Atlantic - Home Internet, Phone and TV\"},\"image\":{\"@id\":\"https:\/\/internetatlantic.com\/#\/schema\/logo\/image\/\"},\"sameAs\":[\"https:\/\/www.facebook.com\/blueflagnetworks\/\",\"https:\/\/www.instagram.com\/internetatlantic\/\"]}]}<\/script>\n<!-- \/ Yoast SEO plugin. -->","yoast_head_json":{"title":"Law Enforcement - Internet Atlantic - Home Internet, Phone &amp; TV","description":"Bonjour, nous sommes Internet Atlantic. Nous sommes un fournisseur de services Internet, de t\u00e9l\u00e9phonie et de t\u00e9l\u00e9vision.","robots":{"index":"noindex","follow":"nofollow"},"og_locale":"fr_CA","og_type":"article","og_title":"Law Enforcement - Internet Atlantic - Home Internet, Phone &amp; TV","og_description":"Hi. We\u2019re Internet Atlantic. We're a provider of Internet, Phone and TV services.","og_url":"https:\/\/internetatlantic.com\/fr\/law-enforcement\/","og_site_name":"Internet Atlantic - Home Internet, Phone &amp; TV","article_publisher":"https:\/\/www.facebook.com\/blueflagnetworks\/","article_modified_time":"2024-04-24T02:19:08+00:00","og_image":[{"width":1760,"height":1760,"url":"https:\/\/internetatlantic.com\/wp-content\/uploads\/2023\/03\/Internet_atlantic_gravitar.png","type":"image\/png"}],"twitter_card":"summary_large_image","twitter_misc":{"Estimation du temps de lecture":"2 minutes"},"schema":{"@context":"https:\/\/schema.org","@graph":[{"@type":"WebPage","@id":"https:\/\/internetatlantic.com\/law-enforcement\/","url":"https:\/\/internetatlantic.com\/law-enforcement\/","name":"Law Enforcement - Internet Atlantic - Home Internet, Phone &amp; TV","isPartOf":{"@id":"https:\/\/internetatlantic.com\/#website"},"primaryImageOfPage":{"@id":"https:\/\/internetatlantic.com\/law-enforcement\/#primaryimage"},"image":{"@id":"https:\/\/internetatlantic.com\/law-enforcement\/#primaryimage"},"thumbnailUrl":"https:\/\/internetatlantic.com\/wp-content\/uploads\/2023\/03\/Internet_atlantic_gravitar.png","datePublished":"2023-03-16T02:59:43+00:00","dateModified":"2024-04-24T02:19:08+00:00","description":"Bonjour, nous sommes Internet Atlantic. Nous sommes un fournisseur de services Internet, de t\u00e9l\u00e9phonie et de t\u00e9l\u00e9vision.","inLanguage":"fr-CA","potentialAction":[{"@type":"ReadAction","target":["https:\/\/internetatlantic.com\/law-enforcement\/"]}]},{"@type":"ImageObject","inLanguage":"fr-CA","@id":"https:\/\/internetatlantic.com\/law-enforcement\/#primaryimage","url":"https:\/\/internetatlantic.com\/wp-content\/uploads\/2023\/03\/Internet_atlantic_gravitar.png","contentUrl":"https:\/\/internetatlantic.com\/wp-content\/uploads\/2023\/03\/Internet_atlantic_gravitar.png","width":1760,"height":1760},{"@type":"WebSite","@id":"https:\/\/internetatlantic.com\/#website","url":"https:\/\/internetatlantic.com\/","name":"Internet Atlantic - Internet, t\u00e9l\u00e9phone et t\u00e9l\u00e9vision \u00e0 domicile","description":"Nous proposons des services Internet, de t\u00e9l\u00e9phonie et de t\u00e9l\u00e9vision pour vous simplifier la vie et vous faire \u00e9conomiser de l'argent.","publisher":{"@id":"https:\/\/internetatlantic.com\/#organization"},"potentialAction":[{"@type":"SearchAction","target":{"@type":"EntryPoint","urlTemplate":"https:\/\/internetatlantic.com\/?s={search_term_string}"},"query-input":{"@type":"PropertyValueSpecification","valueRequired":true,"valueName":"search_term_string"}}],"inLanguage":"fr-CA"},{"@type":"Organization","@id":"https:\/\/internetatlantic.com\/#organization","name":"Internet Atlantic - Internet, t\u00e9l\u00e9phone et t\u00e9l\u00e9vision \u00e0 domicile","url":"https:\/\/internetatlantic.com\/","logo":{"@type":"ImageObject","inLanguage":"fr-CA","@id":"https:\/\/internetatlantic.com\/#\/schema\/logo\/image\/","url":"https:\/\/internetatlantic.com\/wp-content\/uploads\/2022\/04\/cropped-internet-atlantic-favicon.png","contentUrl":"https:\/\/internetatlantic.com\/wp-content\/uploads\/2022\/04\/cropped-internet-atlantic-favicon.png","width":512,"height":512,"caption":"Internet Atlantic - Home Internet, Phone and TV"},"image":{"@id":"https:\/\/internetatlantic.com\/#\/schema\/logo\/image\/"},"sameAs":["https:\/\/www.facebook.com\/blueflagnetworks\/","https:\/\/www.instagram.com\/internetatlantic\/"]}]}},"_links":{"self":[{"href":"https:\/\/internetatlantic.com\/fr\/wp-json\/wp\/v2\/pages\/686","targetHints":{"allow":["GET"]}}],"collection":[{"href":"https:\/\/internetatlantic.com\/fr\/wp-json\/wp\/v2\/pages"}],"about":[{"href":"https:\/\/internetatlantic.com\/fr\/wp-json\/wp\/v2\/types\/page"}],"author":[{"embeddable":true,"href":"https:\/\/internetatlantic.com\/fr\/wp-json\/wp\/v2\/users\/4"}],"replies":[{"embeddable":true,"href":"https:\/\/internetatlantic.com\/fr\/wp-json\/wp\/v2\/comments?post=686"}],"version-history":[{"count":2,"href":"https:\/\/internetatlantic.com\/fr\/wp-json\/wp\/v2\/pages\/686\/revisions"}],"predecessor-version":[{"id":688,"href":"https:\/\/internetatlantic.com\/fr\/wp-json\/wp\/v2\/pages\/686\/revisions\/688"}],"wp:featuredmedia":[{"embeddable":true,"href":"https:\/\/internetatlantic.com\/fr\/wp-json\/wp\/v2\/media\/549"}],"wp:attachment":[{"href":"https:\/\/internetatlantic.com\/fr\/wp-json\/wp\/v2\/media?parent=686"}],"curies":[{"name":"wp","href":"https:\/\/api.w.org\/{rel}","templated":true}]}}