{"id":760,"date":"2023-06-15T23:23:24","date_gmt":"2023-06-16T03:23:24","guid":{"rendered":"https:\/\/internetatlantic.com\/?page_id=760"},"modified":"2024-04-23T22:26:10","modified_gmt":"2024-04-24T02:26:10","slug":"blueflagnetworks","status":"publish","type":"page","link":"https:\/\/internetatlantic.com\/fr\/blueflagnetworks\/","title":{"rendered":"Bienvenue aux clients de Blue Flag Networks"},"content":{"rendered":"<div id=\"fws_69d99bdfe4495\"  data-column-margin=\"default\" data-midnight=\"dark\"  class=\"wpb_row vc_row-fluid vc_row\"  style=\"padding-top: 0px; padding-bottom: 0px; \"><div class=\"row-bg-wrap\" data-bg-animation=\"none\" data-bg-animation-delay=\"\" data-bg-overlay=\"false\"><div class=\"inner-wrap row-bg-layer\" ><div class=\"row-bg viewport-desktop\"  style=\"\"><\/div><\/div><\/div><div class=\"row_col_wrap_12 col span_12 dark left\">\n\t<div  class=\"vc_col-sm-12 wpb_column column_container vc_column_container col no-extra-padding inherit_tablet inherit_phone\"  data-padding-pos=\"all\" data-has-bg-color=\"false\" data-bg-color=\"\" data-bg-opacity=\"1\" data-animation=\"\" data-delay=\"0\" >\n\t\t<div class=\"vc_column-inner\" >\n\t\t\t<div class=\"wpb_wrapper\">\n\t\t\t\t\n<div class=\"wpb_text_column wpb_content_element\" >\n\t<div class=\"wpb_wrapper\">\n\t\t<h1><span data-preserver-spaces=\"true\"><strong>Blue Flag Networks est d\u00e9sormais Internet Atlantic Inc.<\/strong><\/span><\/h1>\n\t<\/div>\n<\/div>\n\n\n\n\n<div class=\"wpb_text_column wpb_content_element\" >\n\t<div class=\"wpb_wrapper\">\n\t\t<p>Bienvenue \u00e0 Internet Atlantic Inc. Nous sommes le r\u00e9sultat de la fusion des marques Internet r\u00e9sidentielles et des petites entreprises.<\/p>\n<p><strong>Nouveau nom, m\u00eames personnes formidables<\/strong><\/p>\n<p>Nous sommes heureux de poursuivre notre engagement sur le march\u00e9 local de la c\u00f4te Est, mais nous avons d\u00e9sormais des capacit\u00e9s nationales. Nous n'arrivons pas dans une ville pr\u00e8s de chez vous, nous y sommes d\u00e9j\u00e0 !<\/p>\n\t<\/div>\n<\/div>\n\n\n\n<div class=\"img-with-aniamtion-wrap  custom-size custom-width-25pct\" data-max-width=\"custom\" data-max-width-mobile=\"default\" data-shadow=\"none\" data-animation=\"fade-in\" >\n      <div class=\"inner\">\n        <div class=\"hover-wrap\"> \n          <div class=\"hover-wrap-inner\">\n            <img decoding=\"async\" class=\"img-with-animation skip-lazy\" data-delay=\"0\" height=\"154\" width=\"504\" data-animation=\"fade-in\" src=\"https:\/\/internetatlantic.com\/wp-content\/uploads\/2023\/06\/BlueFlag-logo-retina.png\" alt=\"\" srcset=\"https:\/\/internetatlantic.com\/wp-content\/uploads\/2023\/06\/BlueFlag-logo-retina.png 504w, https:\/\/internetatlantic.com\/wp-content\/uploads\/2023\/06\/BlueFlag-logo-retina-300x92.png 300w, https:\/\/internetatlantic.com\/wp-content\/uploads\/2023\/06\/BlueFlag-logo-retina-500x154.png 500w\" sizes=\"(max-width: 504px) 100vw, 504px\" \/>\n          <\/div>\n        <\/div>\n      <\/div>\n    <\/div>\n\t\t\t<\/div> \n\t\t<\/div>\n\t<\/div> \n<\/div><\/div>","protected":false},"excerpt":{"rendered":"Blue Flag Networks is now Internet Atlantic Inc. Welcome to Internet Atlantic Inc. We are the result of merging residential and small business Internet brands. New name, same great people...","protected":false},"author":2,"featured_media":0,"parent":0,"menu_order":0,"comment_status":"closed","ping_status":"closed","template":"","meta":{"footnotes":""},"class_list":["post-760","page","type-page","status-publish"],"yoast_head":"<!-- This site is optimized with the Yoast SEO plugin v25.8 - https:\/\/yoast.com\/wordpress\/plugins\/seo\/ -->\n<title>Welcome Blue Flag Networks Customers - Internet Atlantic - Home Internet, Phone &amp; TV<\/title>\n<meta name=\"description\" content=\"Hi. We\u2019re Internet Atlantic. We&#039;re a provider of Internet, Phone and TV services.\" \/>\n<meta name=\"robots\" content=\"noindex, nofollow\" \/>\n<meta property=\"og:locale\" content=\"fr_CA\" \/>\n<meta property=\"og:type\" content=\"article\" \/>\n<meta property=\"og:title\" content=\"Welcome Blue Flag Networks Customers - Internet Atlantic - Home Internet, Phone &amp; TV\" \/>\n<meta property=\"og:description\" content=\"Hi. We\u2019re Internet Atlantic. We&#039;re a provider of Internet, Phone and TV services.\" \/>\n<meta property=\"og:url\" content=\"https:\/\/internetatlantic.com\/fr\/blueflagnetworks\/\" \/>\n<meta property=\"og:site_name\" content=\"Internet Atlantic - Home Internet, Phone &amp; TV\" \/>\n<meta property=\"article:publisher\" content=\"https:\/\/www.facebook.com\/blueflagnetworks\/\" \/>\n<meta property=\"article:modified_time\" content=\"2024-04-24T02:26:10+00:00\" \/>\n<meta property=\"og:image\" content=\"https:\/\/internetatlantic.com\/wp-content\/uploads\/2022\/04\/cropped-internet-atlantic-favicon.png\" \/>\n\t<meta property=\"og:image:width\" content=\"512\" \/>\n\t<meta property=\"og:image:height\" content=\"512\" \/>\n\t<meta property=\"og:image:type\" content=\"image\/png\" \/>\n<meta name=\"twitter:card\" content=\"summary_large_image\" \/>\n<meta name=\"twitter:label1\" content=\"Estimation du temps de lecture\" \/>\n\t<meta name=\"twitter:data1\" content=\"1 minute\" \/>\n<script type=\"application\/ld+json\" class=\"yoast-schema-graph\">{\"@context\":\"https:\/\/schema.org\",\"@graph\":[{\"@type\":\"WebPage\",\"@id\":\"https:\/\/internetatlantic.com\/blueflagnetworks\/\",\"url\":\"https:\/\/internetatlantic.com\/blueflagnetworks\/\",\"name\":\"Welcome Blue Flag Networks Customers - Internet Atlantic - Home Internet, Phone &amp; TV\",\"isPartOf\":{\"@id\":\"https:\/\/internetatlantic.com\/#website\"},\"datePublished\":\"2023-06-16T03:23:24+00:00\",\"dateModified\":\"2024-04-24T02:26:10+00:00\",\"description\":\"Hi. We\u2019re Internet Atlantic. We're a provider of Internet, Phone and TV services.\",\"inLanguage\":\"fr-CA\",\"potentialAction\":[{\"@type\":\"ReadAction\",\"target\":[\"https:\/\/internetatlantic.com\/blueflagnetworks\/\"]}]},{\"@type\":\"WebSite\",\"@id\":\"https:\/\/internetatlantic.com\/#website\",\"url\":\"https:\/\/internetatlantic.com\/\",\"name\":\"Internet Atlantic - Home Internet, Phone and TV\",\"description\":\"We offer Internet, Phone and TV services to simplify your life and save you money.\",\"publisher\":{\"@id\":\"https:\/\/internetatlantic.com\/#organization\"},\"potentialAction\":[{\"@type\":\"SearchAction\",\"target\":{\"@type\":\"EntryPoint\",\"urlTemplate\":\"https:\/\/internetatlantic.com\/?s={search_term_string}\"},\"query-input\":{\"@type\":\"PropertyValueSpecification\",\"valueRequired\":true,\"valueName\":\"search_term_string\"}}],\"inLanguage\":\"fr-CA\"},{\"@type\":\"Organization\",\"@id\":\"https:\/\/internetatlantic.com\/#organization\",\"name\":\"Internet Atlantic - Home Internet, Phone and TV\",\"url\":\"https:\/\/internetatlantic.com\/\",\"logo\":{\"@type\":\"ImageObject\",\"inLanguage\":\"fr-CA\",\"@id\":\"https:\/\/internetatlantic.com\/#\/schema\/logo\/image\/\",\"url\":\"https:\/\/internetatlantic.com\/wp-content\/uploads\/2022\/04\/cropped-internet-atlantic-favicon.png\",\"contentUrl\":\"https:\/\/internetatlantic.com\/wp-content\/uploads\/2022\/04\/cropped-internet-atlantic-favicon.png\",\"width\":512,\"height\":512,\"caption\":\"Internet Atlantic - Home Internet, Phone and TV\"},\"image\":{\"@id\":\"https:\/\/internetatlantic.com\/#\/schema\/logo\/image\/\"},\"sameAs\":[\"https:\/\/www.facebook.com\/blueflagnetworks\/\",\"https:\/\/www.instagram.com\/internetatlantic\/\"]}]}<\/script>\n<!-- \/ Yoast SEO plugin. -->","yoast_head_json":{"title":"Welcome Blue Flag Networks Customers - Internet Atlantic - Home Internet, Phone &amp; TV","description":"Bonjour, nous sommes Internet Atlantic. Nous sommes un fournisseur de services Internet, de t\u00e9l\u00e9phonie et de t\u00e9l\u00e9vision.","robots":{"index":"noindex","follow":"nofollow"},"og_locale":"fr_CA","og_type":"article","og_title":"Welcome Blue Flag Networks Customers - Internet Atlantic - Home Internet, Phone &amp; TV","og_description":"Hi. We\u2019re Internet Atlantic. We're a provider of Internet, Phone and TV services.","og_url":"https:\/\/internetatlantic.com\/fr\/blueflagnetworks\/","og_site_name":"Internet Atlantic - Home Internet, Phone &amp; TV","article_publisher":"https:\/\/www.facebook.com\/blueflagnetworks\/","article_modified_time":"2024-04-24T02:26:10+00:00","og_image":[{"width":512,"height":512,"url":"https:\/\/internetatlantic.com\/wp-content\/uploads\/2022\/04\/cropped-internet-atlantic-favicon.png","type":"image\/png"}],"twitter_card":"summary_large_image","twitter_misc":{"Estimation du temps de lecture":"1 minute"},"schema":{"@context":"https:\/\/schema.org","@graph":[{"@type":"WebPage","@id":"https:\/\/internetatlantic.com\/blueflagnetworks\/","url":"https:\/\/internetatlantic.com\/blueflagnetworks\/","name":"Welcome Blue Flag Networks Customers - Internet Atlantic - Home Internet, Phone &amp; TV","isPartOf":{"@id":"https:\/\/internetatlantic.com\/#website"},"datePublished":"2023-06-16T03:23:24+00:00","dateModified":"2024-04-24T02:26:10+00:00","description":"Bonjour, nous sommes Internet Atlantic. Nous sommes un fournisseur de services Internet, de t\u00e9l\u00e9phonie et de t\u00e9l\u00e9vision.","inLanguage":"fr-CA","potentialAction":[{"@type":"ReadAction","target":["https:\/\/internetatlantic.com\/blueflagnetworks\/"]}]},{"@type":"WebSite","@id":"https:\/\/internetatlantic.com\/#website","url":"https:\/\/internetatlantic.com\/","name":"Internet Atlantic - Internet, t\u00e9l\u00e9phone et t\u00e9l\u00e9vision \u00e0 domicile","description":"Nous proposons des services Internet, de t\u00e9l\u00e9phonie et de t\u00e9l\u00e9vision pour vous simplifier la vie et vous faire \u00e9conomiser de l'argent.","publisher":{"@id":"https:\/\/internetatlantic.com\/#organization"},"potentialAction":[{"@type":"SearchAction","target":{"@type":"EntryPoint","urlTemplate":"https:\/\/internetatlantic.com\/?s={search_term_string}"},"query-input":{"@type":"PropertyValueSpecification","valueRequired":true,"valueName":"search_term_string"}}],"inLanguage":"fr-CA"},{"@type":"Organization","@id":"https:\/\/internetatlantic.com\/#organization","name":"Internet Atlantic - Internet, t\u00e9l\u00e9phone et t\u00e9l\u00e9vision \u00e0 domicile","url":"https:\/\/internetatlantic.com\/","logo":{"@type":"ImageObject","inLanguage":"fr-CA","@id":"https:\/\/internetatlantic.com\/#\/schema\/logo\/image\/","url":"https:\/\/internetatlantic.com\/wp-content\/uploads\/2022\/04\/cropped-internet-atlantic-favicon.png","contentUrl":"https:\/\/internetatlantic.com\/wp-content\/uploads\/2022\/04\/cropped-internet-atlantic-favicon.png","width":512,"height":512,"caption":"Internet Atlantic - Home Internet, Phone and TV"},"image":{"@id":"https:\/\/internetatlantic.com\/#\/schema\/logo\/image\/"},"sameAs":["https:\/\/www.facebook.com\/blueflagnetworks\/","https:\/\/www.instagram.com\/internetatlantic\/"]}]}},"_links":{"self":[{"href":"https:\/\/internetatlantic.com\/fr\/wp-json\/wp\/v2\/pages\/760","targetHints":{"allow":["GET"]}}],"collection":[{"href":"https:\/\/internetatlantic.com\/fr\/wp-json\/wp\/v2\/pages"}],"about":[{"href":"https:\/\/internetatlantic.com\/fr\/wp-json\/wp\/v2\/types\/page"}],"author":[{"embeddable":true,"href":"https:\/\/internetatlantic.com\/fr\/wp-json\/wp\/v2\/users\/2"}],"replies":[{"embeddable":true,"href":"https:\/\/internetatlantic.com\/fr\/wp-json\/wp\/v2\/comments?post=760"}],"version-history":[{"count":5,"href":"https:\/\/internetatlantic.com\/fr\/wp-json\/wp\/v2\/pages\/760\/revisions"}],"predecessor-version":[{"id":1718,"href":"https:\/\/internetatlantic.com\/fr\/wp-json\/wp\/v2\/pages\/760\/revisions\/1718"}],"wp:attachment":[{"href":"https:\/\/internetatlantic.com\/fr\/wp-json\/wp\/v2\/media?parent=760"}],"curies":[{"name":"wp","href":"https:\/\/api.w.org\/{rel}","templated":true}]}}