{"id":766,"date":"2023-06-15T23:38:38","date_gmt":"2023-06-16T03:38:38","guid":{"rendered":"https:\/\/internetatlantic.com\/?page_id=766"},"modified":"2024-04-23T22:27:09","modified_gmt":"2024-04-24T02:27:09","slug":"telmax-tpia-tranfers-to-internetatlantic","status":"publish","type":"page","link":"https:\/\/internetatlantic.com\/fr\/telmax-tpia-tranfers-to-internetatlantic\/","title":{"rendered":"Welcome to telMAX customers"},"content":{"rendered":"<div id=\"fws_69d99bdfac0f6\"  data-column-margin=\"default\" data-midnight=\"dark\"  class=\"wpb_row vc_row-fluid vc_row\"  style=\"padding-top: 0px; padding-bottom: 0px; \"><div class=\"row-bg-wrap\" data-bg-animation=\"none\" data-bg-animation-delay=\"\" data-bg-overlay=\"false\"><div class=\"inner-wrap row-bg-layer\" ><div class=\"row-bg viewport-desktop\"  style=\"\"><\/div><\/div><\/div><div class=\"row_col_wrap_12 col span_12 dark left\">\n\t<div  class=\"vc_col-sm-12 wpb_column column_container vc_column_container col no-extra-padding inherit_tablet inherit_phone\"  data-padding-pos=\"all\" data-has-bg-color=\"false\" data-bg-color=\"\" data-bg-opacity=\"1\" data-animation=\"\" data-delay=\"0\" >\n\t\t<div class=\"vc_column-inner\" >\n\t\t\t<div class=\"wpb_wrapper\">\n\t\t\t\t\n<div class=\"wpb_text_column wpb_content_element\" >\n\t<div class=\"wpb_wrapper\">\n\t\t<h1><span data-preserver-spaces=\"true\">Transfert de certains clients TPIA Internet de TelMAX \u00e0 Internet Atlantic Inc.<\/span><\/h1>\n\t<\/div>\n<\/div>\n\n\n\n\n<div class=\"wpb_text_column wpb_content_element\" >\n\t<div class=\"wpb_wrapper\">\n\t\t<p>3 mars 2023<\/p>\n<p><strong>Transfert de clients Internet de TelMAX \u00e0 Internet Atlantic Inc.<br \/>\n<\/strong><\/p>\n<p>Cher client.<\/p>\n<p><strong>Internet Atlantic <\/strong>est heureux d'annoncer qu'il transf\u00e9rera les clients de l'acc\u00e8s Internet tiers de Rogers de <strong>telMAX<\/strong> \u00e0 <strong>Internet Atlantic<\/strong>.<\/p>\n<p><strong>Internet Atlantic<\/strong> est heureux de vous compter parmi ses clients. De m\u00eame, vous serez heureux de nous compter parmi vos fournisseurs. Nous nous soucions beaucoup de vous en tant que client.<\/p>\n<p>Votre <strong>Services Internet<\/strong>, <strong>T\u00e9l\u00e9phone<\/strong> et <strong>TV<\/strong> que vous avez souscrits resteront inchang\u00e9s. Vous recevrez une facture de <strong>Internet Atlantic<\/strong> \u00e0 l'avenir.<\/p>\n<p><strong>Parlons de votre relation de soutien avec vous.<\/strong><\/p>\n<p>Ce qui changera, c'est la mani\u00e8re dont vous nous contacterez pour des services. Nous disposons d\u00e9j\u00e0 de toutes les informations sur vos services, vos configurations et votre historique d'assistance. Si vous avez besoin de nous pour quelque raison que ce soit (support technique ou facturation).<\/p>\n<p>&nbsp;<\/p>\n<table>\n<tbody>\n<tr>\n<td width=\"312\">&nbsp;<\/p>\n<p><strong>1-866-211-9222<\/strong><\/td>\n<td width=\"312\">Vente <strong>Appuyer sur la touche 1<\/strong><br \/>\nSupport technique <strong>Appuyer sur la touche 2<\/strong><br \/>\nFacturation <strong>Appuyer sur la touche 3<\/strong><\/td>\n<\/tr>\n<\/tbody>\n<\/table>\n<p>&nbsp;<\/p>\n<p><strong>Votre relation de facturation<\/strong><\/p>\n<p>\u00c0 partir du 1er avril 2023, toutes les factures vous seront envoy\u00e9es via <strong>Internet Atlantic<\/strong>. Nous vous contacterons pour r\u00e9tablir les informations de facturation.<\/p>\n<p>Je vous prie d'agr\u00e9er, Monsieur le Pr\u00e9sident, l'expression de mes sentiments distingu\u00e9s,<br \/>\n<strong>Internet Atlantic Inc.<\/strong><\/p>\n\t<\/div>\n<\/div>\n\n\n\n\n\t\t\t<\/div> \n\t\t<\/div>\n\t<\/div> \n<\/div><\/div>","protected":false},"excerpt":{"rendered":"Transfer of certain TPIA Internet customers from telMAX to Internet Atlantic Inc. March 3, 2023 Transfer of Internet customers from telMAX to Internet Atlantic Inc. Dear Customer. Internet Atlantic is...","protected":false},"author":2,"featured_media":0,"parent":0,"menu_order":0,"comment_status":"closed","ping_status":"closed","template":"","meta":{"footnotes":""},"class_list":["post-766","page","type-page","status-publish"],"yoast_head":"<!-- This site is optimized with the Yoast SEO plugin v25.8 - https:\/\/yoast.com\/wordpress\/plugins\/seo\/ -->\n<title>Welcome to telMAX customers - Internet Atlantic - Home Internet, Phone &amp; TV<\/title>\n<meta name=\"description\" content=\"Hi. We\u2019re Internet Atlantic. We&#039;re a provider of Internet, Phone and TV services.\" \/>\n<meta name=\"robots\" content=\"noindex, nofollow\" \/>\n<meta property=\"og:locale\" content=\"fr_CA\" \/>\n<meta property=\"og:type\" content=\"article\" \/>\n<meta property=\"og:title\" content=\"Welcome to telMAX customers - Internet Atlantic - Home Internet, Phone &amp; TV\" \/>\n<meta property=\"og:description\" content=\"Hi. We\u2019re Internet Atlantic. We&#039;re a provider of Internet, Phone and TV services.\" \/>\n<meta property=\"og:url\" content=\"https:\/\/internetatlantic.com\/fr\/telmax-tpia-tranfers-to-internetatlantic\/\" \/>\n<meta property=\"og:site_name\" content=\"Internet Atlantic - Home Internet, Phone &amp; TV\" \/>\n<meta property=\"article:publisher\" content=\"https:\/\/www.facebook.com\/blueflagnetworks\/\" \/>\n<meta property=\"article:modified_time\" content=\"2024-04-24T02:27:09+00:00\" \/>\n<meta property=\"og:image\" content=\"https:\/\/internetatlantic.com\/wp-content\/uploads\/2022\/04\/cropped-internet-atlantic-favicon.png\" \/>\n\t<meta property=\"og:image:width\" content=\"512\" \/>\n\t<meta property=\"og:image:height\" content=\"512\" \/>\n\t<meta property=\"og:image:type\" content=\"image\/png\" \/>\n<meta name=\"twitter:card\" content=\"summary_large_image\" \/>\n<meta name=\"twitter:label1\" content=\"Estimation du temps de lecture\" \/>\n\t<meta name=\"twitter:data1\" content=\"2 minutes\" \/>\n<script type=\"application\/ld+json\" class=\"yoast-schema-graph\">{\"@context\":\"https:\/\/schema.org\",\"@graph\":[{\"@type\":\"WebPage\",\"@id\":\"https:\/\/internetatlantic.com\/telmax-tpia-tranfers-to-internetatlantic\/\",\"url\":\"https:\/\/internetatlantic.com\/telmax-tpia-tranfers-to-internetatlantic\/\",\"name\":\"Welcome to telMAX customers - Internet Atlantic - Home Internet, Phone &amp; TV\",\"isPartOf\":{\"@id\":\"https:\/\/internetatlantic.com\/#website\"},\"datePublished\":\"2023-06-16T03:38:38+00:00\",\"dateModified\":\"2024-04-24T02:27:09+00:00\",\"description\":\"Hi. We\u2019re Internet Atlantic. We're a provider of Internet, Phone and TV services.\",\"inLanguage\":\"fr-CA\",\"potentialAction\":[{\"@type\":\"ReadAction\",\"target\":[\"https:\/\/internetatlantic.com\/telmax-tpia-tranfers-to-internetatlantic\/\"]}]},{\"@type\":\"WebSite\",\"@id\":\"https:\/\/internetatlantic.com\/#website\",\"url\":\"https:\/\/internetatlantic.com\/\",\"name\":\"Internet Atlantic - Home Internet, Phone and TV\",\"description\":\"We offer Internet, Phone and TV services to simplify your life and save you money.\",\"publisher\":{\"@id\":\"https:\/\/internetatlantic.com\/#organization\"},\"potentialAction\":[{\"@type\":\"SearchAction\",\"target\":{\"@type\":\"EntryPoint\",\"urlTemplate\":\"https:\/\/internetatlantic.com\/?s={search_term_string}\"},\"query-input\":{\"@type\":\"PropertyValueSpecification\",\"valueRequired\":true,\"valueName\":\"search_term_string\"}}],\"inLanguage\":\"fr-CA\"},{\"@type\":\"Organization\",\"@id\":\"https:\/\/internetatlantic.com\/#organization\",\"name\":\"Internet Atlantic - Home Internet, Phone and TV\",\"url\":\"https:\/\/internetatlantic.com\/\",\"logo\":{\"@type\":\"ImageObject\",\"inLanguage\":\"fr-CA\",\"@id\":\"https:\/\/internetatlantic.com\/#\/schema\/logo\/image\/\",\"url\":\"https:\/\/internetatlantic.com\/wp-content\/uploads\/2022\/04\/cropped-internet-atlantic-favicon.png\",\"contentUrl\":\"https:\/\/internetatlantic.com\/wp-content\/uploads\/2022\/04\/cropped-internet-atlantic-favicon.png\",\"width\":512,\"height\":512,\"caption\":\"Internet Atlantic - Home Internet, Phone and TV\"},\"image\":{\"@id\":\"https:\/\/internetatlantic.com\/#\/schema\/logo\/image\/\"},\"sameAs\":[\"https:\/\/www.facebook.com\/blueflagnetworks\/\",\"https:\/\/www.instagram.com\/internetatlantic\/\"]}]}<\/script>\n<!-- \/ Yoast SEO plugin. -->","yoast_head_json":{"title":"Welcome to telMAX customers - Internet Atlantic - Home Internet, Phone &amp; TV","description":"Bonjour, nous sommes Internet Atlantic. Nous sommes un fournisseur de services Internet, de t\u00e9l\u00e9phonie et de t\u00e9l\u00e9vision.","robots":{"index":"noindex","follow":"nofollow"},"og_locale":"fr_CA","og_type":"article","og_title":"Welcome to telMAX customers - Internet Atlantic - Home Internet, Phone &amp; TV","og_description":"Hi. We\u2019re Internet Atlantic. We're a provider of Internet, Phone and TV services.","og_url":"https:\/\/internetatlantic.com\/fr\/telmax-tpia-tranfers-to-internetatlantic\/","og_site_name":"Internet Atlantic - Home Internet, Phone &amp; TV","article_publisher":"https:\/\/www.facebook.com\/blueflagnetworks\/","article_modified_time":"2024-04-24T02:27:09+00:00","og_image":[{"width":512,"height":512,"url":"https:\/\/internetatlantic.com\/wp-content\/uploads\/2022\/04\/cropped-internet-atlantic-favicon.png","type":"image\/png"}],"twitter_card":"summary_large_image","twitter_misc":{"Estimation du temps de lecture":"2 minutes"},"schema":{"@context":"https:\/\/schema.org","@graph":[{"@type":"WebPage","@id":"https:\/\/internetatlantic.com\/telmax-tpia-tranfers-to-internetatlantic\/","url":"https:\/\/internetatlantic.com\/telmax-tpia-tranfers-to-internetatlantic\/","name":"Welcome to telMAX customers - Internet Atlantic - Home Internet, Phone &amp; TV","isPartOf":{"@id":"https:\/\/internetatlantic.com\/#website"},"datePublished":"2023-06-16T03:38:38+00:00","dateModified":"2024-04-24T02:27:09+00:00","description":"Bonjour, nous sommes Internet Atlantic. Nous sommes un fournisseur de services Internet, de t\u00e9l\u00e9phonie et de t\u00e9l\u00e9vision.","inLanguage":"fr-CA","potentialAction":[{"@type":"ReadAction","target":["https:\/\/internetatlantic.com\/telmax-tpia-tranfers-to-internetatlantic\/"]}]},{"@type":"WebSite","@id":"https:\/\/internetatlantic.com\/#website","url":"https:\/\/internetatlantic.com\/","name":"Internet Atlantic - Internet, t\u00e9l\u00e9phone et t\u00e9l\u00e9vision \u00e0 domicile","description":"Nous proposons des services Internet, de t\u00e9l\u00e9phonie et de t\u00e9l\u00e9vision pour vous simplifier la vie et vous faire \u00e9conomiser de l'argent.","publisher":{"@id":"https:\/\/internetatlantic.com\/#organization"},"potentialAction":[{"@type":"SearchAction","target":{"@type":"EntryPoint","urlTemplate":"https:\/\/internetatlantic.com\/?s={search_term_string}"},"query-input":{"@type":"PropertyValueSpecification","valueRequired":true,"valueName":"search_term_string"}}],"inLanguage":"fr-CA"},{"@type":"Organization","@id":"https:\/\/internetatlantic.com\/#organization","name":"Internet Atlantic - Internet, t\u00e9l\u00e9phone et t\u00e9l\u00e9vision \u00e0 domicile","url":"https:\/\/internetatlantic.com\/","logo":{"@type":"ImageObject","inLanguage":"fr-CA","@id":"https:\/\/internetatlantic.com\/#\/schema\/logo\/image\/","url":"https:\/\/internetatlantic.com\/wp-content\/uploads\/2022\/04\/cropped-internet-atlantic-favicon.png","contentUrl":"https:\/\/internetatlantic.com\/wp-content\/uploads\/2022\/04\/cropped-internet-atlantic-favicon.png","width":512,"height":512,"caption":"Internet Atlantic - Home Internet, Phone and TV"},"image":{"@id":"https:\/\/internetatlantic.com\/#\/schema\/logo\/image\/"},"sameAs":["https:\/\/www.facebook.com\/blueflagnetworks\/","https:\/\/www.instagram.com\/internetatlantic\/"]}]}},"_links":{"self":[{"href":"https:\/\/internetatlantic.com\/fr\/wp-json\/wp\/v2\/pages\/766","targetHints":{"allow":["GET"]}}],"collection":[{"href":"https:\/\/internetatlantic.com\/fr\/wp-json\/wp\/v2\/pages"}],"about":[{"href":"https:\/\/internetatlantic.com\/fr\/wp-json\/wp\/v2\/types\/page"}],"author":[{"embeddable":true,"href":"https:\/\/internetatlantic.com\/fr\/wp-json\/wp\/v2\/users\/2"}],"replies":[{"embeddable":true,"href":"https:\/\/internetatlantic.com\/fr\/wp-json\/wp\/v2\/comments?post=766"}],"version-history":[{"count":6,"href":"https:\/\/internetatlantic.com\/fr\/wp-json\/wp\/v2\/pages\/766\/revisions"}],"predecessor-version":[{"id":769,"href":"https:\/\/internetatlantic.com\/fr\/wp-json\/wp\/v2\/pages\/766\/revisions\/769"}],"wp:attachment":[{"href":"https:\/\/internetatlantic.com\/fr\/wp-json\/wp\/v2\/media?parent=766"}],"curies":[{"name":"wp","href":"https:\/\/api.w.org\/{rel}","templated":true}]}}