{"id":853,"date":"2024-02-13T22:58:56","date_gmt":"2024-02-14T03:58:56","guid":{"rendered":"https:\/\/internetatlantic.com\/?page_id=853"},"modified":"2024-04-23T22:20:24","modified_gmt":"2024-04-24T02:20:24","slug":"games","status":"publish","type":"page","link":"https:\/\/internetatlantic.com\/fr\/games\/","title":{"rendered":"Jouez \u00e0 des jeux !"},"content":{"rendered":"<div id=\"fws_6a035b91aa432\"  data-column-margin=\"default\" data-midnight=\"light\"  class=\"wpb_row vc_row-fluid vc_row full-width-section\"  style=\"padding-top: 0px; padding-bottom: 0px; \"><div class=\"row-bg-wrap\" data-bg-animation=\"none\" data-bg-animation-delay=\"\" data-bg-overlay=\"false\"><div class=\"inner-wrap row-bg-layer\" ><div class=\"row-bg viewport-desktop using-bg-color\"  style=\"background-color: #000000; \"><\/div><\/div><\/div><div class=\"row_col_wrap_12 col span_12 light left\">\n\t<div  class=\"vc_col-sm-12 wpb_column column_container vc_column_container col centered-text padding-3-percent inherit_tablet inherit_phone\"  data-padding-pos=\"all\" data-has-bg-color=\"false\" data-bg-color=\"\" data-bg-opacity=\"1\" data-animation=\"\" data-delay=\"0\" >\n\t\t<div class=\"vc_column-inner\" >\n\t\t\t<div class=\"wpb_wrapper\">\n\t\t\t\t<div class=\"img-with-aniamtion-wrap\" data-max-width=\"100%\" data-max-width-mobile=\"default\" data-shadow=\"none\" data-animation=\"none\" >\n      <div class=\"inner\">\n        <div class=\"hover-wrap\"> \n          <div class=\"hover-wrap-inner\">\n            <img decoding=\"async\" class=\"img-with-animation skip-lazy\" data-delay=\"0\" height=\"424\" width=\"4512\" data-animation=\"none\" src=\"https:\/\/internetatlantic.com\/wp-content\/uploads\/2024\/02\/internet-atlantic-arcade-2.png\" alt=\"\" srcset=\"https:\/\/internetatlantic.com\/wp-content\/uploads\/2024\/02\/internet-atlantic-arcade-2.png 4512w, https:\/\/internetatlantic.com\/wp-content\/uploads\/2024\/02\/internet-atlantic-arcade-2-300x28.png 300w, https:\/\/internetatlantic.com\/wp-content\/uploads\/2024\/02\/internet-atlantic-arcade-2-1024x96.png 1024w, https:\/\/internetatlantic.com\/wp-content\/uploads\/2024\/02\/internet-atlantic-arcade-2-768x72.png 768w, https:\/\/internetatlantic.com\/wp-content\/uploads\/2024\/02\/internet-atlantic-arcade-2-1536x144.png 1536w, https:\/\/internetatlantic.com\/wp-content\/uploads\/2024\/02\/internet-atlantic-arcade-2-2048x192.png 2048w\" sizes=\"(max-width: 4512px) 100vw, 4512px\" \/>\n          <\/div>\n        <\/div>\n      <\/div>\n    <\/div>\n\t\t\t<\/div> \n\t\t<\/div>\n\t<\/div> \n<\/div><\/div>\n\t\t<div id=\"fws_6a035b91ab241\"  data-column-margin=\"default\" data-midnight=\"light\"  class=\"wpb_row vc_row-fluid vc_row full-width-section\"  style=\"padding-top: 0px; padding-bottom: 0px; \"><div class=\"row-bg-wrap\" data-bg-animation=\"none\" data-bg-animation-delay=\"\" data-bg-overlay=\"false\"><div class=\"inner-wrap row-bg-layer\" ><div class=\"row-bg viewport-desktop using-bg-color\"  style=\"background-color: #000000; \"><\/div><\/div><\/div><div class=\"row_col_wrap_12 col span_12 light left\">\n\t<div  class=\"vc_col-sm-12 wpb_column column_container vc_column_container col centered-text padding-3-percent inherit_tablet inherit_phone\"  data-padding-pos=\"all\" data-has-bg-color=\"false\" data-bg-color=\"\" data-bg-opacity=\"1\" data-animation=\"\" data-delay=\"0\" >\n\t\t<div class=\"vc_column-inner\" >\n\t\t\t<div class=\"wpb_wrapper\">\n\t\t\t\t<div class=\"img-with-aniamtion-wrap\" data-max-width=\"100%\" data-max-width-mobile=\"default\" data-shadow=\"none\" data-animation=\"none\" >\n      <div class=\"inner\">\n        <div class=\"hover-wrap\"> \n          <div class=\"hover-wrap-inner\">\n            <img decoding=\"async\" class=\"img-with-animation skip-lazy\" data-delay=\"0\" height=\"1299\" width=\"4421\" data-animation=\"none\" src=\"https:\/\/internetatlantic.com\/wp-content\/uploads\/2024\/02\/internet-atlantic-arcade-how-to-play.png\" alt=\"\" srcset=\"https:\/\/internetatlantic.com\/wp-content\/uploads\/2024\/02\/internet-atlantic-arcade-how-to-play.png 4421w, https:\/\/internetatlantic.com\/wp-content\/uploads\/2024\/02\/internet-atlantic-arcade-how-to-play-300x88.png 300w, https:\/\/internetatlantic.com\/wp-content\/uploads\/2024\/02\/internet-atlantic-arcade-how-to-play-1024x301.png 1024w, https:\/\/internetatlantic.com\/wp-content\/uploads\/2024\/02\/internet-atlantic-arcade-how-to-play-768x226.png 768w, https:\/\/internetatlantic.com\/wp-content\/uploads\/2024\/02\/internet-atlantic-arcade-how-to-play-1536x451.png 1536w, https:\/\/internetatlantic.com\/wp-content\/uploads\/2024\/02\/internet-atlantic-arcade-how-to-play-2048x602.png 2048w\" sizes=\"(max-width: 4421px) 100vw, 4421px\" \/>\n          <\/div>\n        <\/div>\n      <\/div>\n    <\/div>\n\t\t\t<\/div> \n\t\t<\/div>\n\t<\/div> \n<\/div><\/div>\n\t\t<div id=\"fws_6a035b91abd4a\"  data-column-margin=\"default\" data-midnight=\"dark\"  class=\"wpb_row vc_row-fluid vc_row full-width-section\"  style=\"padding-top: 0px; padding-bottom: 0px; \"><div class=\"row-bg-wrap\" data-bg-animation=\"none\" data-bg-animation-delay=\"\" data-bg-overlay=\"false\"><div class=\"inner-wrap row-bg-layer\" ><div class=\"row-bg viewport-desktop using-bg-color\"  style=\"background-color: #000000; \"><\/div><\/div><\/div><div class=\"row_col_wrap_12 col span_12 dark left\">\n\t<div  class=\"vc_col-sm-12 wpb_column column_container vc_column_container col centered-text padding-3-percent inherit_tablet inherit_phone\"  data-padding-pos=\"all\" data-has-bg-color=\"false\" data-bg-color=\"\" data-bg-opacity=\"1\" data-animation=\"\" data-delay=\"0\" >\n\t\t<div class=\"vc_column-inner\" >\n\t\t\t<div class=\"wpb_wrapper\">\n\t\t\t\t\n\t<div class=\"wpb_raw_code wpb_raw_html wpb_content_element\" >\n\t\t<div class=\"wpb_wrapper\">\n\t\t\t<iframe src=\"https:\/\/funhtml5games.com?embed=pacman\" style=\"width:342px;height:490px;border:none;\" frameborder=\"0\" scrolling=\"no\"><\/iframe>\n\t\t<\/div>\n\t<\/div>\n\n\t\t\t<\/div> \n\t\t<\/div>\n\t<\/div> \n<\/div><\/div>","protected":false},"excerpt":{"rendered":"","protected":false},"author":2,"featured_media":0,"parent":0,"menu_order":0,"comment_status":"closed","ping_status":"closed","template":"","meta":{"footnotes":""},"class_list":["post-853","page","type-page","status-publish"],"yoast_head":"<!-- This site is optimized with the Yoast SEO plugin v25.8 - https:\/\/yoast.com\/wordpress\/plugins\/seo\/ -->\n<title>Play Games! - Internet Atlantic - Home Internet, Phone &amp; TV<\/title>\n<meta name=\"description\" content=\"Play Games!\" \/>\n<meta name=\"robots\" content=\"index, follow, max-snippet:-1, max-image-preview:large, max-video-preview:-1\" \/>\n<link rel=\"canonical\" href=\"https:\/\/internetatlantic.com\/fr\/games\/\" \/>\n<meta property=\"og:locale\" content=\"fr_CA\" \/>\n<meta property=\"og:type\" content=\"article\" \/>\n<meta property=\"og:title\" content=\"Play Games! - Internet Atlantic - Home Internet, Phone &amp; TV\" \/>\n<meta property=\"og:description\" content=\"Play Games!\" \/>\n<meta property=\"og:url\" content=\"https:\/\/internetatlantic.com\/fr\/games\/\" \/>\n<meta property=\"og:site_name\" content=\"Internet Atlantic - Home Internet, Phone &amp; TV\" \/>\n<meta property=\"article:publisher\" content=\"https:\/\/www.facebook.com\/blueflagnetworks\/\" \/>\n<meta property=\"article:modified_time\" content=\"2024-04-24T02:20:24+00:00\" \/>\n<meta property=\"og:image\" content=\"https:\/\/internetatlantic.com\/wp-content\/uploads\/2022\/04\/cropped-internet-atlantic-favicon.png\" \/>\n\t<meta property=\"og:image:width\" content=\"512\" \/>\n\t<meta property=\"og:image:height\" content=\"512\" \/>\n\t<meta property=\"og:image:type\" content=\"image\/png\" \/>\n<meta name=\"twitter:card\" content=\"summary_large_image\" \/>\n<meta name=\"twitter:label1\" content=\"Estimation du temps de lecture\" \/>\n\t<meta name=\"twitter:data1\" content=\"2 minutes\" \/>\n<script type=\"application\/ld+json\" class=\"yoast-schema-graph\">{\"@context\":\"https:\/\/schema.org\",\"@graph\":[{\"@type\":\"WebPage\",\"@id\":\"https:\/\/internetatlantic.com\/games\/\",\"url\":\"https:\/\/internetatlantic.com\/games\/\",\"name\":\"Play Games! - Internet Atlantic - Home Internet, Phone &amp; TV\",\"isPartOf\":{\"@id\":\"https:\/\/internetatlantic.com\/#website\"},\"datePublished\":\"2024-02-14T03:58:56+00:00\",\"dateModified\":\"2024-04-24T02:20:24+00:00\",\"description\":\"Play Games!\",\"inLanguage\":\"fr-CA\",\"potentialAction\":[{\"@type\":\"ReadAction\",\"target\":[\"https:\/\/internetatlantic.com\/games\/\"]}]},{\"@type\":\"WebSite\",\"@id\":\"https:\/\/internetatlantic.com\/#website\",\"url\":\"https:\/\/internetatlantic.com\/\",\"name\":\"Internet Atlantic - Home Internet, Phone and TV\",\"description\":\"We offer Internet, Phone and TV services to simplify your life and save you money.\",\"publisher\":{\"@id\":\"https:\/\/internetatlantic.com\/#organization\"},\"potentialAction\":[{\"@type\":\"SearchAction\",\"target\":{\"@type\":\"EntryPoint\",\"urlTemplate\":\"https:\/\/internetatlantic.com\/?s={search_term_string}\"},\"query-input\":{\"@type\":\"PropertyValueSpecification\",\"valueRequired\":true,\"valueName\":\"search_term_string\"}}],\"inLanguage\":\"fr-CA\"},{\"@type\":\"Organization\",\"@id\":\"https:\/\/internetatlantic.com\/#organization\",\"name\":\"Internet Atlantic - Home Internet, Phone and TV\",\"url\":\"https:\/\/internetatlantic.com\/\",\"logo\":{\"@type\":\"ImageObject\",\"inLanguage\":\"fr-CA\",\"@id\":\"https:\/\/internetatlantic.com\/#\/schema\/logo\/image\/\",\"url\":\"https:\/\/internetatlantic.com\/wp-content\/uploads\/2022\/04\/cropped-internet-atlantic-favicon.png\",\"contentUrl\":\"https:\/\/internetatlantic.com\/wp-content\/uploads\/2022\/04\/cropped-internet-atlantic-favicon.png\",\"width\":512,\"height\":512,\"caption\":\"Internet Atlantic - Home Internet, Phone and TV\"},\"image\":{\"@id\":\"https:\/\/internetatlantic.com\/#\/schema\/logo\/image\/\"},\"sameAs\":[\"https:\/\/www.facebook.com\/blueflagnetworks\/\",\"https:\/\/www.instagram.com\/internetatlantic\/\"]}]}<\/script>\n<!-- \/ Yoast SEO plugin. -->","yoast_head_json":{"title":"Play Games! - Internet Atlantic - Home Internet, Phone &amp; TV","description":"Jouez \u00e0 des jeux !","robots":{"index":"index","follow":"follow","max-snippet":"max-snippet:-1","max-image-preview":"max-image-preview:large","max-video-preview":"max-video-preview:-1"},"canonical":"https:\/\/internetatlantic.com\/fr\/games\/","og_locale":"fr_CA","og_type":"article","og_title":"Play Games! - Internet Atlantic - Home Internet, Phone &amp; TV","og_description":"Play Games!","og_url":"https:\/\/internetatlantic.com\/fr\/games\/","og_site_name":"Internet Atlantic - Home Internet, Phone &amp; TV","article_publisher":"https:\/\/www.facebook.com\/blueflagnetworks\/","article_modified_time":"2024-04-24T02:20:24+00:00","og_image":[{"width":512,"height":512,"url":"https:\/\/internetatlantic.com\/wp-content\/uploads\/2022\/04\/cropped-internet-atlantic-favicon.png","type":"image\/png"}],"twitter_card":"summary_large_image","twitter_misc":{"Estimation du temps de lecture":"2 minutes"},"schema":{"@context":"https:\/\/schema.org","@graph":[{"@type":"WebPage","@id":"https:\/\/internetatlantic.com\/games\/","url":"https:\/\/internetatlantic.com\/games\/","name":"Play Games! - Internet Atlantic - Home Internet, Phone &amp; TV","isPartOf":{"@id":"https:\/\/internetatlantic.com\/#website"},"datePublished":"2024-02-14T03:58:56+00:00","dateModified":"2024-04-24T02:20:24+00:00","description":"Jouez \u00e0 des jeux !","inLanguage":"fr-CA","potentialAction":[{"@type":"ReadAction","target":["https:\/\/internetatlantic.com\/games\/"]}]},{"@type":"WebSite","@id":"https:\/\/internetatlantic.com\/#website","url":"https:\/\/internetatlantic.com\/","name":"Internet Atlantic - Internet, t\u00e9l\u00e9phone et t\u00e9l\u00e9vision \u00e0 domicile","description":"Nous proposons des services Internet, de t\u00e9l\u00e9phonie et de t\u00e9l\u00e9vision pour vous simplifier la vie et vous faire \u00e9conomiser de l'argent.","publisher":{"@id":"https:\/\/internetatlantic.com\/#organization"},"potentialAction":[{"@type":"SearchAction","target":{"@type":"EntryPoint","urlTemplate":"https:\/\/internetatlantic.com\/?s={search_term_string}"},"query-input":{"@type":"PropertyValueSpecification","valueRequired":true,"valueName":"search_term_string"}}],"inLanguage":"fr-CA"},{"@type":"Organization","@id":"https:\/\/internetatlantic.com\/#organization","name":"Internet Atlantic - Internet, t\u00e9l\u00e9phone et t\u00e9l\u00e9vision \u00e0 domicile","url":"https:\/\/internetatlantic.com\/","logo":{"@type":"ImageObject","inLanguage":"fr-CA","@id":"https:\/\/internetatlantic.com\/#\/schema\/logo\/image\/","url":"https:\/\/internetatlantic.com\/wp-content\/uploads\/2022\/04\/cropped-internet-atlantic-favicon.png","contentUrl":"https:\/\/internetatlantic.com\/wp-content\/uploads\/2022\/04\/cropped-internet-atlantic-favicon.png","width":512,"height":512,"caption":"Internet Atlantic - Home Internet, Phone and TV"},"image":{"@id":"https:\/\/internetatlantic.com\/#\/schema\/logo\/image\/"},"sameAs":["https:\/\/www.facebook.com\/blueflagnetworks\/","https:\/\/www.instagram.com\/internetatlantic\/"]}]}},"_links":{"self":[{"href":"https:\/\/internetatlantic.com\/fr\/wp-json\/wp\/v2\/pages\/853","targetHints":{"allow":["GET"]}}],"collection":[{"href":"https:\/\/internetatlantic.com\/fr\/wp-json\/wp\/v2\/pages"}],"about":[{"href":"https:\/\/internetatlantic.com\/fr\/wp-json\/wp\/v2\/types\/page"}],"author":[{"embeddable":true,"href":"https:\/\/internetatlantic.com\/fr\/wp-json\/wp\/v2\/users\/2"}],"replies":[{"embeddable":true,"href":"https:\/\/internetatlantic.com\/fr\/wp-json\/wp\/v2\/comments?post=853"}],"version-history":[{"count":11,"href":"https:\/\/internetatlantic.com\/fr\/wp-json\/wp\/v2\/pages\/853\/revisions"}],"predecessor-version":[{"id":1028,"href":"https:\/\/internetatlantic.com\/fr\/wp-json\/wp\/v2\/pages\/853\/revisions\/1028"}],"wp:attachment":[{"href":"https:\/\/internetatlantic.com\/fr\/wp-json\/wp\/v2\/media?parent=853"}],"curies":[{"name":"wp","href":"https:\/\/api.w.org\/{rel}","templated":true}]}}