{"id":964,"date":"2023-03-05T23:04:19","date_gmt":"2023-03-06T04:04:19","guid":{"rendered":"https:\/\/internetatlantic.com\/?page_id=964"},"modified":"2024-04-23T22:05:14","modified_gmt":"2024-04-24T02:05:14","slug":"911-calling-tips","status":"publish","type":"page","link":"https:\/\/internetatlantic.com\/fr\/911-calling-tips\/","title":{"rendered":"Conseils pour appeler le 911"},"content":{"rendered":"<div id=\"fws_69d64fb471c92\"  data-column-margin=\"default\" data-midnight=\"dark\"  class=\"wpb_row vc_row-fluid vc_row\"  style=\"padding-top: 0px; padding-bottom: 0px; \"><div class=\"row-bg-wrap\" data-bg-animation=\"none\" data-bg-animation-delay=\"\" data-bg-overlay=\"false\"><div class=\"inner-wrap row-bg-layer\" ><div class=\"row-bg viewport-desktop\"  style=\"\"><\/div><\/div><\/div><div class=\"row_col_wrap_12 col span_12 dark left\">\n\t<div  class=\"vc_col-sm-12 wpb_column column_container vc_column_container col no-extra-padding inherit_tablet inherit_phone\"  data-padding-pos=\"all\" data-has-bg-color=\"false\" data-bg-color=\"\" data-bg-opacity=\"1\" data-animation=\"\" data-delay=\"0\" >\n\t\t<div class=\"vc_column-inner\" >\n\t\t\t<div class=\"wpb_wrapper\">\n\t\t\t\t\n<div class=\"wpb_text_column wpb_content_element\" >\n\t<div class=\"wpb_wrapper\">\n\t\t<p><strong>Conseils d'utilisation de l'appel d'urgence 9-1-1 avec Internet Atlantic<\/strong><\/p>\n<ol>\n<li><strong>Comprendre le service :<\/strong> La fonction d'appel d'urgence 9-1-1 du service Internet Atlantic Cloud Voice et des lignes SIP offre une port\u00e9e plus limit\u00e9e que les services d'urgence traditionnels des lignes terrestres. Il est important d'\u00eatre conscient de cette diff\u00e9rence.<\/li>\n<li><strong>Fournir des informations vitales :<\/strong> Soyez pr\u00eat \u00e0 donner votre position et votre num\u00e9ro de rappel \u00e0 l'op\u00e9rateur du 9-1-1, car le service vocal de l'Internet Atlantique ne fournit pas automatiquement ces informations.<\/li>\n<li><strong>Pendant l'appel :<\/strong> Restez en ligne pendant toute la dur\u00e9e de l'appel au 9-1-1 et ne raccrochez pas avant que l'op\u00e9rateur ne vous le demande. Si votre appel est coup\u00e9 trop t\u00f4t, rappelez imm\u00e9diatement.<\/li>\n<li><strong>Lieu et coordonn\u00e9es :<\/strong> Placez votre adresse et votre num\u00e9ro de t\u00e9l\u00e9phone pr\u00e8s de chaque t\u00e9l\u00e9phone connect\u00e9 au service Internet Atlantic Voice. Cela permet \u00e0 toute personne utilisant le service de fournir rapidement les d\u00e9tails n\u00e9cessaires \u00e0 l'op\u00e9rateur en cas d'urgence.<\/li>\n<li><strong>Disponibilit\u00e9 pendant les interruptions :<\/strong> Sachez que les appels au 9-1-1 peuvent ne pas fonctionner en cas de coupure de courant ou d'Internet.<\/li>\n<li><strong>Limitations internationales :<\/strong> Vous ne pouvez pas passer d'appels 9-1-1 via Internet Atlantic depuis des endroits situ\u00e9s en dehors du Canada et des \u00c9tats-Unis. Dans ce cas, utilisez une ligne terrestre traditionnelle pour joindre les services d'urgence.<\/li>\n<li><strong>La sensibilisation est essentielle :<\/strong> Comprendre parfaitement les limites des appels au 9-1-1 avec le service vocal Internet Atlantic et s'assurer que toutes les autres personnes utilisant le service sont \u00e9galement inform\u00e9es de ces limites.<\/li>\n<\/ol>\n\t<\/div>\n<\/div>\n\n\n\n\n<div class=\"wpb_text_column wpb_content_element\" >\n\t<div class=\"wpb_wrapper\">\n\t\t<p><strong>En savoir plus sur l'explication du service 911 <a href=\"https:\/\/internetatlantic.com\/fr\/911-service-explanation\/\">ICI<\/a>:<\/strong><\/p>\n\t<\/div>\n<\/div>\n\n\n\n\n\t\t\t<\/div> \n\t\t<\/div>\n\t<\/div> \n<\/div><\/div>","protected":false},"excerpt":{"rendered":"Conseils d'utilisation de l'appel d'urgence 9-1-1 avec Internet Atlantic Comprendre le service : La fonction d'appel d'urgence 9-1-1 du service Internet Atlantic Cloud Voice et des lignes t\u00e9l\u00e9phoniques SIP offre une port\u00e9e plus limit\u00e9e...","protected":false},"author":2,"featured_media":549,"parent":0,"menu_order":0,"comment_status":"closed","ping_status":"closed","template":"","meta":{"footnotes":""},"class_list":["post-964","page","type-page","status-publish","has-post-thumbnail"],"yoast_head":"<!-- This site is optimized with the Yoast SEO plugin v25.8 - https:\/\/yoast.com\/wordpress\/plugins\/seo\/ -->\n<title>911 Calling Tips - Internet Atlantic - Home Internet, Phone &amp; TV<\/title>\n<meta name=\"description\" content=\"Hi. We\u2019re Internet Atlantic. We&#039;re a provider of Internet, Phone and TV services.\" \/>\n<meta name=\"robots\" content=\"index, follow, max-snippet:-1, max-image-preview:large, max-video-preview:-1\" \/>\n<link rel=\"canonical\" href=\"https:\/\/internetatlantic.com\/fr\/911-calling-tips\/\" \/>\n<meta property=\"og:locale\" content=\"fr_CA\" \/>\n<meta property=\"og:type\" content=\"article\" \/>\n<meta property=\"og:title\" content=\"911 Calling Tips - Internet Atlantic - Home Internet, Phone &amp; TV\" \/>\n<meta property=\"og:description\" content=\"Hi. We\u2019re Internet Atlantic. We&#039;re a provider of Internet, Phone and TV services.\" \/>\n<meta property=\"og:url\" content=\"https:\/\/internetatlantic.com\/fr\/911-calling-tips\/\" \/>\n<meta property=\"og:site_name\" content=\"Internet Atlantic - Home Internet, Phone &amp; TV\" \/>\n<meta property=\"article:publisher\" content=\"https:\/\/www.facebook.com\/blueflagnetworks\/\" \/>\n<meta property=\"article:modified_time\" content=\"2024-04-24T02:05:14+00:00\" \/>\n<meta property=\"og:image\" content=\"https:\/\/internetatlantic.com\/wp-content\/uploads\/2023\/03\/Internet_atlantic_gravitar.png\" \/>\n\t<meta property=\"og:image:width\" content=\"1760\" \/>\n\t<meta property=\"og:image:height\" content=\"1760\" \/>\n\t<meta property=\"og:image:type\" content=\"image\/png\" \/>\n<meta name=\"twitter:card\" content=\"summary_large_image\" \/>\n<meta name=\"twitter:label1\" content=\"Estimation du temps de lecture\" \/>\n\t<meta name=\"twitter:data1\" content=\"2 minutes\" \/>\n<script type=\"application\/ld+json\" class=\"yoast-schema-graph\">{\"@context\":\"https:\/\/schema.org\",\"@graph\":[{\"@type\":\"WebPage\",\"@id\":\"https:\/\/internetatlantic.com\/911-calling-tips\/\",\"url\":\"https:\/\/internetatlantic.com\/911-calling-tips\/\",\"name\":\"911 Calling Tips - Internet Atlantic - Home Internet, Phone &amp; TV\",\"isPartOf\":{\"@id\":\"https:\/\/internetatlantic.com\/#website\"},\"primaryImageOfPage\":{\"@id\":\"https:\/\/internetatlantic.com\/911-calling-tips\/#primaryimage\"},\"image\":{\"@id\":\"https:\/\/internetatlantic.com\/911-calling-tips\/#primaryimage\"},\"thumbnailUrl\":\"https:\/\/internetatlantic.com\/wp-content\/uploads\/2023\/03\/Internet_atlantic_gravitar.png\",\"datePublished\":\"2023-03-06T04:04:19+00:00\",\"dateModified\":\"2024-04-24T02:05:14+00:00\",\"description\":\"Hi. We\u2019re Internet Atlantic. We're a provider of Internet, Phone and TV services.\",\"inLanguage\":\"fr-CA\",\"potentialAction\":[{\"@type\":\"ReadAction\",\"target\":[\"https:\/\/internetatlantic.com\/911-calling-tips\/\"]}]},{\"@type\":\"ImageObject\",\"inLanguage\":\"fr-CA\",\"@id\":\"https:\/\/internetatlantic.com\/911-calling-tips\/#primaryimage\",\"url\":\"https:\/\/internetatlantic.com\/wp-content\/uploads\/2023\/03\/Internet_atlantic_gravitar.png\",\"contentUrl\":\"https:\/\/internetatlantic.com\/wp-content\/uploads\/2023\/03\/Internet_atlantic_gravitar.png\",\"width\":1760,\"height\":1760},{\"@type\":\"WebSite\",\"@id\":\"https:\/\/internetatlantic.com\/#website\",\"url\":\"https:\/\/internetatlantic.com\/\",\"name\":\"Internet Atlantic - Home Internet, Phone and TV\",\"description\":\"We offer Internet, Phone and TV services to simplify your life and save you money.\",\"publisher\":{\"@id\":\"https:\/\/internetatlantic.com\/#organization\"},\"potentialAction\":[{\"@type\":\"SearchAction\",\"target\":{\"@type\":\"EntryPoint\",\"urlTemplate\":\"https:\/\/internetatlantic.com\/?s={search_term_string}\"},\"query-input\":{\"@type\":\"PropertyValueSpecification\",\"valueRequired\":true,\"valueName\":\"search_term_string\"}}],\"inLanguage\":\"fr-CA\"},{\"@type\":\"Organization\",\"@id\":\"https:\/\/internetatlantic.com\/#organization\",\"name\":\"Internet Atlantic - Home Internet, Phone and TV\",\"url\":\"https:\/\/internetatlantic.com\/\",\"logo\":{\"@type\":\"ImageObject\",\"inLanguage\":\"fr-CA\",\"@id\":\"https:\/\/internetatlantic.com\/#\/schema\/logo\/image\/\",\"url\":\"https:\/\/internetatlantic.com\/wp-content\/uploads\/2022\/04\/cropped-internet-atlantic-favicon.png\",\"contentUrl\":\"https:\/\/internetatlantic.com\/wp-content\/uploads\/2022\/04\/cropped-internet-atlantic-favicon.png\",\"width\":512,\"height\":512,\"caption\":\"Internet Atlantic - Home Internet, Phone and TV\"},\"image\":{\"@id\":\"https:\/\/internetatlantic.com\/#\/schema\/logo\/image\/\"},\"sameAs\":[\"https:\/\/www.facebook.com\/blueflagnetworks\/\",\"https:\/\/www.instagram.com\/internetatlantic\/\"]}]}<\/script>\n<!-- \/ Yoast SEO plugin. -->","yoast_head_json":{"title":"911 Calling Tips - Internet Atlantic - Home Internet, Phone &amp; TV","description":"Bonjour, nous sommes Internet Atlantic. Nous sommes un fournisseur de services Internet, de t\u00e9l\u00e9phonie et de t\u00e9l\u00e9vision.","robots":{"index":"index","follow":"follow","max-snippet":"max-snippet:-1","max-image-preview":"max-image-preview:large","max-video-preview":"max-video-preview:-1"},"canonical":"https:\/\/internetatlantic.com\/fr\/911-calling-tips\/","og_locale":"fr_CA","og_type":"article","og_title":"911 Calling Tips - Internet Atlantic - Home Internet, Phone &amp; TV","og_description":"Hi. We\u2019re Internet Atlantic. We're a provider of Internet, Phone and TV services.","og_url":"https:\/\/internetatlantic.com\/fr\/911-calling-tips\/","og_site_name":"Internet Atlantic - Home Internet, Phone &amp; TV","article_publisher":"https:\/\/www.facebook.com\/blueflagnetworks\/","article_modified_time":"2024-04-24T02:05:14+00:00","og_image":[{"width":1760,"height":1760,"url":"https:\/\/internetatlantic.com\/wp-content\/uploads\/2023\/03\/Internet_atlantic_gravitar.png","type":"image\/png"}],"twitter_card":"summary_large_image","twitter_misc":{"Estimation du temps de lecture":"2 minutes"},"schema":{"@context":"https:\/\/schema.org","@graph":[{"@type":"WebPage","@id":"https:\/\/internetatlantic.com\/911-calling-tips\/","url":"https:\/\/internetatlantic.com\/911-calling-tips\/","name":"911 Calling Tips - Internet Atlantic - Home Internet, Phone &amp; TV","isPartOf":{"@id":"https:\/\/internetatlantic.com\/#website"},"primaryImageOfPage":{"@id":"https:\/\/internetatlantic.com\/911-calling-tips\/#primaryimage"},"image":{"@id":"https:\/\/internetatlantic.com\/911-calling-tips\/#primaryimage"},"thumbnailUrl":"https:\/\/internetatlantic.com\/wp-content\/uploads\/2023\/03\/Internet_atlantic_gravitar.png","datePublished":"2023-03-06T04:04:19+00:00","dateModified":"2024-04-24T02:05:14+00:00","description":"Bonjour, nous sommes Internet Atlantic. Nous sommes un fournisseur de services Internet, de t\u00e9l\u00e9phonie et de t\u00e9l\u00e9vision.","inLanguage":"fr-CA","potentialAction":[{"@type":"ReadAction","target":["https:\/\/internetatlantic.com\/911-calling-tips\/"]}]},{"@type":"ImageObject","inLanguage":"fr-CA","@id":"https:\/\/internetatlantic.com\/911-calling-tips\/#primaryimage","url":"https:\/\/internetatlantic.com\/wp-content\/uploads\/2023\/03\/Internet_atlantic_gravitar.png","contentUrl":"https:\/\/internetatlantic.com\/wp-content\/uploads\/2023\/03\/Internet_atlantic_gravitar.png","width":1760,"height":1760},{"@type":"WebSite","@id":"https:\/\/internetatlantic.com\/#website","url":"https:\/\/internetatlantic.com\/","name":"Internet Atlantic - Internet, t\u00e9l\u00e9phone et t\u00e9l\u00e9vision \u00e0 domicile","description":"Nous proposons des services Internet, de t\u00e9l\u00e9phonie et de t\u00e9l\u00e9vision pour vous simplifier la vie et vous faire \u00e9conomiser de l'argent.","publisher":{"@id":"https:\/\/internetatlantic.com\/#organization"},"potentialAction":[{"@type":"SearchAction","target":{"@type":"EntryPoint","urlTemplate":"https:\/\/internetatlantic.com\/?s={search_term_string}"},"query-input":{"@type":"PropertyValueSpecification","valueRequired":true,"valueName":"search_term_string"}}],"inLanguage":"fr-CA"},{"@type":"Organization","@id":"https:\/\/internetatlantic.com\/#organization","name":"Internet Atlantic - Internet, t\u00e9l\u00e9phone et t\u00e9l\u00e9vision \u00e0 domicile","url":"https:\/\/internetatlantic.com\/","logo":{"@type":"ImageObject","inLanguage":"fr-CA","@id":"https:\/\/internetatlantic.com\/#\/schema\/logo\/image\/","url":"https:\/\/internetatlantic.com\/wp-content\/uploads\/2022\/04\/cropped-internet-atlantic-favicon.png","contentUrl":"https:\/\/internetatlantic.com\/wp-content\/uploads\/2022\/04\/cropped-internet-atlantic-favicon.png","width":512,"height":512,"caption":"Internet Atlantic - Home Internet, Phone and TV"},"image":{"@id":"https:\/\/internetatlantic.com\/#\/schema\/logo\/image\/"},"sameAs":["https:\/\/www.facebook.com\/blueflagnetworks\/","https:\/\/www.instagram.com\/internetatlantic\/"]}]}},"_links":{"self":[{"href":"https:\/\/internetatlantic.com\/fr\/wp-json\/wp\/v2\/pages\/964","targetHints":{"allow":["GET"]}}],"collection":[{"href":"https:\/\/internetatlantic.com\/fr\/wp-json\/wp\/v2\/pages"}],"about":[{"href":"https:\/\/internetatlantic.com\/fr\/wp-json\/wp\/v2\/types\/page"}],"author":[{"embeddable":true,"href":"https:\/\/internetatlantic.com\/fr\/wp-json\/wp\/v2\/users\/2"}],"replies":[{"embeddable":true,"href":"https:\/\/internetatlantic.com\/fr\/wp-json\/wp\/v2\/comments?post=964"}],"version-history":[{"count":1,"href":"https:\/\/internetatlantic.com\/fr\/wp-json\/wp\/v2\/pages\/964\/revisions"}],"predecessor-version":[{"id":967,"href":"https:\/\/internetatlantic.com\/fr\/wp-json\/wp\/v2\/pages\/964\/revisions\/967"}],"wp:featuredmedia":[{"embeddable":true,"href":"https:\/\/internetatlantic.com\/fr\/wp-json\/wp\/v2\/media\/549"}],"wp:attachment":[{"href":"https:\/\/internetatlantic.com\/fr\/wp-json\/wp\/v2\/media?parent=964"}],"curies":[{"name":"wp","href":"https:\/\/api.w.org\/{rel}","templated":true}]}}