{"id":965,"date":"2023-03-05T23:00:10","date_gmt":"2023-03-06T04:00:10","guid":{"rendered":"https:\/\/internetatlantic.com\/?page_id=965"},"modified":"2023-12-19T23:26:44","modified_gmt":"2023-12-20T04:26:44","slug":"911-service-explanation","status":"publish","type":"page","link":"https:\/\/internetatlantic.com\/fr\/911-service-explanation\/","title":{"rendered":"Explication du service 911"},"content":{"rendered":"<div id=\"fws_69d64fb3dcae1\"  data-column-margin=\"default\" data-midnight=\"dark\"  class=\"wpb_row vc_row-fluid vc_row\"  style=\"padding-top: 0px; padding-bottom: 0px; \"><div class=\"row-bg-wrap\" data-bg-animation=\"none\" data-bg-animation-delay=\"\" data-bg-overlay=\"false\"><div class=\"inner-wrap row-bg-layer\" ><div class=\"row-bg viewport-desktop\"  style=\"\"><\/div><\/div><\/div><div class=\"row_col_wrap_12 col span_12 dark left\">\n\t<div  class=\"vc_col-sm-12 wpb_column column_container vc_column_container col no-extra-padding inherit_tablet inherit_phone\"  data-padding-pos=\"all\" data-has-bg-color=\"false\" data-bg-color=\"\" data-bg-opacity=\"1\" data-animation=\"\" data-delay=\"0\" >\n\t\t<div class=\"vc_column-inner\" >\n\t\t\t<div class=\"wpb_wrapper\">\n\t\t\t\t\n<div class=\"wpb_text_column wpb_content_element\" >\n\t<div class=\"wpb_wrapper\">\n\t\t<p><strong>Comprendre les appels 9-1-1 avec le service Internet Atlantique<\/strong><\/p>\n<p>Notre service Internet Atlantic offre un type d'appel d'urgence 9-1-1 diff\u00e9rent de celui des services terrestres traditionnels. Il est important de comprendre ces diff\u00e9rences :<\/p>\n<p><strong>Processus de routage :<\/strong> Lorsque vous composez le 9-1-1, votre appel passe par un centre d'appel tiers (g\u00e9r\u00e9 par un op\u00e9rateur) avant d'atteindre l'\u00e9quipe d'intervention d'urgence appropri\u00e9e. Cette \u00e9tape suppl\u00e9mentaire peut entra\u00eener des retards.<\/p>\n<p><strong>Adresse et num\u00e9ro de t\u00e9l\u00e9phone :<\/strong> Contrairement aux appels au 9-1-1 par ligne terrestre, notre service ne fournit pas automatiquement votre emplacement et votre num\u00e9ro de t\u00e9l\u00e9phone. Vous devez communiquer ces informations \u00e0 l'op\u00e9rateur.<\/p>\n<p><strong>Restez sur la ligne :<\/strong> Ne raccrochez pas pendant un appel au 9-1-1 tant qu'on ne vous le demande pas. Si l'appel tombe, rappelez imm\u00e9diatement. N'oubliez pas que l'op\u00e9rateur et les services d'urgence ne peuvent pas vous rappeler automatiquement.<\/p>\n<p><strong>Manipulation diff\u00e9rente :<\/strong> Les services d'urgence peuvent traiter votre appel 9-1-1 diff\u00e9remment des appels par ligne fixe.<\/p>\n<p><strong>Limitations internationales :<\/strong> Les appels provenant de l'ext\u00e9rieur du Canada et des \u00c9tats-Unis n'aboutiront pas. Vous devrez utiliser un autre service pour les urgences 9-1-1.<\/p>\n<p><strong>Coupures d'\u00e9lectricit\u00e9 :<\/strong> S'il n'y a pas d'\u00e9lectricit\u00e9, le service, y compris les appels au 9-1-1, ne fonctionnera pas.<\/p>\n<p><strong>D\u00e9pendance \u00e0 l'\u00e9gard d'Internet :<\/strong> Le service repose sur l'internet, de sorte que des probl\u00e8mes de r\u00e9seau peuvent ralentir ou affecter votre appel.<\/p>\n<p><strong>Vos responsabilit\u00e9s<\/strong><\/p>\n<p><strong>Informer les autres :<\/strong> Assurez-vous que toute personne utilisant le service conna\u00eet ces limitations du 9-1-1.<\/p>\n<p><strong>Mise \u00e0 jour des informations sur l'emplacement :<\/strong> Si vous d\u00e9placez votre t\u00e9l\u00e9phone VoIP ou votre adaptateur, mettez \u00e0 jour votre adresse et votre num\u00e9ro de t\u00e9l\u00e9phone pr\u00e8s de chaque t\u00e9l\u00e9phone afin de pouvoir y acc\u00e9der facilement en cas d'urgence.<\/p>\n<p><strong>Responsabilit\u00e9<\/strong><\/p>\n<p><strong><em>Vous acceptez de prot\u00e9ger Internet Atlantic de tout probl\u00e8me juridique pouvant r\u00e9sulter d'appels 9-1-1 mal achemin\u00e9s, bloqu\u00e9s ou retard\u00e9s effectu\u00e9s par l'interm\u00e9diaire de notre service.<\/em><\/strong><\/p>\n\t<\/div>\n<\/div>\n\n\n\n\n<div class=\"wpb_text_column wpb_content_element\" >\n\t<div class=\"wpb_wrapper\">\n\t\t<p><strong>En savoir plus sur notre <\/strong><strong><a href=\"https:\/\/internetatlantic.com\/fr\/911-calling-tips\/\">Section des conseils pour l'appel au 911<\/a><\/strong> <strong>pour plus d'informations.<\/strong><\/p>\n\t<\/div>\n<\/div>\n\n\n\n\n\t\t\t<\/div> \n\t\t<\/div>\n\t<\/div> \n<\/div><\/div>","protected":false},"excerpt":{"rendered":"Comprendre les appels au 9-1-1 avec le service Internet Atlantic Notre service Internet Atlantic offre un type diff\u00e9rent d'appel d'urgence au 9-1-1 par rapport aux services terrestres traditionnels. Il est important de comprendre ces diff\u00e9rences :...","protected":false},"author":2,"featured_media":549,"parent":0,"menu_order":0,"comment_status":"closed","ping_status":"closed","template":"","meta":{"footnotes":""},"class_list":["post-965","page","type-page","status-publish","has-post-thumbnail"],"yoast_head":"<!-- This site is optimized with the Yoast SEO plugin v25.8 - https:\/\/yoast.com\/wordpress\/plugins\/seo\/ -->\n<title>911 Service Explanation - Internet Atlantic - Home Internet, Phone &amp; TV<\/title>\n<meta name=\"description\" content=\"Hi. We\u2019re Internet Atlantic. We&#039;re a provider of Internet, Phone and TV services.\" \/>\n<meta name=\"robots\" content=\"index, follow, max-snippet:-1, max-image-preview:large, max-video-preview:-1\" \/>\n<link rel=\"canonical\" href=\"https:\/\/internetatlantic.com\/fr\/911-service-explanation\/\" \/>\n<meta property=\"og:locale\" content=\"fr_CA\" \/>\n<meta property=\"og:type\" content=\"article\" \/>\n<meta property=\"og:title\" content=\"911 Service Explanation - Internet Atlantic - Home Internet, Phone &amp; TV\" \/>\n<meta property=\"og:description\" content=\"Hi. We\u2019re Internet Atlantic. We&#039;re a provider of Internet, Phone and TV services.\" \/>\n<meta property=\"og:url\" content=\"https:\/\/internetatlantic.com\/fr\/911-service-explanation\/\" \/>\n<meta property=\"og:site_name\" content=\"Internet Atlantic - Home Internet, Phone &amp; TV\" \/>\n<meta property=\"article:publisher\" content=\"https:\/\/www.facebook.com\/blueflagnetworks\/\" \/>\n<meta property=\"article:modified_time\" content=\"2023-12-20T04:26:44+00:00\" \/>\n<meta property=\"og:image\" content=\"https:\/\/internetatlantic.com\/wp-content\/uploads\/2023\/03\/Internet_atlantic_gravitar.png\" \/>\n\t<meta property=\"og:image:width\" content=\"1760\" \/>\n\t<meta property=\"og:image:height\" content=\"1760\" \/>\n\t<meta property=\"og:image:type\" content=\"image\/png\" \/>\n<meta name=\"twitter:card\" content=\"summary_large_image\" \/>\n<meta name=\"twitter:label1\" content=\"Estimation du temps de lecture\" \/>\n\t<meta name=\"twitter:data1\" content=\"2 minutes\" \/>\n<script type=\"application\/ld+json\" class=\"yoast-schema-graph\">{\"@context\":\"https:\/\/schema.org\",\"@graph\":[{\"@type\":\"WebPage\",\"@id\":\"https:\/\/internetatlantic.com\/911-service-explanation\/\",\"url\":\"https:\/\/internetatlantic.com\/911-service-explanation\/\",\"name\":\"911 Service Explanation - Internet Atlantic - Home Internet, Phone &amp; TV\",\"isPartOf\":{\"@id\":\"https:\/\/internetatlantic.com\/#website\"},\"primaryImageOfPage\":{\"@id\":\"https:\/\/internetatlantic.com\/911-service-explanation\/#primaryimage\"},\"image\":{\"@id\":\"https:\/\/internetatlantic.com\/911-service-explanation\/#primaryimage\"},\"thumbnailUrl\":\"https:\/\/internetatlantic.com\/wp-content\/uploads\/2023\/03\/Internet_atlantic_gravitar.png\",\"datePublished\":\"2023-03-06T04:00:10+00:00\",\"dateModified\":\"2023-12-20T04:26:44+00:00\",\"description\":\"Hi. We\u2019re Internet Atlantic. We're a provider of Internet, Phone and TV services.\",\"inLanguage\":\"fr-CA\",\"potentialAction\":[{\"@type\":\"ReadAction\",\"target\":[\"https:\/\/internetatlantic.com\/911-service-explanation\/\"]}]},{\"@type\":\"ImageObject\",\"inLanguage\":\"fr-CA\",\"@id\":\"https:\/\/internetatlantic.com\/911-service-explanation\/#primaryimage\",\"url\":\"https:\/\/internetatlantic.com\/wp-content\/uploads\/2023\/03\/Internet_atlantic_gravitar.png\",\"contentUrl\":\"https:\/\/internetatlantic.com\/wp-content\/uploads\/2023\/03\/Internet_atlantic_gravitar.png\",\"width\":1760,\"height\":1760},{\"@type\":\"WebSite\",\"@id\":\"https:\/\/internetatlantic.com\/#website\",\"url\":\"https:\/\/internetatlantic.com\/\",\"name\":\"Internet Atlantic - Home Internet, Phone and TV\",\"description\":\"We offer Internet, Phone and TV services to simplify your life and save you money.\",\"publisher\":{\"@id\":\"https:\/\/internetatlantic.com\/#organization\"},\"potentialAction\":[{\"@type\":\"SearchAction\",\"target\":{\"@type\":\"EntryPoint\",\"urlTemplate\":\"https:\/\/internetatlantic.com\/?s={search_term_string}\"},\"query-input\":{\"@type\":\"PropertyValueSpecification\",\"valueRequired\":true,\"valueName\":\"search_term_string\"}}],\"inLanguage\":\"fr-CA\"},{\"@type\":\"Organization\",\"@id\":\"https:\/\/internetatlantic.com\/#organization\",\"name\":\"Internet Atlantic - Home Internet, Phone and TV\",\"url\":\"https:\/\/internetatlantic.com\/\",\"logo\":{\"@type\":\"ImageObject\",\"inLanguage\":\"fr-CA\",\"@id\":\"https:\/\/internetatlantic.com\/#\/schema\/logo\/image\/\",\"url\":\"https:\/\/internetatlantic.com\/wp-content\/uploads\/2022\/04\/cropped-internet-atlantic-favicon.png\",\"contentUrl\":\"https:\/\/internetatlantic.com\/wp-content\/uploads\/2022\/04\/cropped-internet-atlantic-favicon.png\",\"width\":512,\"height\":512,\"caption\":\"Internet Atlantic - Home Internet, Phone and TV\"},\"image\":{\"@id\":\"https:\/\/internetatlantic.com\/#\/schema\/logo\/image\/\"},\"sameAs\":[\"https:\/\/www.facebook.com\/blueflagnetworks\/\",\"https:\/\/www.instagram.com\/internetatlantic\/\"]}]}<\/script>\n<!-- \/ Yoast SEO plugin. -->","yoast_head_json":{"title":"911 Service Explanation - Internet Atlantic - Home Internet, Phone &amp; TV","description":"Bonjour, nous sommes Internet Atlantic. Nous sommes un fournisseur de services Internet, de t\u00e9l\u00e9phonie et de t\u00e9l\u00e9vision.","robots":{"index":"index","follow":"follow","max-snippet":"max-snippet:-1","max-image-preview":"max-image-preview:large","max-video-preview":"max-video-preview:-1"},"canonical":"https:\/\/internetatlantic.com\/fr\/911-service-explanation\/","og_locale":"fr_CA","og_type":"article","og_title":"911 Service Explanation - Internet Atlantic - Home Internet, Phone &amp; TV","og_description":"Hi. We\u2019re Internet Atlantic. We're a provider of Internet, Phone and TV services.","og_url":"https:\/\/internetatlantic.com\/fr\/911-service-explanation\/","og_site_name":"Internet Atlantic - Home Internet, Phone &amp; TV","article_publisher":"https:\/\/www.facebook.com\/blueflagnetworks\/","article_modified_time":"2023-12-20T04:26:44+00:00","og_image":[{"width":1760,"height":1760,"url":"https:\/\/internetatlantic.com\/wp-content\/uploads\/2023\/03\/Internet_atlantic_gravitar.png","type":"image\/png"}],"twitter_card":"summary_large_image","twitter_misc":{"Estimation du temps de lecture":"2 minutes"},"schema":{"@context":"https:\/\/schema.org","@graph":[{"@type":"WebPage","@id":"https:\/\/internetatlantic.com\/911-service-explanation\/","url":"https:\/\/internetatlantic.com\/911-service-explanation\/","name":"911 Service Explanation - Internet Atlantic - Home Internet, Phone &amp; TV","isPartOf":{"@id":"https:\/\/internetatlantic.com\/#website"},"primaryImageOfPage":{"@id":"https:\/\/internetatlantic.com\/911-service-explanation\/#primaryimage"},"image":{"@id":"https:\/\/internetatlantic.com\/911-service-explanation\/#primaryimage"},"thumbnailUrl":"https:\/\/internetatlantic.com\/wp-content\/uploads\/2023\/03\/Internet_atlantic_gravitar.png","datePublished":"2023-03-06T04:00:10+00:00","dateModified":"2023-12-20T04:26:44+00:00","description":"Bonjour, nous sommes Internet Atlantic. Nous sommes un fournisseur de services Internet, de t\u00e9l\u00e9phonie et de t\u00e9l\u00e9vision.","inLanguage":"fr-CA","potentialAction":[{"@type":"ReadAction","target":["https:\/\/internetatlantic.com\/911-service-explanation\/"]}]},{"@type":"ImageObject","inLanguage":"fr-CA","@id":"https:\/\/internetatlantic.com\/911-service-explanation\/#primaryimage","url":"https:\/\/internetatlantic.com\/wp-content\/uploads\/2023\/03\/Internet_atlantic_gravitar.png","contentUrl":"https:\/\/internetatlantic.com\/wp-content\/uploads\/2023\/03\/Internet_atlantic_gravitar.png","width":1760,"height":1760},{"@type":"WebSite","@id":"https:\/\/internetatlantic.com\/#website","url":"https:\/\/internetatlantic.com\/","name":"Internet Atlantic - Internet, t\u00e9l\u00e9phone et t\u00e9l\u00e9vision \u00e0 domicile","description":"Nous proposons des services Internet, de t\u00e9l\u00e9phonie et de t\u00e9l\u00e9vision pour vous simplifier la vie et vous faire \u00e9conomiser de l'argent.","publisher":{"@id":"https:\/\/internetatlantic.com\/#organization"},"potentialAction":[{"@type":"SearchAction","target":{"@type":"EntryPoint","urlTemplate":"https:\/\/internetatlantic.com\/?s={search_term_string}"},"query-input":{"@type":"PropertyValueSpecification","valueRequired":true,"valueName":"search_term_string"}}],"inLanguage":"fr-CA"},{"@type":"Organization","@id":"https:\/\/internetatlantic.com\/#organization","name":"Internet Atlantic - Internet, t\u00e9l\u00e9phone et t\u00e9l\u00e9vision \u00e0 domicile","url":"https:\/\/internetatlantic.com\/","logo":{"@type":"ImageObject","inLanguage":"fr-CA","@id":"https:\/\/internetatlantic.com\/#\/schema\/logo\/image\/","url":"https:\/\/internetatlantic.com\/wp-content\/uploads\/2022\/04\/cropped-internet-atlantic-favicon.png","contentUrl":"https:\/\/internetatlantic.com\/wp-content\/uploads\/2022\/04\/cropped-internet-atlantic-favicon.png","width":512,"height":512,"caption":"Internet Atlantic - Home Internet, Phone and TV"},"image":{"@id":"https:\/\/internetatlantic.com\/#\/schema\/logo\/image\/"},"sameAs":["https:\/\/www.facebook.com\/blueflagnetworks\/","https:\/\/www.instagram.com\/internetatlantic\/"]}]}},"_links":{"self":[{"href":"https:\/\/internetatlantic.com\/fr\/wp-json\/wp\/v2\/pages\/965","targetHints":{"allow":["GET"]}}],"collection":[{"href":"https:\/\/internetatlantic.com\/fr\/wp-json\/wp\/v2\/pages"}],"about":[{"href":"https:\/\/internetatlantic.com\/fr\/wp-json\/wp\/v2\/types\/page"}],"author":[{"embeddable":true,"href":"https:\/\/internetatlantic.com\/fr\/wp-json\/wp\/v2\/users\/2"}],"replies":[{"embeddable":true,"href":"https:\/\/internetatlantic.com\/fr\/wp-json\/wp\/v2\/comments?post=965"}],"version-history":[{"count":2,"href":"https:\/\/internetatlantic.com\/fr\/wp-json\/wp\/v2\/pages\/965\/revisions"}],"predecessor-version":[{"id":969,"href":"https:\/\/internetatlantic.com\/fr\/wp-json\/wp\/v2\/pages\/965\/revisions\/969"}],"wp:featuredmedia":[{"embeddable":true,"href":"https:\/\/internetatlantic.com\/fr\/wp-json\/wp\/v2\/media\/549"}],"wp:attachment":[{"href":"https:\/\/internetatlantic.com\/fr\/wp-json\/wp\/v2\/media?parent=965"}],"curies":[{"name":"wp","href":"https:\/\/api.w.org\/{rel}","templated":true}]}}